{"id":1681,"date":"2022-06-08T10:08:08","date_gmt":"2022-06-08T08:08:08","guid":{"rendered":"https:\/\/rollentausch.eu\/?page_id=1681"},"modified":"2024-11-15T18:07:21","modified_gmt":"2024-11-15T17:07:21","slug":"koffer-gehaeuse-reparieren","status":"publish","type":"page","link":"https:\/\/rollentausch.eu\/en\/koffer-gehaeuse-reparieren\/","title":{"rendered":"Repair suitcase bodies"},"content":{"rendered":"<div data-elementor-type=\"wp-page\" data-elementor-id=\"1681\" class=\"elementor elementor-1681\">\n\t\t\t\t\t\t<section class=\"elementor-section elementor-top-section elementor-element elementor-element-26fd3c9 elementor-section-boxed elementor-section-height-default elementor-section-height-default\" data-id=\"26fd3c9\" data-element_type=\"section\" data-e-type=\"section\">\n\t\t\t\t\t\t<div class=\"elementor-container elementor-column-gap-default\">\n\t\t\t\t\t<div class=\"elementor-column elementor-col-100 elementor-top-column elementor-element elementor-element-7e2cd6a\" data-id=\"7e2cd6a\" data-element_type=\"column\" data-e-type=\"column\">\n\t\t\t<div class=\"elementor-widget-wrap elementor-element-populated\">\n\t\t\t\t\t\t<div class=\"elementor-element elementor-element-60304ec elementor-widget elementor-widget-heading\" data-id=\"60304ec\" data-element_type=\"widget\" data-e-type=\"widget\" data-widget_type=\"heading.default\">\n\t\t\t\t<div class=\"elementor-widget-container\">\n\t\t\t\t\t<h1 class=\"elementor-heading-title elementor-size-default\">Gerissene Koffergeh\u00e4use reparieren<\/h1>\t\t\t\t<\/div>\n\t\t\t\t<\/div>\n\t\t\t\t\t<\/div>\n\t\t<\/div>\n\t\t\t\t\t<\/div>\n\t\t<\/section>\n\t\t\t\t<section class=\"elementor-section elementor-top-section elementor-element elementor-element-493c1b2 elementor-section-boxed elementor-section-height-default elementor-section-height-default\" data-id=\"493c1b2\" data-element_type=\"section\" data-e-type=\"section\">\n\t\t\t\t\t\t<div class=\"elementor-container elementor-column-gap-default\">\n\t\t\t\t\t<div class=\"elementor-column elementor-col-50 elementor-top-column elementor-element elementor-element-58b2028\" data-id=\"58b2028\" data-element_type=\"column\" data-e-type=\"column\">\n\t\t\t<div class=\"elementor-widget-wrap elementor-element-populated\">\n\t\t\t\t\t\t<div class=\"elementor-element elementor-element-9257799 e-transform elementor-widget elementor-widget-text-editor\" data-id=\"9257799\" data-element_type=\"widget\" data-e-type=\"widget\" data-settings=\"{&quot;_transform_translateX_effect&quot;:{&quot;unit&quot;:&quot;px&quot;,&quot;size&quot;:&quot;&quot;,&quot;sizes&quot;:[]},&quot;_transform_translateX_effect_tablet&quot;:{&quot;unit&quot;:&quot;px&quot;,&quot;size&quot;:&quot;&quot;,&quot;sizes&quot;:[]},&quot;_transform_translateX_effect_mobile&quot;:{&quot;unit&quot;:&quot;px&quot;,&quot;size&quot;:&quot;&quot;,&quot;sizes&quot;:[]},&quot;_transform_translateY_effect&quot;:{&quot;unit&quot;:&quot;px&quot;,&quot;size&quot;:&quot;&quot;,&quot;sizes&quot;:[]},&quot;_transform_translateY_effect_tablet&quot;:{&quot;unit&quot;:&quot;px&quot;,&quot;size&quot;:&quot;&quot;,&quot;sizes&quot;:[]},&quot;_transform_translateY_effect_mobile&quot;:{&quot;unit&quot;:&quot;px&quot;,&quot;size&quot;:&quot;&quot;,&quot;sizes&quot;:[]}}\" data-widget_type=\"text-editor.default\">\n\t\t\t\t<div class=\"elementor-widget-container\">\n\t\t\t\t\t\t\t\t\t<p>Wir k\u00f6nnen gerissene Koffergeh\u00e4use reparieren. Diese werden in der Regel von innen mit Expoxidharz und Glasgewebe beschichtet und erreichen so etwa die vorherige Haltbarkeit, von au\u00dfen sieht man in der Regel nur eine Haarlinie.<\/p><p>Bei sehr stark besch\u00e4digten Koffern &#8211; dort, wo Material herausgebrochen ist &#8211; m\u00fcssen wir allerdings von einer Reparatur abraten oder diese ablehnen.<\/p><p>Leider k\u00f6nnen wir f\u00fcr diese Leistungen keine Festpreise angeben, der Preis h\u00e4ngt vom Einzelfall ab. Die Arbeiten werden von der <a href=\"https:\/\/rollentausch.eu\/en\/annahmestellen\/#Frankfurt\" target=\"_blank\" rel=\"noopener\">Frankfurter Werkgemeinschaft<\/a> und den <a href=\"https:\/\/rollentausch.eu\/en\/annahmestellen\/#Berlin\" target=\"_blank\" rel=\"noopener\">VfJ-Werkst\u00e4tten<\/a> (Berlin-Neuk\u00f6lln) ausgef\u00fchrt. F\u00fcr den Versand fragen Sie bitte dort nach, verwenden Sie <strong>NICHT <\/strong>unsere Standard-Versandadresse in Stuttgart.<\/p>\t\t\t\t\t\t\t\t<\/div>\n\t\t\t\t<\/div>\n\t\t\t\t\t<\/div>\n\t\t<\/div>\n\t\t\t\t<div class=\"elementor-column elementor-col-50 elementor-top-column elementor-element elementor-element-a738d07\" data-id=\"a738d07\" data-element_type=\"column\" data-e-type=\"column\">\n\t\t\t<div class=\"elementor-widget-wrap elementor-element-populated\">\n\t\t\t\t\t\t<div class=\"elementor-element elementor-element-715b9f7 elementor-widget elementor-widget-image\" data-id=\"715b9f7\" data-element_type=\"widget\" data-e-type=\"widget\" data-widget_type=\"image.default\">\n\t\t\t\t<div class=\"elementor-widget-container\">\n\t\t\t\t\t\t\t\t\t\t\t\t<figure class=\"wp-caption\">\n\t\t\t\t\t\t\t\t\t\t<img fetchpriority=\"high\" decoding=\"async\" width=\"768\" height=\"741\" src=\"https:\/\/rollentausch.eu\/wp-content\/uploads\/2022\/06\/IMG-20191229-WA0001-e1654677657664-768x741.jpg\" class=\"attachment-medium_large size-medium_large wp-image-1695\" alt=\"\" srcset=\"https:\/\/rollentausch.eu\/wp-content\/uploads\/2022\/06\/IMG-20191229-WA0001-e1654677657664-768x741.jpg 768w, https:\/\/rollentausch.eu\/wp-content\/uploads\/2022\/06\/IMG-20191229-WA0001-e1654677657664-300x289.jpg 300w, https:\/\/rollentausch.eu\/wp-content\/uploads\/2022\/06\/IMG-20191229-WA0001-e1654677657664-12x12.jpg 12w, https:\/\/rollentausch.eu\/wp-content\/uploads\/2022\/06\/IMG-20191229-WA0001-e1654677657664.jpg 900w\" sizes=\"(max-width: 768px) 100vw, 768px\" \/>\t\t\t\t\t\t\t\t\t\t\t<figcaption class=\"widget-image-caption wp-caption-text\">Hier sind wir leider machtlos.<\/figcaption>\n\t\t\t\t\t\t\t\t\t\t<\/figure>\n\t\t\t\t\t\t\t\t\t<\/div>\n\t\t\t\t<\/div>\n\t\t\t\t\t<\/div>\n\t\t<\/div>\n\t\t\t\t\t<\/div>\n\t\t<\/section>\n\t\t\t\t<\/div>","protected":false},"excerpt":{"rendered":"<p>Gerissene Koffergeh\u00e4use reparieren Wir k\u00f6nnen gerissene Koffergeh\u00e4use reparieren. Diese werden in der Regel von innen mit Expoxidharz und Glasgewebe beschichtet und erreichen so etwa die vorherige Haltbarkeit, von au\u00dfen sieht man in der Regel nur eine Haarlinie. Bei sehr stark besch\u00e4digten Koffern &#8211; dort, wo Material herausgebrochen ist &#8211; m\u00fcssen wir allerdings von einer Reparatur&hellip;&nbsp;<a href=\"https:\/\/rollentausch.eu\/en\/koffer-gehaeuse-reparieren\/\" class=\"\" rel=\"bookmark\">Read More &raquo;<span class=\"screen-reader-text\">Repair suitcase bodies<\/span><\/a><\/p>","protected":false},"author":1,"featured_media":0,"parent":0,"menu_order":0,"comment_status":"closed","ping_status":"closed","template":"page-templates\/template-pagebuilder-full-width.php","meta":{"neve_meta_sidebar":"","neve_meta_container":"","neve_meta_enable_content_width":"","neve_meta_content_width":0,"neve_meta_title_alignment":"","neve_meta_author_avatar":"","neve_post_elements_order":"","neve_meta_disable_header":"","neve_meta_disable_footer":"","neve_meta_disable_title":"","footnotes":""},"class_list":["post-1681","page","type-page","status-publish","hentry"],"yoast_head":"<!-- This site is optimized with the Yoast SEO plugin v27.5 - https:\/\/yoast.com\/product\/yoast-seo-wordpress\/ -->\n<title>Koffer Geh\u00e4use reparieren - Netzwerk Rollentausch<\/title>\n<meta name=\"robots\" content=\"index, follow, max-snippet:-1, max-image-preview:large, max-video-preview:-1\" \/>\n<link rel=\"canonical\" href=\"https:\/\/rollentausch.eu\/en\/koffer-gehaeuse-reparieren\/\" \/>\n<meta property=\"og:locale\" content=\"en_GB\" \/>\n<meta property=\"og:type\" content=\"article\" \/>\n<meta property=\"og:title\" content=\"Koffer Geh\u00e4use reparieren - Netzwerk Rollentausch\" \/>\n<meta property=\"og:description\" content=\"Gerissene Koffergeh\u00e4use reparieren Wir k\u00f6nnen gerissene Koffergeh\u00e4use reparieren. Diese werden in der Regel von innen mit Expoxidharz und Glasgewebe beschichtet und erreichen so etwa die vorherige Haltbarkeit, von au\u00dfen sieht man in der Regel nur eine Haarlinie. Bei sehr stark besch\u00e4digten Koffern &#8211; dort, wo Material herausgebrochen ist &#8211; m\u00fcssen wir allerdings von einer Reparatur&hellip;&nbsp;Read More &raquo;Koffer Geh\u00e4use reparieren\" \/>\n<meta property=\"og:url\" content=\"https:\/\/rollentausch.eu\/en\/koffer-gehaeuse-reparieren\/\" \/>\n<meta property=\"og:site_name\" content=\"Netzwerk Rollentausch\" \/>\n<meta property=\"article:modified_time\" content=\"2024-11-15T17:07:21+00:00\" \/>\n<meta property=\"og:image\" content=\"https:\/\/rollentausch.eu\/wp-content\/uploads\/2022\/06\/IMG-20191229-WA0001-e1654677657664.jpg\" \/>\n\t<meta property=\"og:image:width\" content=\"900\" \/>\n\t<meta property=\"og:image:height\" content=\"868\" \/>\n\t<meta property=\"og:image:type\" content=\"image\/jpeg\" \/>\n<meta name=\"twitter:card\" content=\"summary_large_image\" \/>\n<meta name=\"twitter:label1\" content=\"Estimated reading time\" \/>\n\t<meta name=\"twitter:data1\" content=\"1 minute\" \/>\n<script type=\"application\/ld+json\" class=\"yoast-schema-graph\">{\"@context\":\"https:\\\/\\\/schema.org\",\"@graph\":[{\"@type\":\"WebPage\",\"@id\":\"https:\\\/\\\/rollentausch.eu\\\/koffer-gehaeuse-reparieren\\\/\",\"url\":\"https:\\\/\\\/rollentausch.eu\\\/koffer-gehaeuse-reparieren\\\/\",\"name\":\"Koffer Geh\u00e4use reparieren - Netzwerk Rollentausch\",\"isPartOf\":{\"@id\":\"https:\\\/\\\/rollentausch.eu\\\/#website\"},\"primaryImageOfPage\":{\"@id\":\"https:\\\/\\\/rollentausch.eu\\\/koffer-gehaeuse-reparieren\\\/#primaryimage\"},\"image\":{\"@id\":\"https:\\\/\\\/rollentausch.eu\\\/koffer-gehaeuse-reparieren\\\/#primaryimage\"},\"thumbnailUrl\":\"https:\\\/\\\/rollentausch.eu\\\/wp-content\\\/uploads\\\/2022\\\/06\\\/IMG-20191229-WA0001-e1654677657664-768x741.jpg\",\"datePublished\":\"2022-06-08T08:08:08+00:00\",\"dateModified\":\"2024-11-15T17:07:21+00:00\",\"breadcrumb\":{\"@id\":\"https:\\\/\\\/rollentausch.eu\\\/koffer-gehaeuse-reparieren\\\/#breadcrumb\"},\"inLanguage\":\"en-GB\",\"potentialAction\":[{\"@type\":\"ReadAction\",\"target\":[\"https:\\\/\\\/rollentausch.eu\\\/koffer-gehaeuse-reparieren\\\/\"]}]},{\"@type\":\"ImageObject\",\"inLanguage\":\"en-GB\",\"@id\":\"https:\\\/\\\/rollentausch.eu\\\/koffer-gehaeuse-reparieren\\\/#primaryimage\",\"url\":\"https:\\\/\\\/rollentausch.eu\\\/wp-content\\\/uploads\\\/2022\\\/06\\\/IMG-20191229-WA0001-e1654677657664-768x741.jpg\",\"contentUrl\":\"https:\\\/\\\/rollentausch.eu\\\/wp-content\\\/uploads\\\/2022\\\/06\\\/IMG-20191229-WA0001-e1654677657664-768x741.jpg\"},{\"@type\":\"BreadcrumbList\",\"@id\":\"https:\\\/\\\/rollentausch.eu\\\/koffer-gehaeuse-reparieren\\\/#breadcrumb\",\"itemListElement\":[{\"@type\":\"ListItem\",\"position\":1,\"name\":\"Home\",\"item\":\"https:\\\/\\\/rollentausch.eu\\\/\"},{\"@type\":\"ListItem\",\"position\":2,\"name\":\"Koffer Geh\u00e4use reparieren\"}]},{\"@type\":\"WebSite\",\"@id\":\"https:\\\/\\\/rollentausch.eu\\\/#website\",\"url\":\"https:\\\/\\\/rollentausch.eu\\\/\",\"name\":\"Netzwerk Rollentausch\",\"description\":\"Eine Marke der KomponentenKontor Berlin GmbH\",\"publisher\":{\"@id\":\"https:\\\/\\\/rollentausch.eu\\\/#organization\"},\"potentialAction\":[{\"@type\":\"SearchAction\",\"target\":{\"@type\":\"EntryPoint\",\"urlTemplate\":\"https:\\\/\\\/rollentausch.eu\\\/?s={search_term_string}\"},\"query-input\":{\"@type\":\"PropertyValueSpecification\",\"valueRequired\":true,\"valueName\":\"search_term_string\"}}],\"inLanguage\":\"en-GB\"},{\"@type\":\"Organization\",\"@id\":\"https:\\\/\\\/rollentausch.eu\\\/#organization\",\"name\":\"Netzwerk Rollentausch\",\"url\":\"https:\\\/\\\/rollentausch.eu\\\/\",\"logo\":{\"@type\":\"ImageObject\",\"inLanguage\":\"en-GB\",\"@id\":\"https:\\\/\\\/rollentausch.eu\\\/#\\\/schema\\\/logo\\\/image\\\/\",\"url\":\"https:\\\/\\\/rollentausch.eu\\\/wp-content\\\/uploads\\\/2020\\\/05\\\/cropped-Rollentausch_200x145.png\",\"contentUrl\":\"https:\\\/\\\/rollentausch.eu\\\/wp-content\\\/uploads\\\/2020\\\/05\\\/cropped-Rollentausch_200x145.png\",\"width\":145,\"height\":200,\"caption\":\"Netzwerk Rollentausch\"},\"image\":{\"@id\":\"https:\\\/\\\/rollentausch.eu\\\/#\\\/schema\\\/logo\\\/image\\\/\"}}]}<\/script>\n<!-- \/ Yoast SEO plugin. -->","yoast_head_json":{"title":"Koffer Geh\u00e4use reparieren - Netzwerk Rollentausch","robots":{"index":"index","follow":"follow","max-snippet":"max-snippet:-1","max-image-preview":"max-image-preview:large","max-video-preview":"max-video-preview:-1"},"canonical":"https:\/\/rollentausch.eu\/en\/koffer-gehaeuse-reparieren\/","og_locale":"en_GB","og_type":"article","og_title":"Koffer Geh\u00e4use reparieren - Netzwerk Rollentausch","og_description":"Gerissene Koffergeh\u00e4use reparieren Wir k\u00f6nnen gerissene Koffergeh\u00e4use reparieren. Diese werden in der Regel von innen mit Expoxidharz und Glasgewebe beschichtet und erreichen so etwa die vorherige Haltbarkeit, von au\u00dfen sieht man in der Regel nur eine Haarlinie. Bei sehr stark besch\u00e4digten Koffern &#8211; dort, wo Material herausgebrochen ist &#8211; m\u00fcssen wir allerdings von einer Reparatur&hellip;&nbsp;Read More &raquo;Koffer Geh\u00e4use reparieren","og_url":"https:\/\/rollentausch.eu\/en\/koffer-gehaeuse-reparieren\/","og_site_name":"Netzwerk Rollentausch","article_modified_time":"2024-11-15T17:07:21+00:00","og_image":[{"width":900,"height":868,"url":"https:\/\/rollentausch.eu\/wp-content\/uploads\/2022\/06\/IMG-20191229-WA0001-e1654677657664.jpg","type":"image\/jpeg"}],"twitter_card":"summary_large_image","twitter_misc":{"Estimated reading time":"1 minute"},"schema":{"@context":"https:\/\/schema.org","@graph":[{"@type":"WebPage","@id":"https:\/\/rollentausch.eu\/koffer-gehaeuse-reparieren\/","url":"https:\/\/rollentausch.eu\/koffer-gehaeuse-reparieren\/","name":"Koffer Geh\u00e4use reparieren - Netzwerk Rollentausch","isPartOf":{"@id":"https:\/\/rollentausch.eu\/#website"},"primaryImageOfPage":{"@id":"https:\/\/rollentausch.eu\/koffer-gehaeuse-reparieren\/#primaryimage"},"image":{"@id":"https:\/\/rollentausch.eu\/koffer-gehaeuse-reparieren\/#primaryimage"},"thumbnailUrl":"https:\/\/rollentausch.eu\/wp-content\/uploads\/2022\/06\/IMG-20191229-WA0001-e1654677657664-768x741.jpg","datePublished":"2022-06-08T08:08:08+00:00","dateModified":"2024-11-15T17:07:21+00:00","breadcrumb":{"@id":"https:\/\/rollentausch.eu\/koffer-gehaeuse-reparieren\/#breadcrumb"},"inLanguage":"en-GB","potentialAction":[{"@type":"ReadAction","target":["https:\/\/rollentausch.eu\/koffer-gehaeuse-reparieren\/"]}]},{"@type":"ImageObject","inLanguage":"en-GB","@id":"https:\/\/rollentausch.eu\/koffer-gehaeuse-reparieren\/#primaryimage","url":"https:\/\/rollentausch.eu\/wp-content\/uploads\/2022\/06\/IMG-20191229-WA0001-e1654677657664-768x741.jpg","contentUrl":"https:\/\/rollentausch.eu\/wp-content\/uploads\/2022\/06\/IMG-20191229-WA0001-e1654677657664-768x741.jpg"},{"@type":"BreadcrumbList","@id":"https:\/\/rollentausch.eu\/koffer-gehaeuse-reparieren\/#breadcrumb","itemListElement":[{"@type":"ListItem","position":1,"name":"Home","item":"https:\/\/rollentausch.eu\/"},{"@type":"ListItem","position":2,"name":"Koffer Geh\u00e4use reparieren"}]},{"@type":"WebSite","@id":"https:\/\/rollentausch.eu\/#website","url":"https:\/\/rollentausch.eu\/","name":"Network for Wheels Replacement","description":"Eine Marke der KomponentenKontor Berlin GmbH","publisher":{"@id":"https:\/\/rollentausch.eu\/#organization"},"potentialAction":[{"@type":"SearchAction","target":{"@type":"EntryPoint","urlTemplate":"https:\/\/rollentausch.eu\/?s={search_term_string}"},"query-input":{"@type":"PropertyValueSpecification","valueRequired":true,"valueName":"search_term_string"}}],"inLanguage":"en-GB"},{"@type":"Organization","@id":"https:\/\/rollentausch.eu\/#organization","name":"Network for Wheels Replacement","url":"https:\/\/rollentausch.eu\/","logo":{"@type":"ImageObject","inLanguage":"en-GB","@id":"https:\/\/rollentausch.eu\/#\/schema\/logo\/image\/","url":"https:\/\/rollentausch.eu\/wp-content\/uploads\/2020\/05\/cropped-Rollentausch_200x145.png","contentUrl":"https:\/\/rollentausch.eu\/wp-content\/uploads\/2020\/05\/cropped-Rollentausch_200x145.png","width":145,"height":200,"caption":"Netzwerk Rollentausch"},"image":{"@id":"https:\/\/rollentausch.eu\/#\/schema\/logo\/image\/"}}]}},"_links":{"self":[{"href":"https:\/\/rollentausch.eu\/en\/wp-json\/wp\/v2\/pages\/1681","targetHints":{"allow":["GET"]}}],"collection":[{"href":"https:\/\/rollentausch.eu\/en\/wp-json\/wp\/v2\/pages"}],"about":[{"href":"https:\/\/rollentausch.eu\/en\/wp-json\/wp\/v2\/types\/page"}],"author":[{"embeddable":true,"href":"https:\/\/rollentausch.eu\/en\/wp-json\/wp\/v2\/users\/1"}],"replies":[{"embeddable":true,"href":"https:\/\/rollentausch.eu\/en\/wp-json\/wp\/v2\/comments?post=1681"}],"version-history":[{"count":0,"href":"https:\/\/rollentausch.eu\/en\/wp-json\/wp\/v2\/pages\/1681\/revisions"}],"wp:attachment":[{"href":"https:\/\/rollentausch.eu\/en\/wp-json\/wp\/v2\/media?parent=1681"}],"curies":[{"name":"wp","href":"https:\/\/api.w.org\/{rel}","templated":true}]}}