{"id":177,"date":"2020-02-21T03:37:33","date_gmt":"2020-02-21T03:37:33","guid":{"rendered":"https:\/\/rollentausch.eu\/?page_id=177"},"modified":"2026-04-11T14:36:06","modified_gmt":"2026-04-11T12:36:06","slug":"samsonite-titan-stratic-egal-wir-sind-herstellerunabhaengig","status":"publish","type":"page","link":"https:\/\/rollentausch.eu\/en\/samsonite-titan-stratic-egal-wir-sind-herstellerunabhaengig\/","title":{"rendered":"Brands"},"content":{"rendered":"<div data-elementor-type=\"wp-page\" data-elementor-id=\"177\" class=\"elementor elementor-177\">\n\t\t\t\t\t\t<section class=\"elementor-section elementor-top-section elementor-element elementor-element-3c1a2b56 elementor-section-boxed elementor-section-height-default elementor-section-height-default\" data-id=\"3c1a2b56\" data-element_type=\"section\" data-e-type=\"section\">\n\t\t\t\t\t\t<div class=\"elementor-container elementor-column-gap-default\">\n\t\t\t\t\t<div class=\"elementor-column elementor-col-100 elementor-top-column elementor-element elementor-element-1955cb00\" data-id=\"1955cb00\" data-element_type=\"column\" data-e-type=\"column\">\n\t\t\t<div class=\"elementor-widget-wrap elementor-element-populated\">\n\t\t\t\t\t\t<div class=\"elementor-element elementor-element-11da7a9a elementor-widget elementor-widget-text-editor\" data-id=\"11da7a9a\" data-element_type=\"widget\" data-e-type=\"widget\" data-widget_type=\"text-editor.default\">\n\t\t\t\t<div class=\"elementor-widget-container\">\n\t\t\t\t\t\t\t\t\t<p>Wir arbeiten herstellerunabh\u00e4ngig.<\/p>\n<p>Unsere Ersatz Rollen beziehen wir direkt von der Industrie, so sind wir nicht auf Original-Ersatzteile angewiesen. Leider sind auch bei renommierten Marken wie Titan, Samsonite, Delsey, Travellite, Reisenthel und anderen oft nach einigen Jahren keine Ersatzteile mehr verf\u00fcgbar. Hier k\u00f6nnen wir weiterhelfen und auch f\u00fcr alte Serien Reparaturen anbieten.<\/p>\n<p>Rollen mit Durchmesser von 30mm, 40mm, 42mm, 50mm, 60mm, 64mm, 70mm, 72mm, 76mm, 80mm, 84mm, 90mm, 100mm, 110mm, 120mm und 145mm (Breiten 18, 20, 24 und 30mm) haben wir auf Lager, andere besorgen oder passen sie aus unserem Bestand an.<\/p>\n<p><\/p>\n<p><\/p>\t\t\t\t\t\t\t\t<\/div>\n\t\t\t\t<\/div>\n\t\t\t\t\t<\/div>\n\t\t<\/div>\n\t\t\t\t\t<\/div>\n\t\t<\/section>\n\t\t\t\t<\/div>","protected":false},"excerpt":{"rendered":"<p>Wir arbeiten herstellerunabh\u00e4ngig. Unsere Ersatz Rollen beziehen wir direkt von der Industrie, so sind wir nicht auf Original-Ersatzteile angewiesen. Leider sind auch bei renommierten Marken wie Titan, Samsonite, Delsey, Travellite, Reisenthel und anderen oft nach einigen Jahren keine Ersatzteile mehr verf\u00fcgbar. Hier k\u00f6nnen wir weiterhelfen und auch f\u00fcr alte Serien Reparaturen anbieten. Rollen mit Durchmesser&hellip;&nbsp;<a href=\"https:\/\/rollentausch.eu\/en\/samsonite-titan-stratic-egal-wir-sind-herstellerunabhaengig\/\" class=\"\" rel=\"bookmark\">Read More &raquo;<span class=\"screen-reader-text\">Brands<\/span><\/a><\/p>","protected":false},"author":1,"featured_media":0,"parent":0,"menu_order":0,"comment_status":"closed","ping_status":"closed","template":"","meta":{"neve_meta_sidebar":"","neve_meta_container":"","neve_meta_enable_content_width":"off","neve_meta_content_width":0,"neve_meta_title_alignment":"","neve_meta_author_avatar":"","neve_post_elements_order":"","neve_meta_disable_header":"","neve_meta_disable_footer":"","neve_meta_disable_title":"","footnotes":""},"class_list":["post-177","page","type-page","status-publish","hentry"],"yoast_head":"<!-- This site is optimized with the Yoast SEO plugin v27.6 - https:\/\/yoast.com\/product\/yoast-seo-wordpress\/ -->\n<title>Wir tauschen Rollen von Koffern aller Marken !<\/title>\n<meta name=\"description\" content=\"Samsonite, Titan, Stratic, Saxoline, Travelite, Premium Luggage, Delsey, Fabrizio, oder no name? Egal! Auch Koffer alter Serien sind uns willkommen.\" \/>\n<meta name=\"robots\" content=\"index, follow, max-snippet:-1, max-image-preview:large, max-video-preview:-1\" \/>\n<link rel=\"canonical\" href=\"https:\/\/rollentausch.eu\/en\/samsonite-titan-stratic-egal-wir-sind-herstellerunabhaengig\/\" \/>\n<meta property=\"og:locale\" content=\"en_GB\" \/>\n<meta property=\"og:type\" content=\"article\" \/>\n<meta property=\"og:title\" content=\"Wir tauschen Rollen von Koffern aller Marken !\" \/>\n<meta property=\"og:description\" content=\"Samsonite, Titan, Stratic, Saxoline, Travelite, Premium Luggage, Delsey, Fabrizio, oder no name? Egal! Auch Koffer alter Serien sind uns willkommen.\" \/>\n<meta property=\"og:url\" content=\"https:\/\/rollentausch.eu\/en\/samsonite-titan-stratic-egal-wir-sind-herstellerunabhaengig\/\" \/>\n<meta property=\"og:site_name\" content=\"Netzwerk Rollentausch\" \/>\n<meta property=\"article:modified_time\" content=\"2026-04-11T12:36:06+00:00\" \/>\n<meta name=\"twitter:card\" content=\"summary_large_image\" \/>\n<meta name=\"twitter:label1\" content=\"Estimated reading time\" \/>\n\t<meta name=\"twitter:data1\" content=\"1 minute\" \/>\n<script type=\"application\/ld+json\" class=\"yoast-schema-graph\">{\"@context\":\"https:\\\/\\\/schema.org\",\"@graph\":[{\"@type\":\"WebPage\",\"@id\":\"https:\\\/\\\/rollentausch.eu\\\/samsonite-titan-stratic-egal-wir-sind-herstellerunabhaengig\\\/\",\"url\":\"https:\\\/\\\/rollentausch.eu\\\/samsonite-titan-stratic-egal-wir-sind-herstellerunabhaengig\\\/\",\"name\":\"Wir tauschen Rollen von Koffern aller Marken !\",\"isPartOf\":{\"@id\":\"https:\\\/\\\/rollentausch.eu\\\/#website\"},\"datePublished\":\"2020-02-21T03:37:33+00:00\",\"dateModified\":\"2026-04-11T12:36:06+00:00\",\"description\":\"Samsonite, Titan, Stratic, Saxoline, Travelite, Premium Luggage, Delsey, Fabrizio, oder no name? Egal! Auch Koffer alter Serien sind uns willkommen.\",\"breadcrumb\":{\"@id\":\"https:\\\/\\\/rollentausch.eu\\\/samsonite-titan-stratic-egal-wir-sind-herstellerunabhaengig\\\/#breadcrumb\"},\"inLanguage\":\"en-GB\",\"potentialAction\":[{\"@type\":\"ReadAction\",\"target\":[\"https:\\\/\\\/rollentausch.eu\\\/samsonite-titan-stratic-egal-wir-sind-herstellerunabhaengig\\\/\"]}]},{\"@type\":\"BreadcrumbList\",\"@id\":\"https:\\\/\\\/rollentausch.eu\\\/samsonite-titan-stratic-egal-wir-sind-herstellerunabhaengig\\\/#breadcrumb\",\"itemListElement\":[{\"@type\":\"ListItem\",\"position\":1,\"name\":\"Home\",\"item\":\"https:\\\/\\\/rollentausch.eu\\\/\"},{\"@type\":\"ListItem\",\"position\":2,\"name\":\"Marken\"}]},{\"@type\":\"WebSite\",\"@id\":\"https:\\\/\\\/rollentausch.eu\\\/#website\",\"url\":\"https:\\\/\\\/rollentausch.eu\\\/\",\"name\":\"Netzwerk Rollentausch\",\"description\":\"Eine Marke der KomponentenKontor Berlin GmbH\",\"publisher\":{\"@id\":\"https:\\\/\\\/rollentausch.eu\\\/#organization\"},\"potentialAction\":[{\"@type\":\"SearchAction\",\"target\":{\"@type\":\"EntryPoint\",\"urlTemplate\":\"https:\\\/\\\/rollentausch.eu\\\/?s={search_term_string}\"},\"query-input\":{\"@type\":\"PropertyValueSpecification\",\"valueRequired\":true,\"valueName\":\"search_term_string\"}}],\"inLanguage\":\"en-GB\"},{\"@type\":\"Organization\",\"@id\":\"https:\\\/\\\/rollentausch.eu\\\/#organization\",\"name\":\"Netzwerk Rollentausch\",\"url\":\"https:\\\/\\\/rollentausch.eu\\\/\",\"logo\":{\"@type\":\"ImageObject\",\"inLanguage\":\"en-GB\",\"@id\":\"https:\\\/\\\/rollentausch.eu\\\/#\\\/schema\\\/logo\\\/image\\\/\",\"url\":\"https:\\\/\\\/rollentausch.eu\\\/wp-content\\\/uploads\\\/2020\\\/05\\\/cropped-Rollentausch_200x145.png\",\"contentUrl\":\"https:\\\/\\\/rollentausch.eu\\\/wp-content\\\/uploads\\\/2020\\\/05\\\/cropped-Rollentausch_200x145.png\",\"width\":145,\"height\":200,\"caption\":\"Netzwerk Rollentausch\"},\"image\":{\"@id\":\"https:\\\/\\\/rollentausch.eu\\\/#\\\/schema\\\/logo\\\/image\\\/\"}}]}<\/script>\n<!-- \/ Yoast SEO plugin. -->","yoast_head_json":{"title":"Wir tauschen Rollen von Koffern aller Marken !","description":"Samsonite, Titan, Stratic, Saxoline, Travelite, Premium Luggage, Delsey, Fabrizio, oder no name? Egal! Auch Koffer alter Serien sind uns willkommen.","robots":{"index":"index","follow":"follow","max-snippet":"max-snippet:-1","max-image-preview":"max-image-preview:large","max-video-preview":"max-video-preview:-1"},"canonical":"https:\/\/rollentausch.eu\/en\/samsonite-titan-stratic-egal-wir-sind-herstellerunabhaengig\/","og_locale":"en_GB","og_type":"article","og_title":"Wir tauschen Rollen von Koffern aller Marken !","og_description":"Samsonite, Titan, Stratic, Saxoline, Travelite, Premium Luggage, Delsey, Fabrizio, oder no name? Egal! Auch Koffer alter Serien sind uns willkommen.","og_url":"https:\/\/rollentausch.eu\/en\/samsonite-titan-stratic-egal-wir-sind-herstellerunabhaengig\/","og_site_name":"Netzwerk Rollentausch","article_modified_time":"2026-04-11T12:36:06+00:00","twitter_card":"summary_large_image","twitter_misc":{"Estimated reading time":"1 minute"},"schema":{"@context":"https:\/\/schema.org","@graph":[{"@type":"WebPage","@id":"https:\/\/rollentausch.eu\/samsonite-titan-stratic-egal-wir-sind-herstellerunabhaengig\/","url":"https:\/\/rollentausch.eu\/samsonite-titan-stratic-egal-wir-sind-herstellerunabhaengig\/","name":"Wir tauschen Rollen von Koffern aller Marken !","isPartOf":{"@id":"https:\/\/rollentausch.eu\/#website"},"datePublished":"2020-02-21T03:37:33+00:00","dateModified":"2026-04-11T12:36:06+00:00","description":"Samsonite, Titan, Stratic, Saxoline, Travelite, Premium Luggage, Delsey, Fabrizio, oder no name? Egal! Auch Koffer alter Serien sind uns willkommen.","breadcrumb":{"@id":"https:\/\/rollentausch.eu\/samsonite-titan-stratic-egal-wir-sind-herstellerunabhaengig\/#breadcrumb"},"inLanguage":"en-GB","potentialAction":[{"@type":"ReadAction","target":["https:\/\/rollentausch.eu\/samsonite-titan-stratic-egal-wir-sind-herstellerunabhaengig\/"]}]},{"@type":"BreadcrumbList","@id":"https:\/\/rollentausch.eu\/samsonite-titan-stratic-egal-wir-sind-herstellerunabhaengig\/#breadcrumb","itemListElement":[{"@type":"ListItem","position":1,"name":"Home","item":"https:\/\/rollentausch.eu\/"},{"@type":"ListItem","position":2,"name":"Marken"}]},{"@type":"WebSite","@id":"https:\/\/rollentausch.eu\/#website","url":"https:\/\/rollentausch.eu\/","name":"Network for Wheels Replacement","description":"Eine Marke der KomponentenKontor Berlin GmbH","publisher":{"@id":"https:\/\/rollentausch.eu\/#organization"},"potentialAction":[{"@type":"SearchAction","target":{"@type":"EntryPoint","urlTemplate":"https:\/\/rollentausch.eu\/?s={search_term_string}"},"query-input":{"@type":"PropertyValueSpecification","valueRequired":true,"valueName":"search_term_string"}}],"inLanguage":"en-GB"},{"@type":"Organization","@id":"https:\/\/rollentausch.eu\/#organization","name":"Network for Wheels Replacement","url":"https:\/\/rollentausch.eu\/","logo":{"@type":"ImageObject","inLanguage":"en-GB","@id":"https:\/\/rollentausch.eu\/#\/schema\/logo\/image\/","url":"https:\/\/rollentausch.eu\/wp-content\/uploads\/2020\/05\/cropped-Rollentausch_200x145.png","contentUrl":"https:\/\/rollentausch.eu\/wp-content\/uploads\/2020\/05\/cropped-Rollentausch_200x145.png","width":145,"height":200,"caption":"Netzwerk Rollentausch"},"image":{"@id":"https:\/\/rollentausch.eu\/#\/schema\/logo\/image\/"}}]}},"_links":{"self":[{"href":"https:\/\/rollentausch.eu\/en\/wp-json\/wp\/v2\/pages\/177","targetHints":{"allow":["GET"]}}],"collection":[{"href":"https:\/\/rollentausch.eu\/en\/wp-json\/wp\/v2\/pages"}],"about":[{"href":"https:\/\/rollentausch.eu\/en\/wp-json\/wp\/v2\/types\/page"}],"author":[{"embeddable":true,"href":"https:\/\/rollentausch.eu\/en\/wp-json\/wp\/v2\/users\/1"}],"replies":[{"embeddable":true,"href":"https:\/\/rollentausch.eu\/en\/wp-json\/wp\/v2\/comments?post=177"}],"version-history":[{"count":9,"href":"https:\/\/rollentausch.eu\/en\/wp-json\/wp\/v2\/pages\/177\/revisions"}],"predecessor-version":[{"id":3621,"href":"https:\/\/rollentausch.eu\/en\/wp-json\/wp\/v2\/pages\/177\/revisions\/3621"}],"wp:attachment":[{"href":"https:\/\/rollentausch.eu\/en\/wp-json\/wp\/v2\/media?parent=177"}],"curies":[{"name":"wp","href":"https:\/\/api.w.org\/{rel}","templated":true}]}}