{"id":180,"date":"2020-02-21T04:00:32","date_gmt":"2020-02-21T04:00:32","guid":{"rendered":"https:\/\/rollentausch.eu\/?page_id=180"},"modified":"2024-10-24T14:36:44","modified_gmt":"2024-10-24T12:36:44","slug":"sonderloesungen","status":"publish","type":"page","link":"https:\/\/rollentausch.eu\/en\/sonderloesungen\/","title":{"rendered":"special solutions"},"content":{"rendered":"<div data-elementor-type=\"wp-page\" data-elementor-id=\"180\" class=\"elementor elementor-180\">\n\t\t\t\t\t\t<section class=\"elementor-section elementor-top-section elementor-element elementor-element-f82401a elementor-section-boxed elementor-section-height-default elementor-section-height-default\" data-id=\"f82401a\" data-element_type=\"section\" data-e-type=\"section\">\n\t\t\t\t\t\t<div class=\"elementor-container elementor-column-gap-default\">\n\t\t\t\t\t<div class=\"elementor-column elementor-col-100 elementor-top-column elementor-element elementor-element-062f90b\" data-id=\"062f90b\" data-element_type=\"column\" data-e-type=\"column\">\n\t\t\t<div class=\"elementor-widget-wrap elementor-element-populated\">\n\t\t\t\t\t\t<div class=\"elementor-element elementor-element-e6bf375 elementor-widget elementor-widget-heading\" data-id=\"e6bf375\" data-element_type=\"widget\" data-e-type=\"widget\" data-widget_type=\"heading.default\">\n\t\t\t\t<div class=\"elementor-widget-container\">\n\t\t\t\t\t<h1 class=\"elementor-heading-title elementor-size-default\">special solutions<\/h1>\t\t\t\t<\/div>\n\t\t\t\t<\/div>\n\t\t\t\t\t<\/div>\n\t\t<\/div>\n\t\t\t\t\t<\/div>\n\t\t<\/section>\n\t\t\t\t<section class=\"elementor-section elementor-top-section elementor-element elementor-element-7495ae1 elementor-section-boxed elementor-section-height-default elementor-section-height-default\" data-id=\"7495ae1\" data-element_type=\"section\" data-e-type=\"section\">\n\t\t\t\t\t\t<div class=\"elementor-container elementor-column-gap-default\">\n\t\t\t\t\t<div class=\"elementor-column elementor-col-100 elementor-top-column elementor-element elementor-element-d6dbf68\" data-id=\"d6dbf68\" data-element_type=\"column\" data-e-type=\"column\">\n\t\t\t<div class=\"elementor-widget-wrap\">\n\t\t\t\t\t\t\t<\/div>\n\t\t<\/div>\n\t\t\t\t\t<\/div>\n\t\t<\/section>\n\t\t\t\t<section class=\"elementor-section elementor-top-section elementor-element elementor-element-ee7e185 elementor-section-boxed elementor-section-height-default elementor-section-height-default\" data-id=\"ee7e185\" data-element_type=\"section\" data-e-type=\"section\">\n\t\t\t\t\t\t<div class=\"elementor-container elementor-column-gap-default\">\n\t\t\t\t\t<div class=\"elementor-column elementor-col-100 elementor-top-column elementor-element elementor-element-3fe0450\" data-id=\"3fe0450\" data-element_type=\"column\" data-e-type=\"column\">\n\t\t\t<div class=\"elementor-widget-wrap elementor-element-populated\">\n\t\t\t\t\t\t<section class=\"elementor-section elementor-inner-section elementor-element elementor-element-aa39ed5 elementor-section-boxed elementor-section-height-default elementor-section-height-default\" data-id=\"aa39ed5\" data-element_type=\"section\" data-e-type=\"section\">\n\t\t\t\t\t\t<div class=\"elementor-container elementor-column-gap-default\">\n\t\t\t\t\t<div class=\"elementor-column elementor-col-50 elementor-inner-column elementor-element elementor-element-eadd2c2\" data-id=\"eadd2c2\" data-element_type=\"column\" data-e-type=\"column\">\n\t\t\t<div class=\"elementor-widget-wrap elementor-element-populated\">\n\t\t\t\t\t\t<div class=\"elementor-element elementor-element-0fd77a5 elementor-widget elementor-widget-text-editor\" data-id=\"0fd77a5\" data-element_type=\"widget\" data-e-type=\"widget\" data-widget_type=\"text-editor.default\">\n\t\t\t\t<div class=\"elementor-widget-container\">\n\t\t\t\t\t\t\t\t\t<h3>Suitcase feet<\/h3><p>Lost or broken, we mostly can re-manufacture them in 3D-printing. Please <a href=\"https:\/\/rollentausch.eu\/en\/kontakt\/\" target=\"_blank\" rel=\"noopener\">contact<\/a> us.<\/p>\t\t\t\t\t\t\t\t<\/div>\n\t\t\t\t<\/div>\n\t\t\t\t\t<\/div>\n\t\t<\/div>\n\t\t\t\t<div class=\"elementor-column elementor-col-50 elementor-inner-column elementor-element elementor-element-f7e28d8\" data-id=\"f7e28d8\" data-element_type=\"column\" data-e-type=\"column\">\n\t\t\t<div class=\"elementor-widget-wrap elementor-element-populated\">\n\t\t\t\t\t\t<div class=\"elementor-element elementor-element-cc326c0 elementor-widget elementor-widget-image\" data-id=\"cc326c0\" data-element_type=\"widget\" data-e-type=\"widget\" data-widget_type=\"image.default\">\n\t\t\t\t<div class=\"elementor-widget-container\">\n\t\t\t\t\t\t\t\t\t\t\t\t\t\t\t<img fetchpriority=\"high\" decoding=\"async\" width=\"300\" height=\"225\" src=\"https:\/\/rollentausch.eu\/wp-content\/uploads\/2021\/04\/SDC14345-1024x768.jpg\" class=\"attachment-large size-large wp-image-1376\" alt=\"\" srcset=\"https:\/\/rollentausch.eu\/wp-content\/uploads\/2021\/04\/SDC14345-1024x768.jpg 1024w, https:\/\/rollentausch.eu\/wp-content\/uploads\/2021\/04\/SDC14345-300x225.jpg 300w, https:\/\/rollentausch.eu\/wp-content\/uploads\/2021\/04\/SDC14345-768x576.jpg 768w, https:\/\/rollentausch.eu\/wp-content\/uploads\/2021\/04\/SDC14345-1536x1152.jpg 1536w, https:\/\/rollentausch.eu\/wp-content\/uploads\/2021\/04\/SDC14345-2048x1536.jpg 2048w\" sizes=\"(max-width: 300px) 100vw, 300px\" \/>\t\t\t\t\t\t\t\t\t\t\t\t\t\t\t<\/div>\n\t\t\t\t<\/div>\n\t\t\t\t\t<\/div>\n\t\t<\/div>\n\t\t\t\t\t<\/div>\n\t\t<\/section>\n\t\t\t\t\t<\/div>\n\t\t<\/div>\n\t\t\t\t\t<\/div>\n\t\t<\/section>\n\t\t\t\t<section class=\"elementor-section elementor-top-section elementor-element elementor-element-34fdd7e elementor-section-boxed elementor-section-height-default elementor-section-height-default\" data-id=\"34fdd7e\" data-element_type=\"section\" data-e-type=\"section\">\n\t\t\t\t\t\t<div class=\"elementor-container elementor-column-gap-default\">\n\t\t\t\t\t<div class=\"elementor-column elementor-col-100 elementor-top-column elementor-element elementor-element-0339f04\" data-id=\"0339f04\" data-element_type=\"column\" data-e-type=\"column\">\n\t\t\t<div class=\"elementor-widget-wrap elementor-element-populated\">\n\t\t\t\t\t\t<div class=\"elementor-element elementor-element-e20c60d elementor-widget elementor-widget-text-editor\" data-id=\"e20c60d\" data-element_type=\"widget\" data-e-type=\"widget\" data-widget_type=\"text-editor.default\">\n\t\t\t\t<div class=\"elementor-widget-container\">\n\t\t\t\t\t\t\t\t\t<h3>music instrument cases<\/h3><p>Auch gro\u00dfe Instrumentenkoffer haben R\u00e4der, die kaputt gehen k\u00f6nnen. In unserer Werkstatt hatten wir schon R\u00e4der f\u00fcr Kontraba\u00df und Keyboard, Harfe, Violoncello und was da sonst noch alles t\u00f6nt.\u00a0<\/p><p>Mit unserem gro\u00dfen Lagerbestand an verschiedenen Radgr\u00f6\u00dfen k\u00f6nnen wir oft helfen, <a href=\"https:\/\/rollentausch.eu\/en\/kontakt\/\" target=\"_blank\" rel=\"noopener\">bitte fragen Sie uns<\/a> !<\/p>\t\t\t\t\t\t\t\t<\/div>\n\t\t\t\t<\/div>\n\t\t\t\t\t<\/div>\n\t\t<\/div>\n\t\t\t\t\t<\/div>\n\t\t<\/section>\n\t\t\t\t<section class=\"elementor-section elementor-top-section elementor-element elementor-element-403627b elementor-section-boxed elementor-section-height-default elementor-section-height-default\" data-id=\"403627b\" data-element_type=\"section\" data-e-type=\"section\">\n\t\t\t\t\t\t<div class=\"elementor-container elementor-column-gap-default\">\n\t\t\t\t\t<div class=\"elementor-column elementor-col-100 elementor-top-column elementor-element elementor-element-8c9a10a\" data-id=\"8c9a10a\" data-element_type=\"column\" data-e-type=\"column\">\n\t\t\t<div class=\"elementor-widget-wrap elementor-element-populated\">\n\t\t\t\t\t\t<div class=\"elementor-element elementor-element-2caa42c elementor-widget elementor-widget-text-editor\" data-id=\"2caa42c\" data-element_type=\"widget\" data-e-type=\"widget\" data-widget_type=\"text-editor.default\">\n\t\t\t\t<div class=\"elementor-widget-container\">\n\t\t\t\t\t\t\t\t\t<h3>special suitcases<\/h3><p>Pilotenkoffer, Werkzeugkoffer, Einkaufstrolley, Kinderwagen etc\u2026.? \u2013 <a href=\"https:\/\/rollentausch.eu\/en\/kontakt\/\" target=\"_blank\" rel=\"noopener\">Bitte fragen Sie uns<\/a>, meistens finden wir eine L\u00f6sung.<\/p>\t\t\t\t\t\t\t\t<\/div>\n\t\t\t\t<\/div>\n\t\t\t\t\t<\/div>\n\t\t<\/div>\n\t\t\t\t\t<\/div>\n\t\t<\/section>\n\t\t\t\t<\/div>","protected":false},"excerpt":{"rendered":"<p>Sonderl\u00f6sungen Standf\u00fc\u00dfe &#8211; Kofferf\u00fc\u00dfe Verlorene oder gebrochene Standf\u00fc\u00dfe k\u00f6nnen wir meistens im 3D-Druckverfahren nachfertigen. Bitte nehmen sie Kontakt mit uns auf. Musikinstrumenten-Koffer Auch gro\u00dfe Instrumentenkoffer haben R\u00e4der, die kaputt gehen k\u00f6nnen. In unserer Werkstatt hatten wir schon R\u00e4der f\u00fcr Kontraba\u00df und Keyboard, Harfe, Violoncello und was da sonst noch alles t\u00f6nt.\u00a0 Mit unserem gro\u00dfen Lagerbestand&hellip;&nbsp;<a href=\"https:\/\/rollentausch.eu\/en\/sonderloesungen\/\" class=\"\" rel=\"bookmark\">Read More &raquo;<span class=\"screen-reader-text\">special solutions<\/span><\/a><\/p>","protected":false},"author":1,"featured_media":0,"parent":0,"menu_order":0,"comment_status":"closed","ping_status":"closed","template":"page-templates\/template-pagebuilder-full-width.php","meta":{"neve_meta_sidebar":"","neve_meta_container":"","neve_meta_enable_content_width":"off","neve_meta_content_width":0,"neve_meta_title_alignment":"","neve_meta_author_avatar":"","neve_post_elements_order":"","neve_meta_disable_header":"","neve_meta_disable_footer":"","neve_meta_disable_title":"","footnotes":""},"class_list":["post-180","page","type-page","status-publish","hentry"],"yoast_head":"<!-- This site is optimized with the Yoast SEO plugin v27.6 - https:\/\/yoast.com\/product\/yoast-seo-wordpress\/ -->\n<title>Sonderl\u00f6sungen - Netzwerk Rollentausch<\/title>\n<meta name=\"description\" content=\"Komplett zerst\u00f6rte Rollen, verlorene Standf\u00fc\u00dfe \/ Kofferf\u00fcsse, Pilotenkoffer, Musik-Instrumentenkoffer f\u00fcr Kontraba\u00df, Harfe, Keyboard - wir k\u00f6nnen meistens helfen.\" \/>\n<meta name=\"robots\" content=\"index, follow, max-snippet:-1, max-image-preview:large, max-video-preview:-1\" \/>\n<link rel=\"canonical\" href=\"https:\/\/rollentausch.eu\/en\/sonderloesungen\/\" \/>\n<meta property=\"og:locale\" content=\"en_GB\" \/>\n<meta property=\"og:type\" content=\"article\" \/>\n<meta property=\"og:title\" content=\"Sonderl\u00f6sungen - Netzwerk Rollentausch\" \/>\n<meta property=\"og:description\" content=\"Komplett zerst\u00f6rte Rollen, verlorene Standf\u00fc\u00dfe \/ Kofferf\u00fcsse, Pilotenkoffer, Musik-Instrumentenkoffer f\u00fcr Kontraba\u00df, Harfe, Keyboard - wir k\u00f6nnen meistens helfen.\" \/>\n<meta property=\"og:url\" content=\"https:\/\/rollentausch.eu\/en\/sonderloesungen\/\" \/>\n<meta property=\"og:site_name\" content=\"Netzwerk Rollentausch\" \/>\n<meta property=\"article:modified_time\" content=\"2024-10-24T12:36:44+00:00\" \/>\n<meta property=\"og:image\" content=\"https:\/\/rollentausch.eu\/wp-content\/uploads\/2021\/04\/SDC14345-scaled.jpg\" \/>\n\t<meta property=\"og:image:width\" content=\"2560\" \/>\n\t<meta property=\"og:image:height\" content=\"1920\" \/>\n\t<meta property=\"og:image:type\" content=\"image\/jpeg\" \/>\n<meta name=\"twitter:card\" content=\"summary_large_image\" \/>\n<meta name=\"twitter:label1\" content=\"Estimated reading time\" \/>\n\t<meta name=\"twitter:data1\" content=\"1 minute\" \/>\n<script type=\"application\/ld+json\" class=\"yoast-schema-graph\">{\"@context\":\"https:\\\/\\\/schema.org\",\"@graph\":[{\"@type\":\"WebPage\",\"@id\":\"https:\\\/\\\/rollentausch.eu\\\/sonderloesungen\\\/\",\"url\":\"https:\\\/\\\/rollentausch.eu\\\/sonderloesungen\\\/\",\"name\":\"Sonderl\u00f6sungen - Netzwerk Rollentausch\",\"isPartOf\":{\"@id\":\"https:\\\/\\\/rollentausch.eu\\\/#website\"},\"primaryImageOfPage\":{\"@id\":\"https:\\\/\\\/rollentausch.eu\\\/sonderloesungen\\\/#primaryimage\"},\"image\":{\"@id\":\"https:\\\/\\\/rollentausch.eu\\\/sonderloesungen\\\/#primaryimage\"},\"thumbnailUrl\":\"https:\\\/\\\/rollentausch.eu\\\/wp-content\\\/uploads\\\/2021\\\/04\\\/SDC14345-1024x768.jpg\",\"datePublished\":\"2020-02-21T04:00:32+00:00\",\"dateModified\":\"2024-10-24T12:36:44+00:00\",\"description\":\"Komplett zerst\u00f6rte Rollen, verlorene Standf\u00fc\u00dfe \\\/ Kofferf\u00fcsse, Pilotenkoffer, Musik-Instrumentenkoffer f\u00fcr Kontraba\u00df, Harfe, Keyboard - wir k\u00f6nnen meistens helfen.\",\"breadcrumb\":{\"@id\":\"https:\\\/\\\/rollentausch.eu\\\/sonderloesungen\\\/#breadcrumb\"},\"inLanguage\":\"en-GB\",\"potentialAction\":[{\"@type\":\"ReadAction\",\"target\":[\"https:\\\/\\\/rollentausch.eu\\\/sonderloesungen\\\/\"]}]},{\"@type\":\"ImageObject\",\"inLanguage\":\"en-GB\",\"@id\":\"https:\\\/\\\/rollentausch.eu\\\/sonderloesungen\\\/#primaryimage\",\"url\":\"https:\\\/\\\/rollentausch.eu\\\/wp-content\\\/uploads\\\/2021\\\/04\\\/SDC14345-1024x768.jpg\",\"contentUrl\":\"https:\\\/\\\/rollentausch.eu\\\/wp-content\\\/uploads\\\/2021\\\/04\\\/SDC14345-1024x768.jpg\"},{\"@type\":\"BreadcrumbList\",\"@id\":\"https:\\\/\\\/rollentausch.eu\\\/sonderloesungen\\\/#breadcrumb\",\"itemListElement\":[{\"@type\":\"ListItem\",\"position\":1,\"name\":\"Home\",\"item\":\"https:\\\/\\\/rollentausch.eu\\\/\"},{\"@type\":\"ListItem\",\"position\":2,\"name\":\"Sonderl\u00f6sungen\"}]},{\"@type\":\"WebSite\",\"@id\":\"https:\\\/\\\/rollentausch.eu\\\/#website\",\"url\":\"https:\\\/\\\/rollentausch.eu\\\/\",\"name\":\"Netzwerk Rollentausch\",\"description\":\"Eine Marke der KomponentenKontor Berlin GmbH\",\"publisher\":{\"@id\":\"https:\\\/\\\/rollentausch.eu\\\/#organization\"},\"potentialAction\":[{\"@type\":\"SearchAction\",\"target\":{\"@type\":\"EntryPoint\",\"urlTemplate\":\"https:\\\/\\\/rollentausch.eu\\\/?s={search_term_string}\"},\"query-input\":{\"@type\":\"PropertyValueSpecification\",\"valueRequired\":true,\"valueName\":\"search_term_string\"}}],\"inLanguage\":\"en-GB\"},{\"@type\":\"Organization\",\"@id\":\"https:\\\/\\\/rollentausch.eu\\\/#organization\",\"name\":\"Netzwerk Rollentausch\",\"url\":\"https:\\\/\\\/rollentausch.eu\\\/\",\"logo\":{\"@type\":\"ImageObject\",\"inLanguage\":\"en-GB\",\"@id\":\"https:\\\/\\\/rollentausch.eu\\\/#\\\/schema\\\/logo\\\/image\\\/\",\"url\":\"https:\\\/\\\/rollentausch.eu\\\/wp-content\\\/uploads\\\/2020\\\/05\\\/cropped-Rollentausch_200x145.png\",\"contentUrl\":\"https:\\\/\\\/rollentausch.eu\\\/wp-content\\\/uploads\\\/2020\\\/05\\\/cropped-Rollentausch_200x145.png\",\"width\":145,\"height\":200,\"caption\":\"Netzwerk Rollentausch\"},\"image\":{\"@id\":\"https:\\\/\\\/rollentausch.eu\\\/#\\\/schema\\\/logo\\\/image\\\/\"}}]}<\/script>\n<!-- \/ Yoast SEO plugin. -->","yoast_head_json":{"title":"Sonderl\u00f6sungen - Netzwerk Rollentausch","description":"Komplett zerst\u00f6rte Rollen, verlorene Standf\u00fc\u00dfe \/ Kofferf\u00fcsse, Pilotenkoffer, Musik-Instrumentenkoffer f\u00fcr Kontraba\u00df, Harfe, Keyboard - wir k\u00f6nnen meistens helfen.","robots":{"index":"index","follow":"follow","max-snippet":"max-snippet:-1","max-image-preview":"max-image-preview:large","max-video-preview":"max-video-preview:-1"},"canonical":"https:\/\/rollentausch.eu\/en\/sonderloesungen\/","og_locale":"en_GB","og_type":"article","og_title":"Sonderl\u00f6sungen - Netzwerk Rollentausch","og_description":"Komplett zerst\u00f6rte Rollen, verlorene Standf\u00fc\u00dfe \/ Kofferf\u00fcsse, Pilotenkoffer, Musik-Instrumentenkoffer f\u00fcr Kontraba\u00df, Harfe, Keyboard - wir k\u00f6nnen meistens helfen.","og_url":"https:\/\/rollentausch.eu\/en\/sonderloesungen\/","og_site_name":"Netzwerk Rollentausch","article_modified_time":"2024-10-24T12:36:44+00:00","og_image":[{"width":2560,"height":1920,"url":"https:\/\/rollentausch.eu\/wp-content\/uploads\/2021\/04\/SDC14345-scaled.jpg","type":"image\/jpeg"}],"twitter_card":"summary_large_image","twitter_misc":{"Estimated reading time":"1 minute"},"schema":{"@context":"https:\/\/schema.org","@graph":[{"@type":"WebPage","@id":"https:\/\/rollentausch.eu\/sonderloesungen\/","url":"https:\/\/rollentausch.eu\/sonderloesungen\/","name":"Sonderl\u00f6sungen - Netzwerk Rollentausch","isPartOf":{"@id":"https:\/\/rollentausch.eu\/#website"},"primaryImageOfPage":{"@id":"https:\/\/rollentausch.eu\/sonderloesungen\/#primaryimage"},"image":{"@id":"https:\/\/rollentausch.eu\/sonderloesungen\/#primaryimage"},"thumbnailUrl":"https:\/\/rollentausch.eu\/wp-content\/uploads\/2021\/04\/SDC14345-1024x768.jpg","datePublished":"2020-02-21T04:00:32+00:00","dateModified":"2024-10-24T12:36:44+00:00","description":"Komplett zerst\u00f6rte Rollen, verlorene Standf\u00fc\u00dfe \/ Kofferf\u00fcsse, Pilotenkoffer, Musik-Instrumentenkoffer f\u00fcr Kontraba\u00df, Harfe, Keyboard - wir k\u00f6nnen meistens helfen.","breadcrumb":{"@id":"https:\/\/rollentausch.eu\/sonderloesungen\/#breadcrumb"},"inLanguage":"en-GB","potentialAction":[{"@type":"ReadAction","target":["https:\/\/rollentausch.eu\/sonderloesungen\/"]}]},{"@type":"ImageObject","inLanguage":"en-GB","@id":"https:\/\/rollentausch.eu\/sonderloesungen\/#primaryimage","url":"https:\/\/rollentausch.eu\/wp-content\/uploads\/2021\/04\/SDC14345-1024x768.jpg","contentUrl":"https:\/\/rollentausch.eu\/wp-content\/uploads\/2021\/04\/SDC14345-1024x768.jpg"},{"@type":"BreadcrumbList","@id":"https:\/\/rollentausch.eu\/sonderloesungen\/#breadcrumb","itemListElement":[{"@type":"ListItem","position":1,"name":"Home","item":"https:\/\/rollentausch.eu\/"},{"@type":"ListItem","position":2,"name":"Sonderl\u00f6sungen"}]},{"@type":"WebSite","@id":"https:\/\/rollentausch.eu\/#website","url":"https:\/\/rollentausch.eu\/","name":"Network for Wheels Replacement","description":"Eine Marke der KomponentenKontor Berlin GmbH","publisher":{"@id":"https:\/\/rollentausch.eu\/#organization"},"potentialAction":[{"@type":"SearchAction","target":{"@type":"EntryPoint","urlTemplate":"https:\/\/rollentausch.eu\/?s={search_term_string}"},"query-input":{"@type":"PropertyValueSpecification","valueRequired":true,"valueName":"search_term_string"}}],"inLanguage":"en-GB"},{"@type":"Organization","@id":"https:\/\/rollentausch.eu\/#organization","name":"Network for Wheels Replacement","url":"https:\/\/rollentausch.eu\/","logo":{"@type":"ImageObject","inLanguage":"en-GB","@id":"https:\/\/rollentausch.eu\/#\/schema\/logo\/image\/","url":"https:\/\/rollentausch.eu\/wp-content\/uploads\/2020\/05\/cropped-Rollentausch_200x145.png","contentUrl":"https:\/\/rollentausch.eu\/wp-content\/uploads\/2020\/05\/cropped-Rollentausch_200x145.png","width":145,"height":200,"caption":"Netzwerk Rollentausch"},"image":{"@id":"https:\/\/rollentausch.eu\/#\/schema\/logo\/image\/"}}]}},"_links":{"self":[{"href":"https:\/\/rollentausch.eu\/en\/wp-json\/wp\/v2\/pages\/180","targetHints":{"allow":["GET"]}}],"collection":[{"href":"https:\/\/rollentausch.eu\/en\/wp-json\/wp\/v2\/pages"}],"about":[{"href":"https:\/\/rollentausch.eu\/en\/wp-json\/wp\/v2\/types\/page"}],"author":[{"embeddable":true,"href":"https:\/\/rollentausch.eu\/en\/wp-json\/wp\/v2\/users\/1"}],"replies":[{"embeddable":true,"href":"https:\/\/rollentausch.eu\/en\/wp-json\/wp\/v2\/comments?post=180"}],"version-history":[{"count":0,"href":"https:\/\/rollentausch.eu\/en\/wp-json\/wp\/v2\/pages\/180\/revisions"}],"wp:attachment":[{"href":"https:\/\/rollentausch.eu\/en\/wp-json\/wp\/v2\/media?parent=180"}],"curies":[{"name":"wp","href":"https:\/\/api.w.org\/{rel}","templated":true}]}}