{"id":207,"date":"2020-02-21T04:44:45","date_gmt":"2020-02-21T04:44:45","guid":{"rendered":"https:\/\/rollentausch.eu\/?page_id=207"},"modified":"2021-04-12T12:34:22","modified_gmt":"2021-04-12T10:34:22","slug":"impressum","status":"publish","type":"page","link":"https:\/\/rollentausch.eu\/en\/impressum\/","title":{"rendered":"Imprint"},"content":{"rendered":"<div data-elementor-type=\"wp-page\" data-elementor-id=\"207\" class=\"elementor elementor-207\">\n\t\t\t\t\t\t<section class=\"elementor-section elementor-top-section elementor-element elementor-element-fcadb44 elementor-section-boxed elementor-section-height-default elementor-section-height-default\" data-id=\"fcadb44\" data-element_type=\"section\" data-e-type=\"section\">\n\t\t\t\t\t\t<div class=\"elementor-container elementor-column-gap-default\">\n\t\t\t\t\t<div class=\"elementor-column elementor-col-100 elementor-top-column elementor-element elementor-element-6cdca0c\" data-id=\"6cdca0c\" data-element_type=\"column\" data-e-type=\"column\">\n\t\t\t<div class=\"elementor-widget-wrap elementor-element-populated\">\n\t\t\t\t\t\t<div class=\"elementor-element elementor-element-0ba3933 elementor-widget elementor-widget-spacer\" data-id=\"0ba3933\" data-element_type=\"widget\" data-e-type=\"widget\" data-widget_type=\"spacer.default\">\n\t\t\t\t<div class=\"elementor-widget-container\">\n\t\t\t\t\t\t\t<div class=\"elementor-spacer\">\n\t\t\t<div class=\"elementor-spacer-inner\"><\/div>\n\t\t<\/div>\n\t\t\t\t\t\t<\/div>\n\t\t\t\t<\/div>\n\t\t\t\t<div class=\"elementor-element elementor-element-d4b8d26 elementor-widget elementor-widget-heading\" data-id=\"d4b8d26\" data-element_type=\"widget\" data-e-type=\"widget\" data-widget_type=\"heading.default\">\n\t\t\t\t<div class=\"elementor-widget-container\">\n\t\t\t\t\t<h1 class=\"elementor-heading-title elementor-size-default\">Impressum \u2013 Angaben gem\u00e4\u00df \u00a7 5 TMG<\/h1>\t\t\t\t<\/div>\n\t\t\t\t<\/div>\n\t\t\t\t<div class=\"elementor-element elementor-element-4471096 elementor-widget elementor-widget-text-editor\" data-id=\"4471096\" data-element_type=\"widget\" data-e-type=\"widget\" data-widget_type=\"text-editor.default\">\n\t\t\t\t<div class=\"elementor-widget-container\">\n\t\t\t\t\t\t\t\t\t<p>KomponentenKontor Berlin GmbH<br \/>Soorstr. 73<br \/>D \u2013 14050 Berlin<br \/>Gesch\u00e4ftsf\u00fchrer: Wolf Drechsel<br \/>post@komponentenkontor-berlin.de<\/p><p><a href=\"mailto:zentrale@rollentausch.eu?subject=Anfrage%20Kofferr%C3%A4der-Reparatur&amp;body=Meine%20Rufnummer%3A%0A%0AIch%20m%C3%B6chte%20meinen%20Koffer%20in%20Berlin%20anliefern.%0AIch%20m%C3%B6chte%20meinen%20Koffer%20per%20Paketdienst%20einschicken.%0A(nichtzutreffendes%20bitte%20l%C3%B6schen)%0A%0AIhre%20Nachricht%2C%20gegebenenfalls%20Fotos.%0A%0A\">Anfragen zum Thema Austausch von Kofferr\u00e4dern &#8211; verwenden Sie bitte diesen Link!<\/a><\/p><h2>Eintrag im Handelsregister.<\/h2><p>Registergericht: Berlin-Charlottenburg, Registernummer: HRB 179667 B<\/p><p>Umsatzsteuer-Identifikationsnummer gem\u00e4\u00df \u00a727a Umsatzsteuergesetz: DE307967828<\/p><h2>Haftungsausschluss:<\/h2><p>Die Inhalte unserer Seiten wurden mit gr\u00f6\u00dfter Sorgfalt erstellt. F\u00fcr die Richtigkeit, Vollst\u00e4ndigkeit und Aktualit\u00e4t der Inhalte k\u00f6nnen wir jedoch keine Gew\u00e4hr \u00fcbernehmen. Als Diensteanbieter sind wir gem\u00e4\u00df \u00a7 7 Abs.1 TMG f\u00fcr eigene Inhalte auf diesen Seiten nach den allgemeinen Gesetzen verantwortlich. Nach \u00a7\u00a7 8 bis 10 TMG sind wir als Diensteanbieter jedoch nicht verpflichtet, \u00fcbermittelte oder gespeicherte fremde Informationen zu \u00fcberwachen oder nach Umst\u00e4nden zu forschen, die auf eine rechtswidrige T\u00e4tigkeit hinweisen. Verpflichtungen zur Entfernung oder Sperrung der Nutzung von Informationen nach den allgemeinen Gesetzen bleiben hiervon unber\u00fchrt. Eine diesbez\u00fcgliche Haftung ist jedoch erst ab dem Zeitpunkt der Kenntnis einer konkreten Rechtsverletzung m\u00f6glich. Bei Bekanntwerden von entsprechenden Rechtsverletzungen werden wir diese Inhalte umgehend entfernen.<br \/>Haftung f\u00fcr Links<\/p><p>Unser Angebot enth\u00e4lt Links zu externen Webseiten Dritter, auf deren Inhalte wir keinen Einfluss haben. Deshalb k\u00f6nnen wir f\u00fcr diese fremden Inhalte auch keine Gew\u00e4hr \u00fcbernehmen. F\u00fcr die Inhalte der verlinkten Seiten ist stets der jeweilige Anbieter oder Betreiber der Seiten verantwortlich. Die verlinkten Seiten wurden zum Zeitpunkt der Verlinkung auf m\u00f6gliche Rechtsverst\u00f6\u00dfe \u00fcberpr\u00fcft. Rechtswidrige Inhalte waren zum Zeitpunkt der Verlinkung nicht erkennbar. Eine permanente inhaltliche Kontrolle der verlinkten Seiten ist jedoch ohne konkrete Anhaltspunkte einer Rechtsverletzung nicht zumutbar. Bei Bekanntwerden von Rechtsverletzungen werden wir derartige Links umgehend entfernen.<\/p>\t\t\t\t\t\t\t\t<\/div>\n\t\t\t\t<\/div>\n\t\t\t\t\t<\/div>\n\t\t<\/div>\n\t\t\t\t\t<\/div>\n\t\t<\/section>\n\t\t\t\t<\/div>","protected":false},"excerpt":{"rendered":"<p>Impressum \u2013 Angaben gem\u00e4\u00df \u00a7 5 TMG KomponentenKontor Berlin GmbHSoorstr. 73D \u2013 14050 BerlinGesch\u00e4ftsf\u00fchrer: Wolf Drechselpost@komponentenkontor-berlin.de Anfragen zum Thema Austausch von Kofferr\u00e4dern &#8211; verwenden Sie bitte diesen Link! Eintrag im Handelsregister. Registergericht: Berlin-Charlottenburg, Registernummer: HRB 179667 B Umsatzsteuer-Identifikationsnummer gem\u00e4\u00df \u00a727a Umsatzsteuergesetz: DE307967828 Haftungsausschluss: Die Inhalte unserer Seiten wurden mit gr\u00f6\u00dfter Sorgfalt erstellt. F\u00fcr die Richtigkeit,&hellip;&nbsp;<a href=\"https:\/\/rollentausch.eu\/en\/impressum\/\" class=\"\" rel=\"bookmark\">Read More &raquo;<span class=\"screen-reader-text\">Imprint<\/span><\/a><\/p>","protected":false},"author":1,"featured_media":0,"parent":0,"menu_order":0,"comment_status":"closed","ping_status":"closed","template":"page-templates\/template-pagebuilder-full-width.php","meta":{"neve_meta_sidebar":"","neve_meta_container":"","neve_meta_enable_content_width":"","neve_meta_content_width":0,"neve_meta_title_alignment":"","neve_meta_author_avatar":"","neve_post_elements_order":"","neve_meta_disable_header":"","neve_meta_disable_footer":"","neve_meta_disable_title":"","footnotes":""},"class_list":["post-207","page","type-page","status-publish","hentry"],"yoast_head":"<!-- This site is optimized with the Yoast SEO plugin v27.5 - https:\/\/yoast.com\/product\/yoast-seo-wordpress\/ -->\n<title>Impressum - Netzwerk Rollentausch<\/title>\n<meta name=\"robots\" content=\"index, follow, max-snippet:-1, max-image-preview:large, max-video-preview:-1\" \/>\n<link rel=\"canonical\" href=\"https:\/\/rollentausch.eu\/en\/impressum\/\" \/>\n<meta property=\"og:locale\" content=\"en_GB\" \/>\n<meta property=\"og:type\" content=\"article\" \/>\n<meta property=\"og:title\" content=\"Impressum - Netzwerk Rollentausch\" \/>\n<meta property=\"og:description\" content=\"Impressum \u2013 Angaben gem\u00e4\u00df \u00a7 5 TMG KomponentenKontor Berlin GmbHSoorstr. 73D \u2013 14050 BerlinGesch\u00e4ftsf\u00fchrer: Wolf Drechselpost@komponentenkontor-berlin.de Anfragen zum Thema Austausch von Kofferr\u00e4dern &#8211; verwenden Sie bitte diesen Link! Eintrag im Handelsregister. Registergericht: Berlin-Charlottenburg, Registernummer: HRB 179667 B Umsatzsteuer-Identifikationsnummer gem\u00e4\u00df \u00a727a Umsatzsteuergesetz: DE307967828 Haftungsausschluss: Die Inhalte unserer Seiten wurden mit gr\u00f6\u00dfter Sorgfalt erstellt. F\u00fcr die Richtigkeit,&hellip;&nbsp;Read More &raquo;Impressum\" \/>\n<meta property=\"og:url\" content=\"https:\/\/rollentausch.eu\/en\/impressum\/\" \/>\n<meta property=\"og:site_name\" content=\"Netzwerk Rollentausch\" \/>\n<meta property=\"article:modified_time\" content=\"2021-04-12T10:34:22+00:00\" \/>\n<meta name=\"twitter:card\" content=\"summary_large_image\" \/>\n<meta name=\"twitter:label1\" content=\"Estimated reading time\" \/>\n\t<meta name=\"twitter:data1\" content=\"2 minutes\" \/>\n<script type=\"application\/ld+json\" class=\"yoast-schema-graph\">{\"@context\":\"https:\\\/\\\/schema.org\",\"@graph\":[{\"@type\":\"WebPage\",\"@id\":\"https:\\\/\\\/rollentausch.eu\\\/impressum\\\/\",\"url\":\"https:\\\/\\\/rollentausch.eu\\\/impressum\\\/\",\"name\":\"Impressum - Netzwerk Rollentausch\",\"isPartOf\":{\"@id\":\"https:\\\/\\\/rollentausch.eu\\\/#website\"},\"datePublished\":\"2020-02-21T04:44:45+00:00\",\"dateModified\":\"2021-04-12T10:34:22+00:00\",\"breadcrumb\":{\"@id\":\"https:\\\/\\\/rollentausch.eu\\\/impressum\\\/#breadcrumb\"},\"inLanguage\":\"en-GB\",\"potentialAction\":[{\"@type\":\"ReadAction\",\"target\":[\"https:\\\/\\\/rollentausch.eu\\\/impressum\\\/\"]}]},{\"@type\":\"BreadcrumbList\",\"@id\":\"https:\\\/\\\/rollentausch.eu\\\/impressum\\\/#breadcrumb\",\"itemListElement\":[{\"@type\":\"ListItem\",\"position\":1,\"name\":\"Home\",\"item\":\"https:\\\/\\\/rollentausch.eu\\\/\"},{\"@type\":\"ListItem\",\"position\":2,\"name\":\"Impressum\"}]},{\"@type\":\"WebSite\",\"@id\":\"https:\\\/\\\/rollentausch.eu\\\/#website\",\"url\":\"https:\\\/\\\/rollentausch.eu\\\/\",\"name\":\"Netzwerk Rollentausch\",\"description\":\"Eine Marke der KomponentenKontor Berlin GmbH\",\"publisher\":{\"@id\":\"https:\\\/\\\/rollentausch.eu\\\/#organization\"},\"potentialAction\":[{\"@type\":\"SearchAction\",\"target\":{\"@type\":\"EntryPoint\",\"urlTemplate\":\"https:\\\/\\\/rollentausch.eu\\\/?s={search_term_string}\"},\"query-input\":{\"@type\":\"PropertyValueSpecification\",\"valueRequired\":true,\"valueName\":\"search_term_string\"}}],\"inLanguage\":\"en-GB\"},{\"@type\":\"Organization\",\"@id\":\"https:\\\/\\\/rollentausch.eu\\\/#organization\",\"name\":\"Netzwerk Rollentausch\",\"url\":\"https:\\\/\\\/rollentausch.eu\\\/\",\"logo\":{\"@type\":\"ImageObject\",\"inLanguage\":\"en-GB\",\"@id\":\"https:\\\/\\\/rollentausch.eu\\\/#\\\/schema\\\/logo\\\/image\\\/\",\"url\":\"https:\\\/\\\/rollentausch.eu\\\/wp-content\\\/uploads\\\/2020\\\/05\\\/cropped-Rollentausch_200x145.png\",\"contentUrl\":\"https:\\\/\\\/rollentausch.eu\\\/wp-content\\\/uploads\\\/2020\\\/05\\\/cropped-Rollentausch_200x145.png\",\"width\":145,\"height\":200,\"caption\":\"Netzwerk Rollentausch\"},\"image\":{\"@id\":\"https:\\\/\\\/rollentausch.eu\\\/#\\\/schema\\\/logo\\\/image\\\/\"}}]}<\/script>\n<!-- \/ Yoast SEO plugin. -->","yoast_head_json":{"title":"Impressum - Netzwerk Rollentausch","robots":{"index":"index","follow":"follow","max-snippet":"max-snippet:-1","max-image-preview":"max-image-preview:large","max-video-preview":"max-video-preview:-1"},"canonical":"https:\/\/rollentausch.eu\/en\/impressum\/","og_locale":"en_GB","og_type":"article","og_title":"Impressum - Netzwerk Rollentausch","og_description":"Impressum \u2013 Angaben gem\u00e4\u00df \u00a7 5 TMG KomponentenKontor Berlin GmbHSoorstr. 73D \u2013 14050 BerlinGesch\u00e4ftsf\u00fchrer: Wolf Drechselpost@komponentenkontor-berlin.de Anfragen zum Thema Austausch von Kofferr\u00e4dern &#8211; verwenden Sie bitte diesen Link! Eintrag im Handelsregister. Registergericht: Berlin-Charlottenburg, Registernummer: HRB 179667 B Umsatzsteuer-Identifikationsnummer gem\u00e4\u00df \u00a727a Umsatzsteuergesetz: DE307967828 Haftungsausschluss: Die Inhalte unserer Seiten wurden mit gr\u00f6\u00dfter Sorgfalt erstellt. F\u00fcr die Richtigkeit,&hellip;&nbsp;Read More &raquo;Impressum","og_url":"https:\/\/rollentausch.eu\/en\/impressum\/","og_site_name":"Netzwerk Rollentausch","article_modified_time":"2021-04-12T10:34:22+00:00","twitter_card":"summary_large_image","twitter_misc":{"Estimated reading time":"2 minutes"},"schema":{"@context":"https:\/\/schema.org","@graph":[{"@type":"WebPage","@id":"https:\/\/rollentausch.eu\/impressum\/","url":"https:\/\/rollentausch.eu\/impressum\/","name":"Impressum - Netzwerk Rollentausch","isPartOf":{"@id":"https:\/\/rollentausch.eu\/#website"},"datePublished":"2020-02-21T04:44:45+00:00","dateModified":"2021-04-12T10:34:22+00:00","breadcrumb":{"@id":"https:\/\/rollentausch.eu\/impressum\/#breadcrumb"},"inLanguage":"en-GB","potentialAction":[{"@type":"ReadAction","target":["https:\/\/rollentausch.eu\/impressum\/"]}]},{"@type":"BreadcrumbList","@id":"https:\/\/rollentausch.eu\/impressum\/#breadcrumb","itemListElement":[{"@type":"ListItem","position":1,"name":"Home","item":"https:\/\/rollentausch.eu\/"},{"@type":"ListItem","position":2,"name":"Impressum"}]},{"@type":"WebSite","@id":"https:\/\/rollentausch.eu\/#website","url":"https:\/\/rollentausch.eu\/","name":"Network for Wheels Replacement","description":"Eine Marke der KomponentenKontor Berlin GmbH","publisher":{"@id":"https:\/\/rollentausch.eu\/#organization"},"potentialAction":[{"@type":"SearchAction","target":{"@type":"EntryPoint","urlTemplate":"https:\/\/rollentausch.eu\/?s={search_term_string}"},"query-input":{"@type":"PropertyValueSpecification","valueRequired":true,"valueName":"search_term_string"}}],"inLanguage":"en-GB"},{"@type":"Organization","@id":"https:\/\/rollentausch.eu\/#organization","name":"Network for Wheels Replacement","url":"https:\/\/rollentausch.eu\/","logo":{"@type":"ImageObject","inLanguage":"en-GB","@id":"https:\/\/rollentausch.eu\/#\/schema\/logo\/image\/","url":"https:\/\/rollentausch.eu\/wp-content\/uploads\/2020\/05\/cropped-Rollentausch_200x145.png","contentUrl":"https:\/\/rollentausch.eu\/wp-content\/uploads\/2020\/05\/cropped-Rollentausch_200x145.png","width":145,"height":200,"caption":"Netzwerk Rollentausch"},"image":{"@id":"https:\/\/rollentausch.eu\/#\/schema\/logo\/image\/"}}]}},"_links":{"self":[{"href":"https:\/\/rollentausch.eu\/en\/wp-json\/wp\/v2\/pages\/207","targetHints":{"allow":["GET"]}}],"collection":[{"href":"https:\/\/rollentausch.eu\/en\/wp-json\/wp\/v2\/pages"}],"about":[{"href":"https:\/\/rollentausch.eu\/en\/wp-json\/wp\/v2\/types\/page"}],"author":[{"embeddable":true,"href":"https:\/\/rollentausch.eu\/en\/wp-json\/wp\/v2\/users\/1"}],"replies":[{"embeddable":true,"href":"https:\/\/rollentausch.eu\/en\/wp-json\/wp\/v2\/comments?post=207"}],"version-history":[{"count":0,"href":"https:\/\/rollentausch.eu\/en\/wp-json\/wp\/v2\/pages\/207\/revisions"}],"wp:attachment":[{"href":"https:\/\/rollentausch.eu\/en\/wp-json\/wp\/v2\/media?parent=207"}],"curies":[{"name":"wp","href":"https:\/\/api.w.org\/{rel}","templated":true}]}}