{"id":2093,"date":"2022-12-08T20:21:59","date_gmt":"2022-12-08T19:21:59","guid":{"rendered":"https:\/\/rollentausch.eu\/?page_id=2093"},"modified":"2025-02-12T20:01:43","modified_gmt":"2025-02-12T19:01:43","slug":"koffer-reparieren","status":"publish","type":"page","link":"https:\/\/rollentausch.eu\/en\/koffer-reparieren\/","title":{"rendered":"Suitcase Repair"},"content":{"rendered":"<div data-elementor-type=\"wp-page\" data-elementor-id=\"2093\" class=\"elementor elementor-2093\">\n\t\t\t\t\t\t<section class=\"elementor-section elementor-top-section elementor-element elementor-element-50b76f98 elementor-section-boxed elementor-section-height-default elementor-section-height-default\" data-id=\"50b76f98\" data-element_type=\"section\" data-e-type=\"section\">\n\t\t\t\t\t\t<div class=\"elementor-container elementor-column-gap-default\">\n\t\t\t\t\t<div class=\"elementor-column elementor-col-100 elementor-top-column elementor-element elementor-element-34c5e318\" data-id=\"34c5e318\" data-element_type=\"column\" data-e-type=\"column\">\n\t\t\t<div class=\"elementor-widget-wrap elementor-element-populated\">\n\t\t\t\t\t\t<div class=\"elementor-element elementor-element-248171ff elementor-widget elementor-widget-text-editor\" data-id=\"248171ff\" data-element_type=\"widget\" data-e-type=\"widget\" data-widget_type=\"text-editor.default\">\n\t\t\t\t<div class=\"elementor-widget-container\">\n\t\t\t\t\t\t\t\t\t<p>We can do other suitcase repair, apart from our core expertise \"wheels exchange\". For example, we can<\/p>\n<ul>\n<li>fix loose parts<\/li>\n<li><a href=\"https:\/\/rollentausch.eu\/en\/koffer-gehaeuse-reparieren\/\" target=\"_blank\" rel=\"noreferrer noopener\">repair broken or torn cases<\/a><\/li>\n<li><a href=\"https:\/\/rollentausch.eu\/en\/koffergriff-reparieren\/\" target=\"_blank\" rel=\"noopener\">Teleskopgriffe reparieren<\/a><\/li>\n<li>feste und klappbare <a href=\"https:\/\/rollentausch.eu\/en\/koffergriff-reparieren\/\" target=\"_blank\" rel=\"noopener\">Griffe reparieren<\/a><\/li>\n<li>Standf\u00fc\u00dfe und andere Kunststoff-Teile im 3D-Druckverfahren nachfertigen,<\/li>\n<li>and much more.<\/li>\n<\/ul>\n<p class=\"translation-block\"><a href=\"https:\/\/rollentausch.eu\/en\/kontakt\/\" target=\"_blank\" rel=\"noopener\">Please ask!<\/a>!<br><br><\/p>\n<h2>Koffer reparieren &#8211; Rei\u00dfverschl\u00fcsse<\/h2>\n<p><strong>REI\u1e9eVERSCHL\u00dcSSE, <\/strong>die nicht mehr schlie\u00dfen, k\u00f6nnen oft einfach mit einem neuen Schieber (oft auch als &#8222;Zipper&#8220; bezeichnet) instandgesetzt werden. Bitte wenden Sie sich an eine gut sortierte Kurzwaren- oder Schneidereibedarfshandlung.\u00a0<\/p>\n<p>In Berlin haben wir gute Erfahrungen mit<\/p>\n<p><strong>Fa. Yavas<\/strong><br \/><strong>Schillerstr. 21<\/strong><br \/><strong>10625 Berlin-Charlottenburg<\/strong><br \/><strong>Tel: 030 \/ 315 033 06<br \/><a href=\"https:\/\/yavas-berlin.de\">info@yavas-berlin.de<\/a><br \/><a href=\"https:\/\/yavas-berlin.de\" target=\"_blank\" rel=\"noopener\">https:\/\/yavas-berlin.de<\/a><br \/><\/strong><\/p>\n<p>gemacht. Bitte nehmen Sie Ihren Koffer mit zur &#8222;Anprobe&#8220;. Eine Anfrage wie &#8222;Haben Sie einen Rei\u00dfverschlu\u00dfschieber f\u00fcr den Koffer Marke xyz?&#8220; kann niemand beantworten, auch ein Kurzwarenfachmann nicht.<\/p>\n<p>Ausgerissene oder sonst besch\u00e4digte Rei\u00dfverschl\u00fcsse an einem Koffer reparieren kann oft Ihre \u00f6rtliche Sattlerei. Manchmal bringt eine Suche in den <a href=\"https:\/\/gelbeseiten.de\" target=\"_blank\" rel=\"noopener\">Gelben Seiten<\/a> bessere Resultate als eine Internet-Recherche.<\/p>\n<p>In Berlin \u00fcbernimmt solche Arbeiten zum Beispiel:<\/p>\n<p><strong>Rene Kuschewski<\/strong><br \/><strong>Ordensmeisterstr. 24<br \/>12099 Berlin<br \/><\/strong><strong>Tel.: 0157 850 999 66<br \/><a href=\"mailto:info@r-k.info\">info@r-k.info<\/a><\/strong><br \/><br \/><\/p>\n<p><!-- \/wp:paragraph --><\/p>\n<p><!-- wp:list --><\/p>\n<p><!-- \/wp:paragraph --><\/p>\t\t\t\t\t\t\t\t<\/div>\n\t\t\t\t<\/div>\n\t\t\t\t\t<\/div>\n\t\t<\/div>\n\t\t\t\t\t<\/div>\n\t\t<\/section>\n\t\t\t\t<\/div>","protected":false},"excerpt":{"rendered":"<p>Wir k\u00f6nnen Koffer reparieren, auch abseits unseres Spezialgebiets &#8222;Rollentausch&#8220;. Wir k\u00f6nnen lose Teile anschrauben oder annieten gerissene Koffergeh\u00e4use\u00a0 laminieren Teleskopgriffe reparieren feste und klappbare Griffe reparieren Standf\u00fc\u00dfe und andere Kunststoff-Teile im 3D-Druckverfahren nachfertigen, und vieles mehr Bitte fragen Sie uns! Koffer reparieren &#8211; Rei\u00dfverschl\u00fcsse REI\u1e9eVERSCHL\u00dcSSE, die nicht mehr schlie\u00dfen, k\u00f6nnen oft einfach mit einem neuen&hellip;&nbsp;<a href=\"https:\/\/rollentausch.eu\/en\/koffer-reparieren\/\" class=\"\" rel=\"bookmark\">Read More &raquo;<span class=\"screen-reader-text\">Suitcase Repair<\/span><\/a><\/p>","protected":false},"author":1,"featured_media":0,"parent":0,"menu_order":0,"comment_status":"closed","ping_status":"closed","template":"","meta":{"neve_meta_sidebar":"full-width","neve_meta_container":"","neve_meta_enable_content_width":"on","neve_meta_content_width":100,"neve_meta_title_alignment":"","neve_meta_author_avatar":"","neve_post_elements_order":"","neve_meta_disable_header":"","neve_meta_disable_footer":"","neve_meta_disable_title":"","footnotes":""},"class_list":["post-2093","page","type-page","status-publish","hentry"],"yoast_head":"<!-- This site is optimized with the Yoast SEO plugin v27.5 - https:\/\/yoast.com\/product\/yoast-seo-wordpress\/ -->\n<title>Koffer reparieren - weitere Kofferreparaturen<\/title>\n<meta name=\"description\" content=\"Wir k\u00f6nnen Koffer reparieren - auch abseits des Themas &quot;Rollentausch&quot;. Wir sind kreativ und finden L\u00f6sungen, auch ohne Original-Ersatzteile.\" \/>\n<meta name=\"robots\" content=\"index, follow, max-snippet:-1, max-image-preview:large, max-video-preview:-1\" \/>\n<link rel=\"canonical\" href=\"https:\/\/rollentausch.eu\/en\/koffer-reparieren\/\" \/>\n<meta property=\"og:locale\" content=\"en_GB\" \/>\n<meta property=\"og:type\" content=\"article\" \/>\n<meta property=\"og:title\" content=\"Koffer reparieren - weitere Kofferreparaturen\" \/>\n<meta property=\"og:description\" content=\"Wir k\u00f6nnen Koffer reparieren - auch abseits des Themas &quot;Rollentausch&quot;. Wir sind kreativ und finden L\u00f6sungen, auch ohne Original-Ersatzteile.\" \/>\n<meta property=\"og:url\" content=\"https:\/\/rollentausch.eu\/en\/koffer-reparieren\/\" \/>\n<meta property=\"og:site_name\" content=\"Netzwerk Rollentausch\" \/>\n<meta property=\"article:modified_time\" content=\"2025-02-12T19:01:43+00:00\" \/>\n<meta name=\"twitter:card\" content=\"summary_large_image\" \/>\n<meta name=\"twitter:label1\" content=\"Estimated reading time\" \/>\n\t<meta name=\"twitter:data1\" content=\"1 minute\" \/>\n<script type=\"application\/ld+json\" class=\"yoast-schema-graph\">{\"@context\":\"https:\\\/\\\/schema.org\",\"@graph\":[{\"@type\":\"WebPage\",\"@id\":\"https:\\\/\\\/rollentausch.eu\\\/koffer-reparieren\\\/\",\"url\":\"https:\\\/\\\/rollentausch.eu\\\/koffer-reparieren\\\/\",\"name\":\"Koffer reparieren - weitere Kofferreparaturen\",\"isPartOf\":{\"@id\":\"https:\\\/\\\/rollentausch.eu\\\/#website\"},\"datePublished\":\"2022-12-08T19:21:59+00:00\",\"dateModified\":\"2025-02-12T19:01:43+00:00\",\"description\":\"Wir k\u00f6nnen Koffer reparieren - auch abseits des Themas \\\"Rollentausch\\\". Wir sind kreativ und finden L\u00f6sungen, auch ohne Original-Ersatzteile.\",\"breadcrumb\":{\"@id\":\"https:\\\/\\\/rollentausch.eu\\\/koffer-reparieren\\\/#breadcrumb\"},\"inLanguage\":\"en-GB\",\"potentialAction\":[{\"@type\":\"ReadAction\",\"target\":[\"https:\\\/\\\/rollentausch.eu\\\/koffer-reparieren\\\/\"]}]},{\"@type\":\"BreadcrumbList\",\"@id\":\"https:\\\/\\\/rollentausch.eu\\\/koffer-reparieren\\\/#breadcrumb\",\"itemListElement\":[{\"@type\":\"ListItem\",\"position\":1,\"name\":\"Home\",\"item\":\"https:\\\/\\\/rollentausch.eu\\\/\"},{\"@type\":\"ListItem\",\"position\":2,\"name\":\"andere Kofferreparaturen\"}]},{\"@type\":\"WebSite\",\"@id\":\"https:\\\/\\\/rollentausch.eu\\\/#website\",\"url\":\"https:\\\/\\\/rollentausch.eu\\\/\",\"name\":\"Netzwerk Rollentausch\",\"description\":\"Eine Marke der KomponentenKontor Berlin GmbH\",\"publisher\":{\"@id\":\"https:\\\/\\\/rollentausch.eu\\\/#organization\"},\"potentialAction\":[{\"@type\":\"SearchAction\",\"target\":{\"@type\":\"EntryPoint\",\"urlTemplate\":\"https:\\\/\\\/rollentausch.eu\\\/?s={search_term_string}\"},\"query-input\":{\"@type\":\"PropertyValueSpecification\",\"valueRequired\":true,\"valueName\":\"search_term_string\"}}],\"inLanguage\":\"en-GB\"},{\"@type\":\"Organization\",\"@id\":\"https:\\\/\\\/rollentausch.eu\\\/#organization\",\"name\":\"Netzwerk Rollentausch\",\"url\":\"https:\\\/\\\/rollentausch.eu\\\/\",\"logo\":{\"@type\":\"ImageObject\",\"inLanguage\":\"en-GB\",\"@id\":\"https:\\\/\\\/rollentausch.eu\\\/#\\\/schema\\\/logo\\\/image\\\/\",\"url\":\"https:\\\/\\\/rollentausch.eu\\\/wp-content\\\/uploads\\\/2020\\\/05\\\/cropped-Rollentausch_200x145.png\",\"contentUrl\":\"https:\\\/\\\/rollentausch.eu\\\/wp-content\\\/uploads\\\/2020\\\/05\\\/cropped-Rollentausch_200x145.png\",\"width\":145,\"height\":200,\"caption\":\"Netzwerk Rollentausch\"},\"image\":{\"@id\":\"https:\\\/\\\/rollentausch.eu\\\/#\\\/schema\\\/logo\\\/image\\\/\"}}]}<\/script>\n<!-- \/ Yoast SEO plugin. -->","yoast_head_json":{"title":"Koffer reparieren - weitere Kofferreparaturen","description":"Wir k\u00f6nnen Koffer reparieren - auch abseits des Themas \"Rollentausch\". Wir sind kreativ und finden L\u00f6sungen, auch ohne Original-Ersatzteile.","robots":{"index":"index","follow":"follow","max-snippet":"max-snippet:-1","max-image-preview":"max-image-preview:large","max-video-preview":"max-video-preview:-1"},"canonical":"https:\/\/rollentausch.eu\/en\/koffer-reparieren\/","og_locale":"en_GB","og_type":"article","og_title":"Koffer reparieren - weitere Kofferreparaturen","og_description":"Wir k\u00f6nnen Koffer reparieren - auch abseits des Themas \"Rollentausch\". Wir sind kreativ und finden L\u00f6sungen, auch ohne Original-Ersatzteile.","og_url":"https:\/\/rollentausch.eu\/en\/koffer-reparieren\/","og_site_name":"Netzwerk Rollentausch","article_modified_time":"2025-02-12T19:01:43+00:00","twitter_card":"summary_large_image","twitter_misc":{"Estimated reading time":"1 minute"},"schema":{"@context":"https:\/\/schema.org","@graph":[{"@type":"WebPage","@id":"https:\/\/rollentausch.eu\/koffer-reparieren\/","url":"https:\/\/rollentausch.eu\/koffer-reparieren\/","name":"Koffer reparieren - weitere Kofferreparaturen","isPartOf":{"@id":"https:\/\/rollentausch.eu\/#website"},"datePublished":"2022-12-08T19:21:59+00:00","dateModified":"2025-02-12T19:01:43+00:00","description":"Wir k\u00f6nnen Koffer reparieren - auch abseits des Themas \"Rollentausch\". Wir sind kreativ und finden L\u00f6sungen, auch ohne Original-Ersatzteile.","breadcrumb":{"@id":"https:\/\/rollentausch.eu\/koffer-reparieren\/#breadcrumb"},"inLanguage":"en-GB","potentialAction":[{"@type":"ReadAction","target":["https:\/\/rollentausch.eu\/koffer-reparieren\/"]}]},{"@type":"BreadcrumbList","@id":"https:\/\/rollentausch.eu\/koffer-reparieren\/#breadcrumb","itemListElement":[{"@type":"ListItem","position":1,"name":"Home","item":"https:\/\/rollentausch.eu\/"},{"@type":"ListItem","position":2,"name":"andere Kofferreparaturen"}]},{"@type":"WebSite","@id":"https:\/\/rollentausch.eu\/#website","url":"https:\/\/rollentausch.eu\/","name":"Network for Wheels Replacement","description":"Eine Marke der KomponentenKontor Berlin GmbH","publisher":{"@id":"https:\/\/rollentausch.eu\/#organization"},"potentialAction":[{"@type":"SearchAction","target":{"@type":"EntryPoint","urlTemplate":"https:\/\/rollentausch.eu\/?s={search_term_string}"},"query-input":{"@type":"PropertyValueSpecification","valueRequired":true,"valueName":"search_term_string"}}],"inLanguage":"en-GB"},{"@type":"Organization","@id":"https:\/\/rollentausch.eu\/#organization","name":"Network for Wheels Replacement","url":"https:\/\/rollentausch.eu\/","logo":{"@type":"ImageObject","inLanguage":"en-GB","@id":"https:\/\/rollentausch.eu\/#\/schema\/logo\/image\/","url":"https:\/\/rollentausch.eu\/wp-content\/uploads\/2020\/05\/cropped-Rollentausch_200x145.png","contentUrl":"https:\/\/rollentausch.eu\/wp-content\/uploads\/2020\/05\/cropped-Rollentausch_200x145.png","width":145,"height":200,"caption":"Netzwerk Rollentausch"},"image":{"@id":"https:\/\/rollentausch.eu\/#\/schema\/logo\/image\/"}}]}},"_links":{"self":[{"href":"https:\/\/rollentausch.eu\/en\/wp-json\/wp\/v2\/pages\/2093","targetHints":{"allow":["GET"]}}],"collection":[{"href":"https:\/\/rollentausch.eu\/en\/wp-json\/wp\/v2\/pages"}],"about":[{"href":"https:\/\/rollentausch.eu\/en\/wp-json\/wp\/v2\/types\/page"}],"author":[{"embeddable":true,"href":"https:\/\/rollentausch.eu\/en\/wp-json\/wp\/v2\/users\/1"}],"replies":[{"embeddable":true,"href":"https:\/\/rollentausch.eu\/en\/wp-json\/wp\/v2\/comments?post=2093"}],"version-history":[{"count":3,"href":"https:\/\/rollentausch.eu\/en\/wp-json\/wp\/v2\/pages\/2093\/revisions"}],"predecessor-version":[{"id":3188,"href":"https:\/\/rollentausch.eu\/en\/wp-json\/wp\/v2\/pages\/2093\/revisions\/3188"}],"wp:attachment":[{"href":"https:\/\/rollentausch.eu\/en\/wp-json\/wp\/v2\/media?parent=2093"}],"curies":[{"name":"wp","href":"https:\/\/api.w.org\/{rel}","templated":true}]}}