{"id":2143,"date":"2023-01-24T10:09:20","date_gmt":"2023-01-24T09:09:20","guid":{"rendered":"https:\/\/rollentausch.eu\/?page_id=2143"},"modified":"2025-07-25T11:26:01","modified_gmt":"2025-07-25T09:26:01","slug":"versanddienst-schweiz","status":"publish","type":"page","link":"https:\/\/rollentausch.eu\/en\/versanddienst-schweiz\/","title":{"rendered":"Versanddienst Schweiz"},"content":{"rendered":"<div data-elementor-type=\"wp-page\" data-elementor-id=\"2143\" class=\"elementor elementor-2143\">\n\t\t\t\t\t\t<section class=\"elementor-section elementor-top-section elementor-element elementor-element-4491c6a elementor-section-boxed elementor-section-height-default elementor-section-height-default\" data-id=\"4491c6a\" data-element_type=\"section\" data-e-type=\"section\">\n\t\t\t\t\t\t<div class=\"elementor-container elementor-column-gap-default\">\n\t\t\t\t\t<div class=\"elementor-column elementor-col-100 elementor-top-column elementor-element elementor-element-1d9ad1f\" data-id=\"1d9ad1f\" data-element_type=\"column\" data-e-type=\"column\">\n\t\t\t<div class=\"elementor-widget-wrap elementor-element-populated\">\n\t\t\t\t\t\t<div class=\"elementor-element elementor-element-6545a29 elementor-widget elementor-widget-heading\" data-id=\"6545a29\" data-element_type=\"widget\" data-e-type=\"widget\" data-widget_type=\"heading.default\">\n\t\t\t\t<div class=\"elementor-widget-container\">\n\t\t\t\t\t<h1 class=\"elementor-heading-title elementor-size-default\"><br>Versanddienst Schweiz<br><\/h1>\t\t\t\t<\/div>\n\t\t\t\t<\/div>\n\t\t\t\t\t<\/div>\n\t\t<\/div>\n\t\t\t\t\t<\/div>\n\t\t<\/section>\n\t\t\t\t<section class=\"elementor-section elementor-top-section elementor-element elementor-element-58383e3 elementor-section-boxed elementor-section-height-default elementor-section-height-default\" data-id=\"58383e3\" data-element_type=\"section\" data-e-type=\"section\">\n\t\t\t\t\t\t<div class=\"elementor-container elementor-column-gap-default\">\n\t\t\t\t\t<div class=\"elementor-column elementor-col-100 elementor-top-column elementor-element elementor-element-83a3804\" data-id=\"83a3804\" data-element_type=\"column\" data-e-type=\"column\">\n\t\t\t<div class=\"elementor-widget-wrap elementor-element-populated\">\n\t\t\t\t\t\t<div class=\"elementor-element elementor-element-6687a39 elementor-widget elementor-widget-text-editor\" data-id=\"6687a39\" data-element_type=\"widget\" data-e-type=\"widget\" data-widget_type=\"text-editor.default\">\n\t\t\t\t<div class=\"elementor-widget-container\">\n\t\t\t\t\t\t\t\t\t<p>Sie k\u00f6nnen Ihren Koffer oder Teile ohne Vorank\u00fcndigung einschicken. Bitte beachten Sie, dass die meisten Versanddienstleister f\u00fcr unverpackte Koffer erhebliche Sperrgutzuschl\u00e4ge erheben oder solche gar nicht bef\u00f6rdern, eine Kartonverpackung ist daher dringend zu empfehlen.<\/p>\n<p>Die <a href=\"https:\/\/service.post.ch\/vsc\/ui\/sending-type\" target=\"_blank\" rel=\"noopener\">schweizerische Post<\/a> bef\u00f6rdert Pakete bis 100 x 60 x 60cm zum Preis von sFr. 9,70, gr\u00f6\u00dfere oder unverpackte als Sperrgut f\u00fcr sFr. 29.-. &nbsp;<\/p>\n<p>Wenn Sie die Radhalter oder Radh\u00e4user abschrauben, sparen Sie Versandkosten und finden leichter einen geeigneten Karton. Bitte legen Sie unbedingt einen Zettel mit<\/p>\n<ul>\n<li>WICHTIG &#8211; einer R\u00dcCKRUFNUMMER<\/li>\n<li>der R\u00fccksendeadresse<\/li>\n<li>dem erwarteten Preis &#8211; siehe <a href=\"https:\/\/rollentausch.eu\/en\/#Preise\" target=\"_blank\" rel=\"noopener\" data-wplink-url-error=\"true\">https:\/\/rollentausch.eu#Preise<\/a><\/li>\n<li>gegebenenfalls Sonderw\u00fcnschen<\/li>\n<\/ul>\n<p><br>bei. Wir melden uns bei Ihnen, sofern der Reparaturpreis Ihren erwarteten Preis \u00fcbertrifft.<br>Die Ausf\u00fchrung \u00fcbernimmt unser Netzwerkpartner &#8222;Z\u00fcriwek&#8220;. Bitte schicken Sie Ihre Teile oder Koffer an:<\/p>\n<p>Stiftung Z\u00fcriwerk<br>Network for Wheels Replacement<br>Baslerstrasse 30<br>8048 Z\u00fcrich<\/p>\n<p>F\u00fcr R\u00fcckfragen wenden Sie sich bitte an Herrn John, <br>Rufnummer +41 (0) 44 405 71 80.<\/p>\n<p>Die R\u00fcckversandkosten betragen:<\/p>\n<ul>\n<li>f\u00fcr P\u00e4ckchen mit ausgebauten Radhaltern und -h\u00e4usern: sFr. 7.-<\/li>\n<li>f\u00fcr Pakete mit Koffern: sFr. 10.-.<\/li>\n<\/ul>\n<p><br>Sie erhalten die reparierten Teile mit Rechnung zur\u00fcck, bitte rechnen Sie mit 2-3 Wochen Bearbeitungszeit. Besondere Eilbed\u00fcrftigkeit vermerken Sie bitte AUSSEN auf Ihrem Paket.<\/p>\t\t\t\t\t\t\t\t<\/div>\n\t\t\t\t<\/div>\n\t\t\t\t\t<\/div>\n\t\t<\/div>\n\t\t\t\t\t<\/div>\n\t\t<\/section>\n\t\t\t\t<\/div>","protected":false},"excerpt":{"rendered":"<p>Versanddienst Schweiz Sie k\u00f6nnen Ihren Koffer oder Teile ohne Vorank\u00fcndigung einschicken. Bitte beachten Sie, dass die meisten Versanddienstleister f\u00fcr unverpackte Koffer erhebliche Sperrgutzuschl\u00e4ge erheben oder solche gar nicht bef\u00f6rdern, eine Kartonverpackung ist daher dringend zu empfehlen. Die schweizerische Post bef\u00f6rdert Pakete bis 100 x 60 x 60cm zum Preis von sFr. 9,70, gr\u00f6\u00dfere oder unverpackte&hellip;&nbsp;<a href=\"https:\/\/rollentausch.eu\/en\/versanddienst-schweiz\/\" class=\"\" rel=\"bookmark\">Read More &raquo;<span class=\"screen-reader-text\">Versanddienst Schweiz<\/span><\/a><\/p>","protected":false},"author":1,"featured_media":0,"parent":0,"menu_order":0,"comment_status":"closed","ping_status":"closed","template":"page-templates\/template-pagebuilder-full-width.php","meta":{"neve_meta_sidebar":"full-width","neve_meta_container":"","neve_meta_enable_content_width":"on","neve_meta_content_width":100,"neve_meta_title_alignment":"","neve_meta_author_avatar":"","neve_post_elements_order":"","neve_meta_disable_header":"","neve_meta_disable_footer":"","neve_meta_disable_title":"","footnotes":""},"class_list":["post-2143","page","type-page","status-publish","hentry"],"yoast_head":"<!-- This site is optimized with the Yoast SEO plugin v27.5 - https:\/\/yoast.com\/product\/yoast-seo-wordpress\/ -->\n<title>Versanddienst Schweiz - Netzwerk Rollentausch<\/title>\n<meta name=\"description\" content=\"Koffer Rollen ersetzen und reparieren - als Versand Service f\u00fcr die Schweiz. Versandkosten idR 10 sFr.\" \/>\n<meta name=\"robots\" content=\"index, follow, max-snippet:-1, max-image-preview:large, max-video-preview:-1\" \/>\n<link rel=\"canonical\" href=\"https:\/\/rollentausch.eu\/en\/versanddienst-schweiz\/\" \/>\n<meta property=\"og:locale\" content=\"en_GB\" \/>\n<meta property=\"og:type\" content=\"article\" \/>\n<meta property=\"og:title\" content=\"Versanddienst Schweiz - Netzwerk Rollentausch\" \/>\n<meta property=\"og:description\" content=\"Koffer Rollen ersetzen und reparieren - als Versand Service f\u00fcr die Schweiz. Versandkosten idR 10 sFr.\" \/>\n<meta property=\"og:url\" content=\"https:\/\/rollentausch.eu\/en\/versanddienst-schweiz\/\" \/>\n<meta property=\"og:site_name\" content=\"Netzwerk Rollentausch\" \/>\n<meta property=\"article:modified_time\" content=\"2025-07-25T09:26:01+00:00\" \/>\n<meta name=\"twitter:card\" content=\"summary_large_image\" \/>\n<meta name=\"twitter:label1\" content=\"Estimated reading time\" \/>\n\t<meta name=\"twitter:data1\" content=\"2 minutes\" \/>\n<script type=\"application\/ld+json\" class=\"yoast-schema-graph\">{\"@context\":\"https:\\\/\\\/schema.org\",\"@graph\":[{\"@type\":\"WebPage\",\"@id\":\"https:\\\/\\\/rollentausch.eu\\\/versanddienst-schweiz\\\/\",\"url\":\"https:\\\/\\\/rollentausch.eu\\\/versanddienst-schweiz\\\/\",\"name\":\"Versanddienst Schweiz - Netzwerk Rollentausch\",\"isPartOf\":{\"@id\":\"https:\\\/\\\/rollentausch.eu\\\/#website\"},\"datePublished\":\"2023-01-24T09:09:20+00:00\",\"dateModified\":\"2025-07-25T09:26:01+00:00\",\"description\":\"Koffer Rollen ersetzen und reparieren - als Versand Service f\u00fcr die Schweiz. Versandkosten idR 10 sFr.\",\"breadcrumb\":{\"@id\":\"https:\\\/\\\/rollentausch.eu\\\/versanddienst-schweiz\\\/#breadcrumb\"},\"inLanguage\":\"en-GB\",\"potentialAction\":[{\"@type\":\"ReadAction\",\"target\":[\"https:\\\/\\\/rollentausch.eu\\\/versanddienst-schweiz\\\/\"]}]},{\"@type\":\"BreadcrumbList\",\"@id\":\"https:\\\/\\\/rollentausch.eu\\\/versanddienst-schweiz\\\/#breadcrumb\",\"itemListElement\":[{\"@type\":\"ListItem\",\"position\":1,\"name\":\"Home\",\"item\":\"https:\\\/\\\/rollentausch.eu\\\/\"},{\"@type\":\"ListItem\",\"position\":2,\"name\":\"Versanddienst Schweiz\"}]},{\"@type\":\"WebSite\",\"@id\":\"https:\\\/\\\/rollentausch.eu\\\/#website\",\"url\":\"https:\\\/\\\/rollentausch.eu\\\/\",\"name\":\"Netzwerk Rollentausch\",\"description\":\"Eine Marke der KomponentenKontor Berlin GmbH\",\"publisher\":{\"@id\":\"https:\\\/\\\/rollentausch.eu\\\/#organization\"},\"potentialAction\":[{\"@type\":\"SearchAction\",\"target\":{\"@type\":\"EntryPoint\",\"urlTemplate\":\"https:\\\/\\\/rollentausch.eu\\\/?s={search_term_string}\"},\"query-input\":{\"@type\":\"PropertyValueSpecification\",\"valueRequired\":true,\"valueName\":\"search_term_string\"}}],\"inLanguage\":\"en-GB\"},{\"@type\":\"Organization\",\"@id\":\"https:\\\/\\\/rollentausch.eu\\\/#organization\",\"name\":\"Netzwerk Rollentausch\",\"url\":\"https:\\\/\\\/rollentausch.eu\\\/\",\"logo\":{\"@type\":\"ImageObject\",\"inLanguage\":\"en-GB\",\"@id\":\"https:\\\/\\\/rollentausch.eu\\\/#\\\/schema\\\/logo\\\/image\\\/\",\"url\":\"https:\\\/\\\/rollentausch.eu\\\/wp-content\\\/uploads\\\/2020\\\/05\\\/cropped-Rollentausch_200x145.png\",\"contentUrl\":\"https:\\\/\\\/rollentausch.eu\\\/wp-content\\\/uploads\\\/2020\\\/05\\\/cropped-Rollentausch_200x145.png\",\"width\":145,\"height\":200,\"caption\":\"Netzwerk Rollentausch\"},\"image\":{\"@id\":\"https:\\\/\\\/rollentausch.eu\\\/#\\\/schema\\\/logo\\\/image\\\/\"}}]}<\/script>\n<!-- \/ Yoast SEO plugin. -->","yoast_head_json":{"title":"Versanddienst Schweiz - Netzwerk Rollentausch","description":"Koffer Rollen ersetzen und reparieren - als Versand Service f\u00fcr die Schweiz. Versandkosten idR 10 sFr.","robots":{"index":"index","follow":"follow","max-snippet":"max-snippet:-1","max-image-preview":"max-image-preview:large","max-video-preview":"max-video-preview:-1"},"canonical":"https:\/\/rollentausch.eu\/en\/versanddienst-schweiz\/","og_locale":"en_GB","og_type":"article","og_title":"Versanddienst Schweiz - Netzwerk Rollentausch","og_description":"Koffer Rollen ersetzen und reparieren - als Versand Service f\u00fcr die Schweiz. Versandkosten idR 10 sFr.","og_url":"https:\/\/rollentausch.eu\/en\/versanddienst-schweiz\/","og_site_name":"Netzwerk Rollentausch","article_modified_time":"2025-07-25T09:26:01+00:00","twitter_card":"summary_large_image","twitter_misc":{"Estimated reading time":"2 minutes"},"schema":{"@context":"https:\/\/schema.org","@graph":[{"@type":"WebPage","@id":"https:\/\/rollentausch.eu\/versanddienst-schweiz\/","url":"https:\/\/rollentausch.eu\/versanddienst-schweiz\/","name":"Versanddienst Schweiz - Netzwerk Rollentausch","isPartOf":{"@id":"https:\/\/rollentausch.eu\/#website"},"datePublished":"2023-01-24T09:09:20+00:00","dateModified":"2025-07-25T09:26:01+00:00","description":"Koffer Rollen ersetzen und reparieren - als Versand Service f\u00fcr die Schweiz. Versandkosten idR 10 sFr.","breadcrumb":{"@id":"https:\/\/rollentausch.eu\/versanddienst-schweiz\/#breadcrumb"},"inLanguage":"en-GB","potentialAction":[{"@type":"ReadAction","target":["https:\/\/rollentausch.eu\/versanddienst-schweiz\/"]}]},{"@type":"BreadcrumbList","@id":"https:\/\/rollentausch.eu\/versanddienst-schweiz\/#breadcrumb","itemListElement":[{"@type":"ListItem","position":1,"name":"Home","item":"https:\/\/rollentausch.eu\/"},{"@type":"ListItem","position":2,"name":"Versanddienst Schweiz"}]},{"@type":"WebSite","@id":"https:\/\/rollentausch.eu\/#website","url":"https:\/\/rollentausch.eu\/","name":"Network for Wheels Replacement","description":"Eine Marke der KomponentenKontor Berlin GmbH","publisher":{"@id":"https:\/\/rollentausch.eu\/#organization"},"potentialAction":[{"@type":"SearchAction","target":{"@type":"EntryPoint","urlTemplate":"https:\/\/rollentausch.eu\/?s={search_term_string}"},"query-input":{"@type":"PropertyValueSpecification","valueRequired":true,"valueName":"search_term_string"}}],"inLanguage":"en-GB"},{"@type":"Organization","@id":"https:\/\/rollentausch.eu\/#organization","name":"Network for Wheels Replacement","url":"https:\/\/rollentausch.eu\/","logo":{"@type":"ImageObject","inLanguage":"en-GB","@id":"https:\/\/rollentausch.eu\/#\/schema\/logo\/image\/","url":"https:\/\/rollentausch.eu\/wp-content\/uploads\/2020\/05\/cropped-Rollentausch_200x145.png","contentUrl":"https:\/\/rollentausch.eu\/wp-content\/uploads\/2020\/05\/cropped-Rollentausch_200x145.png","width":145,"height":200,"caption":"Netzwerk Rollentausch"},"image":{"@id":"https:\/\/rollentausch.eu\/#\/schema\/logo\/image\/"}}]}},"_links":{"self":[{"href":"https:\/\/rollentausch.eu\/en\/wp-json\/wp\/v2\/pages\/2143","targetHints":{"allow":["GET"]}}],"collection":[{"href":"https:\/\/rollentausch.eu\/en\/wp-json\/wp\/v2\/pages"}],"about":[{"href":"https:\/\/rollentausch.eu\/en\/wp-json\/wp\/v2\/types\/page"}],"author":[{"embeddable":true,"href":"https:\/\/rollentausch.eu\/en\/wp-json\/wp\/v2\/users\/1"}],"replies":[{"embeddable":true,"href":"https:\/\/rollentausch.eu\/en\/wp-json\/wp\/v2\/comments?post=2143"}],"version-history":[{"count":1,"href":"https:\/\/rollentausch.eu\/en\/wp-json\/wp\/v2\/pages\/2143\/revisions"}],"predecessor-version":[{"id":3406,"href":"https:\/\/rollentausch.eu\/en\/wp-json\/wp\/v2\/pages\/2143\/revisions\/3406"}],"wp:attachment":[{"href":"https:\/\/rollentausch.eu\/en\/wp-json\/wp\/v2\/media?parent=2143"}],"curies":[{"name":"wp","href":"https:\/\/api.w.org\/{rel}","templated":true}]}}