{"id":2446,"date":"2024-03-31T13:39:22","date_gmt":"2024-03-31T11:39:22","guid":{"rendered":"https:\/\/rollentausch.eu\/?page_id=2446"},"modified":"2025-08-27T10:11:10","modified_gmt":"2025-08-27T08:11:10","slug":"versanddienst-deutschland","status":"publish","type":"page","link":"https:\/\/rollentausch.eu\/en\/versanddienst-deutschland\/","title":{"rendered":"Versanddienst Deutschland"},"content":{"rendered":"<div data-elementor-type=\"wp-page\" data-elementor-id=\"2446\" class=\"elementor elementor-2446\">\n\t\t\t\t\t\t<section class=\"elementor-section elementor-top-section elementor-element elementor-element-4491c6a elementor-section-boxed elementor-section-height-default elementor-section-height-default\" data-id=\"4491c6a\" data-element_type=\"section\" data-e-type=\"section\">\n\t\t\t\t\t\t<div class=\"elementor-container elementor-column-gap-default\">\n\t\t\t\t\t<div class=\"elementor-column elementor-col-100 elementor-top-column elementor-element elementor-element-1d9ad1f\" data-id=\"1d9ad1f\" data-element_type=\"column\" data-e-type=\"column\">\n\t\t\t<div class=\"elementor-widget-wrap elementor-element-populated\">\n\t\t\t\t\t\t<div class=\"elementor-element elementor-element-6545a29 elementor-widget elementor-widget-heading\" data-id=\"6545a29\" data-element_type=\"widget\" data-e-type=\"widget\" data-widget_type=\"heading.default\">\n\t\t\t\t<div class=\"elementor-widget-container\">\n\t\t\t\t\t<h1 class=\"elementor-heading-title elementor-size-default\"><br>Versanddienst Deutschland<\/h1>\t\t\t\t<\/div>\n\t\t\t\t<\/div>\n\t\t\t\t\t<\/div>\n\t\t<\/div>\n\t\t\t\t\t<\/div>\n\t\t<\/section>\n\t\t\t\t<section class=\"elementor-section elementor-top-section elementor-element elementor-element-58383e3 elementor-section-boxed elementor-section-height-default elementor-section-height-default\" data-id=\"58383e3\" data-element_type=\"section\" data-e-type=\"section\">\n\t\t\t\t\t\t<div class=\"elementor-container elementor-column-gap-default\">\n\t\t\t\t\t<div class=\"elementor-column elementor-col-100 elementor-top-column elementor-element elementor-element-83a3804\" data-id=\"83a3804\" data-element_type=\"column\" data-e-type=\"column\">\n\t\t\t<div class=\"elementor-widget-wrap elementor-element-populated\">\n\t\t\t\t\t\t<div class=\"elementor-element elementor-element-6687a39 elementor-widget elementor-widget-text-editor\" data-id=\"6687a39\" data-element_type=\"widget\" data-e-type=\"widget\" data-widget_type=\"text-editor.default\">\n\t\t\t\t<div class=\"elementor-widget-container\">\n\t\t\t\t\t\t\t\t\t<div id=\"content\" class=\"site-content\"><div class=\"center\"><div class=\"description\"><p>Unseren schweizerischen Kunden empfehlen wir die Nutzung unseres <a href=\"https:\/\/rollentausch.eu\/en\/versanddienst-schweiz\/\">Versanddienstes Schweiz<\/a>, solchen aus \u00d6sterreich unseren <a href=\"https:\/\/rollentausch.eu\/en\/versanddienst-oesterreich\/\">Versanddienst \u00d6sterreich<\/a>. Die folgenden Angaben sind f\u00fcr Deutschland und alle anderen L\u00e4nder.<\/p><p>Sie k\u00f6nnen Ihren Koffer oder Teile einfach einschicken. Wenn Sie die Radhalter oder Radh\u00e4user abschrauben, sparen Sie Versandkosten und finden leichter einen geeigneten Karton. Bitte legen Sie unbedingt einen Zettel mit:<\/p><ul><li><strong>WICHTIG &#8211; einer R\u00dcCKRUFNUMMER<\/strong><\/li><li>der R\u00fccksendeadresse<\/li><li>dem erwarteten Preis &#8211; siehe <a href=\"https:\/\/rollentausch.eu\/en\/#Preise\" target=\"_blank\" rel=\"noopener\">Prices<\/a><\/li><li>gegebenenfalls Sonderw\u00fcnschen<\/li><\/ul><p>Wir melden uns bei Ihnen, sofern der Reparaturpreis Ihren erwarteten Preis \u00fcbertrifft.<\/p><p>Die Ausf\u00fchrung \u00fcbernimmt unser Netzwerkpartner &#8222;Rudolf-Sophien-Stift&#8220; gGmbH in Stuttgart,<br \/>eine staatlich anerkannte Werkstatt f\u00fcr behinderte Menschen. Bitte schicken Sie Ihre Teile oder Koffer an:<\/p><p>Rudolf-Sophien-Stift gGmbH<br \/>Abt. Rollentausch<br \/>Schockenriedstra\u00dfe 44<br \/>70565 Stuttgart<\/p><p>F\u00fcr R\u00fcckfragen wenden Sie sich bitte an RRSS, ABt. Rollentausch: Tel: 0711 \/ 169 31- 18.<\/p><p>Bitte versenden Sie Koffer stets in einem ausreichend stabilen Karton. Sie erhalten die reparierten Teile mit Rechnung zur\u00fcck, die R\u00fcckversandkosten betragen innerhalb Deutschlands:<\/p><ul><li>f\u00fcr P\u00e4ckchen mit ausgebauten Radhaltern und -h\u00e4usern: \u20ac 7,60<\/li><li>f\u00fcr Pakete mit Koffern: \u20ac 10,-<\/li><li>R\u00fcckversandkosten ins Ausland erfragen Sie bitte separat.<\/li><\/ul><p><br \/>Bitte vermerken Sie <strong>AUSSEN<\/strong> auf Ihrem Paket, sofern Sie die R\u00e4der zu einem bestimmten Termin zur\u00fcck ben\u00f6tigen.<\/p><\/div><\/div><\/div>\t\t\t\t\t\t\t\t<\/div>\n\t\t\t\t<\/div>\n\t\t\t\t\t<\/div>\n\t\t<\/div>\n\t\t\t\t\t<\/div>\n\t\t<\/section>\n\t\t\t\t<\/div>","protected":false},"excerpt":{"rendered":"<p>Versanddienst Deutschland Unseren schweizerischen Kunden empfehlen wir die Nutzung unseres Versanddienstes Schweiz, solchen aus \u00d6sterreich unseren Versanddienst \u00d6sterreich. Die folgenden Angaben sind f\u00fcr Deutschland und alle anderen L\u00e4nder. Sie k\u00f6nnen Ihren Koffer oder Teile einfach einschicken. Wenn Sie die Radhalter oder Radh\u00e4user abschrauben, sparen Sie Versandkosten und finden leichter einen geeigneten Karton. Bitte legen Sie&hellip;&nbsp;<a href=\"https:\/\/rollentausch.eu\/en\/versanddienst-deutschland\/\" class=\"\" rel=\"bookmark\">Read More &raquo;<span class=\"screen-reader-text\">Versanddienst Deutschland<\/span><\/a><\/p>","protected":false},"author":1,"featured_media":0,"parent":0,"menu_order":0,"comment_status":"closed","ping_status":"closed","template":"page-templates\/template-pagebuilder-full-width.php","meta":{"neve_meta_sidebar":"full-width","neve_meta_container":"","neve_meta_enable_content_width":"on","neve_meta_content_width":100,"neve_meta_title_alignment":"","neve_meta_author_avatar":"","neve_post_elements_order":"","neve_meta_disable_header":"","neve_meta_disable_footer":"","neve_meta_disable_title":"","footnotes":""},"class_list":["post-2446","page","type-page","status-publish","hentry"],"yoast_head":"<!-- This site is optimized with the Yoast SEO plugin v27.4 - https:\/\/yoast.com\/product\/yoast-seo-wordpress\/ -->\n<title>Versanddienst Deutschland - Netzwerk Rollentausch<\/title>\n<meta name=\"description\" content=\"Koffer Rollen ersetzen und reparieren - als Versand Service f\u00fcr die Schweiz. Versandkosten idR 10 sFr.\" \/>\n<meta name=\"robots\" content=\"index, follow, max-snippet:-1, max-image-preview:large, max-video-preview:-1\" \/>\n<link rel=\"canonical\" href=\"https:\/\/rollentausch.eu\/en\/versanddienst-deutschland\/\" \/>\n<meta property=\"og:locale\" content=\"en_GB\" \/>\n<meta property=\"og:type\" content=\"article\" \/>\n<meta property=\"og:title\" content=\"Versanddienst Deutschland - Netzwerk Rollentausch\" \/>\n<meta property=\"og:description\" content=\"Koffer Rollen ersetzen und reparieren - als Versand Service f\u00fcr die Schweiz. Versandkosten idR 10 sFr.\" \/>\n<meta property=\"og:url\" content=\"https:\/\/rollentausch.eu\/en\/versanddienst-deutschland\/\" \/>\n<meta property=\"og:site_name\" content=\"Netzwerk Rollentausch\" \/>\n<meta property=\"article:modified_time\" content=\"2025-08-27T08:11:10+00:00\" \/>\n<meta name=\"twitter:card\" content=\"summary_large_image\" \/>\n<meta name=\"twitter:label1\" content=\"Estimated reading time\" \/>\n\t<meta name=\"twitter:data1\" content=\"2 minutes\" \/>\n<script type=\"application\/ld+json\" class=\"yoast-schema-graph\">{\"@context\":\"https:\\\/\\\/schema.org\",\"@graph\":[{\"@type\":\"WebPage\",\"@id\":\"https:\\\/\\\/rollentausch.eu\\\/versanddienst-deutschland\\\/\",\"url\":\"https:\\\/\\\/rollentausch.eu\\\/versanddienst-deutschland\\\/\",\"name\":\"Versanddienst Deutschland - Netzwerk Rollentausch\",\"isPartOf\":{\"@id\":\"https:\\\/\\\/rollentausch.eu\\\/#website\"},\"datePublished\":\"2024-03-31T11:39:22+00:00\",\"dateModified\":\"2025-08-27T08:11:10+00:00\",\"description\":\"Koffer Rollen ersetzen und reparieren - als Versand Service f\u00fcr die Schweiz. Versandkosten idR 10 sFr.\",\"breadcrumb\":{\"@id\":\"https:\\\/\\\/rollentausch.eu\\\/versanddienst-deutschland\\\/#breadcrumb\"},\"inLanguage\":\"en-GB\",\"potentialAction\":[{\"@type\":\"ReadAction\",\"target\":[\"https:\\\/\\\/rollentausch.eu\\\/versanddienst-deutschland\\\/\"]}]},{\"@type\":\"BreadcrumbList\",\"@id\":\"https:\\\/\\\/rollentausch.eu\\\/versanddienst-deutschland\\\/#breadcrumb\",\"itemListElement\":[{\"@type\":\"ListItem\",\"position\":1,\"name\":\"Home\",\"item\":\"https:\\\/\\\/rollentausch.eu\\\/\"},{\"@type\":\"ListItem\",\"position\":2,\"name\":\"Versanddienst Deutschland\"}]},{\"@type\":\"WebSite\",\"@id\":\"https:\\\/\\\/rollentausch.eu\\\/#website\",\"url\":\"https:\\\/\\\/rollentausch.eu\\\/\",\"name\":\"Netzwerk Rollentausch\",\"description\":\"Eine Marke der KomponentenKontor Berlin GmbH\",\"publisher\":{\"@id\":\"https:\\\/\\\/rollentausch.eu\\\/#organization\"},\"potentialAction\":[{\"@type\":\"SearchAction\",\"target\":{\"@type\":\"EntryPoint\",\"urlTemplate\":\"https:\\\/\\\/rollentausch.eu\\\/?s={search_term_string}\"},\"query-input\":{\"@type\":\"PropertyValueSpecification\",\"valueRequired\":true,\"valueName\":\"search_term_string\"}}],\"inLanguage\":\"en-GB\"},{\"@type\":\"Organization\",\"@id\":\"https:\\\/\\\/rollentausch.eu\\\/#organization\",\"name\":\"Netzwerk Rollentausch\",\"url\":\"https:\\\/\\\/rollentausch.eu\\\/\",\"logo\":{\"@type\":\"ImageObject\",\"inLanguage\":\"en-GB\",\"@id\":\"https:\\\/\\\/rollentausch.eu\\\/#\\\/schema\\\/logo\\\/image\\\/\",\"url\":\"https:\\\/\\\/rollentausch.eu\\\/wp-content\\\/uploads\\\/2020\\\/05\\\/cropped-Rollentausch_200x145.png\",\"contentUrl\":\"https:\\\/\\\/rollentausch.eu\\\/wp-content\\\/uploads\\\/2020\\\/05\\\/cropped-Rollentausch_200x145.png\",\"width\":145,\"height\":200,\"caption\":\"Netzwerk Rollentausch\"},\"image\":{\"@id\":\"https:\\\/\\\/rollentausch.eu\\\/#\\\/schema\\\/logo\\\/image\\\/\"}}]}<\/script>\n<!-- \/ Yoast SEO plugin. -->","yoast_head_json":{"title":"Versanddienst Deutschland - Netzwerk Rollentausch","description":"Koffer Rollen ersetzen und reparieren - als Versand Service f\u00fcr die Schweiz. Versandkosten idR 10 sFr.","robots":{"index":"index","follow":"follow","max-snippet":"max-snippet:-1","max-image-preview":"max-image-preview:large","max-video-preview":"max-video-preview:-1"},"canonical":"https:\/\/rollentausch.eu\/en\/versanddienst-deutschland\/","og_locale":"en_GB","og_type":"article","og_title":"Versanddienst Deutschland - Netzwerk Rollentausch","og_description":"Koffer Rollen ersetzen und reparieren - als Versand Service f\u00fcr die Schweiz. Versandkosten idR 10 sFr.","og_url":"https:\/\/rollentausch.eu\/en\/versanddienst-deutschland\/","og_site_name":"Netzwerk Rollentausch","article_modified_time":"2025-08-27T08:11:10+00:00","twitter_card":"summary_large_image","twitter_misc":{"Estimated reading time":"2 minutes"},"schema":{"@context":"https:\/\/schema.org","@graph":[{"@type":"WebPage","@id":"https:\/\/rollentausch.eu\/versanddienst-deutschland\/","url":"https:\/\/rollentausch.eu\/versanddienst-deutschland\/","name":"Versanddienst Deutschland - Netzwerk Rollentausch","isPartOf":{"@id":"https:\/\/rollentausch.eu\/#website"},"datePublished":"2024-03-31T11:39:22+00:00","dateModified":"2025-08-27T08:11:10+00:00","description":"Koffer Rollen ersetzen und reparieren - als Versand Service f\u00fcr die Schweiz. Versandkosten idR 10 sFr.","breadcrumb":{"@id":"https:\/\/rollentausch.eu\/versanddienst-deutschland\/#breadcrumb"},"inLanguage":"en-GB","potentialAction":[{"@type":"ReadAction","target":["https:\/\/rollentausch.eu\/versanddienst-deutschland\/"]}]},{"@type":"BreadcrumbList","@id":"https:\/\/rollentausch.eu\/versanddienst-deutschland\/#breadcrumb","itemListElement":[{"@type":"ListItem","position":1,"name":"Home","item":"https:\/\/rollentausch.eu\/"},{"@type":"ListItem","position":2,"name":"Versanddienst Deutschland"}]},{"@type":"WebSite","@id":"https:\/\/rollentausch.eu\/#website","url":"https:\/\/rollentausch.eu\/","name":"Network for Wheels Replacement","description":"Eine Marke der KomponentenKontor Berlin GmbH","publisher":{"@id":"https:\/\/rollentausch.eu\/#organization"},"potentialAction":[{"@type":"SearchAction","target":{"@type":"EntryPoint","urlTemplate":"https:\/\/rollentausch.eu\/?s={search_term_string}"},"query-input":{"@type":"PropertyValueSpecification","valueRequired":true,"valueName":"search_term_string"}}],"inLanguage":"en-GB"},{"@type":"Organization","@id":"https:\/\/rollentausch.eu\/#organization","name":"Network for Wheels Replacement","url":"https:\/\/rollentausch.eu\/","logo":{"@type":"ImageObject","inLanguage":"en-GB","@id":"https:\/\/rollentausch.eu\/#\/schema\/logo\/image\/","url":"https:\/\/rollentausch.eu\/wp-content\/uploads\/2020\/05\/cropped-Rollentausch_200x145.png","contentUrl":"https:\/\/rollentausch.eu\/wp-content\/uploads\/2020\/05\/cropped-Rollentausch_200x145.png","width":145,"height":200,"caption":"Netzwerk Rollentausch"},"image":{"@id":"https:\/\/rollentausch.eu\/#\/schema\/logo\/image\/"}}]}},"_links":{"self":[{"href":"https:\/\/rollentausch.eu\/en\/wp-json\/wp\/v2\/pages\/2446","targetHints":{"allow":["GET"]}}],"collection":[{"href":"https:\/\/rollentausch.eu\/en\/wp-json\/wp\/v2\/pages"}],"about":[{"href":"https:\/\/rollentausch.eu\/en\/wp-json\/wp\/v2\/types\/page"}],"author":[{"embeddable":true,"href":"https:\/\/rollentausch.eu\/en\/wp-json\/wp\/v2\/users\/1"}],"replies":[{"embeddable":true,"href":"https:\/\/rollentausch.eu\/en\/wp-json\/wp\/v2\/comments?post=2446"}],"version-history":[{"count":16,"href":"https:\/\/rollentausch.eu\/en\/wp-json\/wp\/v2\/pages\/2446\/revisions"}],"predecessor-version":[{"id":3469,"href":"https:\/\/rollentausch.eu\/en\/wp-json\/wp\/v2\/pages\/2446\/revisions\/3469"}],"wp:attachment":[{"href":"https:\/\/rollentausch.eu\/en\/wp-json\/wp\/v2\/media?parent=2446"}],"curies":[{"name":"wp","href":"https:\/\/api.w.org\/{rel}","templated":true}]}}