{"id":2859,"date":"2024-10-24T14:17:07","date_gmt":"2024-10-24T12:17:07","guid":{"rendered":"https:\/\/rollentausch.eu\/?page_id=2859"},"modified":"2024-10-25T13:21:29","modified_gmt":"2024-10-25T11:21:29","slug":"8-radrige-koffer","status":"publish","type":"page","link":"https:\/\/rollentausch.eu\/en\/8-radrige-koffer\/","title":{"rendered":"eight-wheel suitcase"},"content":{"rendered":"<div data-elementor-type=\"wp-page\" data-elementor-id=\"2859\" class=\"elementor elementor-2859\">\n\t\t\t\t\t\t<section class=\"elementor-section elementor-top-section elementor-element elementor-element-d527a63 elementor-section-boxed elementor-section-height-default elementor-section-height-default\" data-id=\"d527a63\" data-element_type=\"section\" data-e-type=\"section\" data-settings=\"{&quot;background_background&quot;:&quot;classic&quot;}\">\n\t\t\t\t\t\t<div class=\"elementor-container elementor-column-gap-default\">\n\t\t\t\t\t<div class=\"elementor-column elementor-col-100 elementor-top-column elementor-element elementor-element-10d97d8\" data-id=\"10d97d8\" data-element_type=\"column\" data-e-type=\"column\">\n\t\t\t<div class=\"elementor-widget-wrap elementor-element-populated\">\n\t\t\t\t\t\t<section class=\"elementor-section elementor-inner-section elementor-element elementor-element-674fcb4 elementor-section-content-middle elementor-section-boxed elementor-section-height-default elementor-section-height-default\" data-id=\"674fcb4\" data-element_type=\"section\" data-e-type=\"section\" data-settings=\"{&quot;background_background&quot;:&quot;classic&quot;}\">\n\t\t\t\t\t\t<div class=\"elementor-container elementor-column-gap-default\">\n\t\t\t\t\t<div class=\"elementor-column elementor-col-100 elementor-inner-column elementor-element elementor-element-4fb2007\" data-id=\"4fb2007\" data-element_type=\"column\" data-e-type=\"column\">\n\t\t\t<div class=\"elementor-widget-wrap elementor-element-populated\">\n\t\t\t\t\t\t<div class=\"elementor-element elementor-element-327af63 elementor-widget elementor-widget-heading\" data-id=\"327af63\" data-element_type=\"widget\" data-e-type=\"widget\" data-widget_type=\"heading.default\">\n\t\t\t\t<div class=\"elementor-widget-container\">\n\t\t\t\t\t<h2 class=\"elementor-heading-title elementor-size-large\">eight-wheel suitcase<\/h2>\t\t\t\t<\/div>\n\t\t\t\t<\/div>\n\t\t\t\t\t<\/div>\n\t\t<\/div>\n\t\t\t\t\t<\/div>\n\t\t<\/section>\n\t\t\t\t<section class=\"elementor-section elementor-inner-section elementor-element elementor-element-8961f30 elementor-section-boxed elementor-section-height-default elementor-section-height-default\" data-id=\"8961f30\" data-element_type=\"section\" data-e-type=\"section\" data-settings=\"{&quot;background_background&quot;:&quot;classic&quot;}\">\n\t\t\t\t\t\t<div class=\"elementor-container elementor-column-gap-default\">\n\t\t\t\t\t<div class=\"elementor-column elementor-col-100 elementor-inner-column elementor-element elementor-element-e0adf15\" data-id=\"e0adf15\" data-element_type=\"column\" data-e-type=\"column\" data-settings=\"{&quot;background_background&quot;:&quot;classic&quot;}\">\n\t\t\t<div class=\"elementor-widget-wrap elementor-element-populated\">\n\t\t\t\t\t\t<div class=\"elementor-element elementor-element-5c571fd elementor-widget elementor-widget-text-editor\" data-id=\"5c571fd\" data-element_type=\"widget\" data-e-type=\"widget\" data-widget_type=\"text-editor.default\">\n\t\t\t\t<div class=\"elementor-widget-container\">\n\t\t\t\t\t\t\t\t\t<p>Eight-wheel suitcase we can save as well. Depending on the size we use ball bearing wheels with 40, 50, 60, or 64mm in diameter.<\/p><p>Our replacement wheels are usually a bit stronger than the usually very frail originals. They may look a bit bulky, but compensate with much better durability and running characteristics.<\/p>\t\t\t\t\t\t\t\t<\/div>\n\t\t\t\t<\/div>\n\t\t\t\t<div class=\"elementor-element elementor-element-035ebd0 elementor-widget elementor-widget-image\" data-id=\"035ebd0\" data-element_type=\"widget\" data-e-type=\"widget\" data-widget_type=\"image.default\">\n\t\t\t\t<div class=\"elementor-widget-container\">\n\t\t\t\t\t\t\t\t\t\t\t\t\t\t\t<img decoding=\"async\" src=\"https:\/\/rollentausch.eu\/wp-content\/uploads\/elementor\/thumbs\/koffer-rolle-ausgetauscht-doppelrolle-8-r\u00e4drig-p2r2m03rfkatsse4rmwocyzsyw5f3212dmeu9jdjti.jpg\" title=\"koffer-rolle-ausgetauscht-doppelrolle-8-r\u00e4drig\" alt=\"Koffer Rollen Reparatur, Doppelr\u00e4der, 8-r\u00e4drig\" loading=\"lazy\" \/>\t\t\t\t\t\t\t\t\t\t\t\t\t\t\t<\/div>\n\t\t\t\t<\/div>\n\t\t\t\t<div class=\"elementor-element elementor-element-f7f6da4 elementor-widget elementor-widget-text-editor\" data-id=\"f7f6da4\" data-element_type=\"widget\" data-e-type=\"widget\" data-widget_type=\"text-editor.default\">\n\t\t\t\t<div class=\"elementor-widget-container\">\n\t\t\t\t\t\t\t\t\t<p>Bei manchen 8-r\u00e4drigen sind die Achsen in den Radhalter eingespritzt und k\u00f6nnen nur mit hohem Aufwand und Zerst\u00f6rungsrisiko entfernt werden. In diesem Fall empfehlen wir den <a href=\"https:\/\/rollentausch.eu\/en\/lenkrollen\/\" target=\"_blank\" rel=\"noopener\">Ersatz durch Lenkrollen:<\/a><\/p>\t\t\t\t\t\t\t\t<\/div>\n\t\t\t\t<\/div>\n\t\t\t\t<div class=\"elementor-element elementor-element-16228bd elementor-widget elementor-widget-image\" data-id=\"16228bd\" data-element_type=\"widget\" data-e-type=\"widget\" data-widget_type=\"image.default\">\n\t\t\t\t<div class=\"elementor-widget-container\">\n\t\t\t\t\t\t\t\t\t\t\t\t\t\t\t<img decoding=\"async\" src=\"https:\/\/rollentausch.eu\/wp-content\/uploads\/2024\/10\/vorher-nachher7-8R-Lero.png\" title=\"\" alt=\"\" loading=\"lazy\" \/>\t\t\t\t\t\t\t\t\t\t\t\t\t\t\t<\/div>\n\t\t\t\t<\/div>\n\t\t\t\t\t<\/div>\n\t\t<\/div>\n\t\t\t\t\t<\/div>\n\t\t<\/section>\n\t\t\t\t\t<\/div>\n\t\t<\/div>\n\t\t\t\t\t<\/div>\n\t\t<\/section>\n\t\t\t\t<\/div>","protected":false},"excerpt":{"rendered":"<p>8-r\u00e4drige Koffer Auch 8-r\u00e4drige Koffer k\u00f6nnen wir retten. Je nach Gr\u00f6\u00dfe verwenden wir Kugellager-R\u00e4der mit 40, 50, 60 oder 64mm Durchmesser. Unsere Ersatzr\u00e4der sind hier meistens etwas kr\u00e4ftiger als die meist sehr schm\u00e4chtigen Originale. F\u00fcr das etwas wuchtigere Aussehen entsch\u00e4digen sie aber mit ungleich besserer Haltbarkeit und besseren Laufeigenschaften. Bei manchen 8-r\u00e4drigen sind die Achsen&hellip;&nbsp;<a href=\"https:\/\/rollentausch.eu\/en\/8-radrige-koffer\/\" class=\"\" rel=\"bookmark\">Read More &raquo;<span class=\"screen-reader-text\">eight-wheel suitcase<\/span><\/a><\/p>","protected":false},"author":1,"featured_media":0,"parent":0,"menu_order":0,"comment_status":"closed","ping_status":"closed","template":"page-templates\/template-pagebuilder-full-width.php","meta":{"neve_meta_sidebar":"full-width","neve_meta_container":"","neve_meta_enable_content_width":"on","neve_meta_content_width":100,"neve_meta_title_alignment":"","neve_meta_author_avatar":"","neve_post_elements_order":"","neve_meta_disable_header":"","neve_meta_disable_footer":"","neve_meta_disable_title":"","footnotes":""},"class_list":["post-2859","page","type-page","status-publish","hentry"],"yoast_head":"<!-- This site is optimized with the Yoast SEO plugin v27.4 - https:\/\/yoast.com\/product\/yoast-seo-wordpress\/ -->\n<title>8-r\u00e4drige Koffer - Netzwerk Rollentausch<\/title>\n<meta name=\"description\" content=\"Koffer Rollen ersetzen, herstellerunabh\u00e4ngig. Hochwertige, kugelgelagerte Rollen, ab 22.- \u20ac, in 11 St\u00e4dten in DE und CH, und im Versand.\" \/>\n<meta name=\"robots\" content=\"index, follow, max-snippet:-1, max-image-preview:large, max-video-preview:-1\" \/>\n<link rel=\"canonical\" href=\"https:\/\/rollentausch.eu\/en\/8-radrige-koffer\/\" \/>\n<meta property=\"og:locale\" content=\"en_GB\" \/>\n<meta property=\"og:type\" content=\"article\" \/>\n<meta property=\"og:title\" content=\"8-r\u00e4drige Koffer - Netzwerk Rollentausch\" \/>\n<meta property=\"og:description\" content=\"Koffer Rollen ersetzen, herstellerunabh\u00e4ngig. Hochwertige, kugelgelagerte Rollen, ab 22.- \u20ac, in 11 St\u00e4dten in DE und CH, und im Versand.\" \/>\n<meta property=\"og:url\" content=\"https:\/\/rollentausch.eu\/en\/8-radrige-koffer\/\" \/>\n<meta property=\"og:site_name\" content=\"Netzwerk Rollentausch\" \/>\n<meta property=\"article:modified_time\" content=\"2024-10-25T11:21:29+00:00\" \/>\n<meta property=\"og:image\" content=\"https:\/\/rollentausch.eu\/wp-content\/uploads\/2024\/10\/vorher-nachher7-8R-Lero.png\" \/>\n<meta name=\"twitter:card\" content=\"summary_large_image\" \/>\n<meta name=\"twitter:label1\" content=\"Estimated reading time\" \/>\n\t<meta name=\"twitter:data1\" content=\"1 minute\" \/>\n<script type=\"application\/ld+json\" class=\"yoast-schema-graph\">{\"@context\":\"https:\\\/\\\/schema.org\",\"@graph\":[{\"@type\":\"WebPage\",\"@id\":\"https:\\\/\\\/rollentausch.eu\\\/8-radrige-koffer\\\/\",\"url\":\"https:\\\/\\\/rollentausch.eu\\\/8-radrige-koffer\\\/\",\"name\":\"8-r\u00e4drige Koffer - Netzwerk Rollentausch\",\"isPartOf\":{\"@id\":\"https:\\\/\\\/rollentausch.eu\\\/#website\"},\"primaryImageOfPage\":{\"@id\":\"https:\\\/\\\/rollentausch.eu\\\/8-radrige-koffer\\\/#primaryimage\"},\"image\":{\"@id\":\"https:\\\/\\\/rollentausch.eu\\\/8-radrige-koffer\\\/#primaryimage\"},\"thumbnailUrl\":\"https:\\\/\\\/rollentausch.eu\\\/wp-content\\\/uploads\\\/2024\\\/10\\\/vorher-nachher7-8R-Lero.png\",\"datePublished\":\"2024-10-24T12:17:07+00:00\",\"dateModified\":\"2024-10-25T11:21:29+00:00\",\"description\":\"Koffer Rollen ersetzen, herstellerunabh\u00e4ngig. Hochwertige, kugelgelagerte Rollen, ab 22.- \u20ac, in 11 St\u00e4dten in DE und CH, und im Versand.\",\"breadcrumb\":{\"@id\":\"https:\\\/\\\/rollentausch.eu\\\/8-radrige-koffer\\\/#breadcrumb\"},\"inLanguage\":\"en-GB\",\"potentialAction\":[{\"@type\":\"ReadAction\",\"target\":[\"https:\\\/\\\/rollentausch.eu\\\/8-radrige-koffer\\\/\"]}]},{\"@type\":\"ImageObject\",\"inLanguage\":\"en-GB\",\"@id\":\"https:\\\/\\\/rollentausch.eu\\\/8-radrige-koffer\\\/#primaryimage\",\"url\":\"https:\\\/\\\/rollentausch.eu\\\/wp-content\\\/uploads\\\/2024\\\/10\\\/vorher-nachher7-8R-Lero.png\",\"contentUrl\":\"https:\\\/\\\/rollentausch.eu\\\/wp-content\\\/uploads\\\/2024\\\/10\\\/vorher-nachher7-8R-Lero.png\"},{\"@type\":\"BreadcrumbList\",\"@id\":\"https:\\\/\\\/rollentausch.eu\\\/8-radrige-koffer\\\/#breadcrumb\",\"itemListElement\":[{\"@type\":\"ListItem\",\"position\":1,\"name\":\"Home\",\"item\":\"https:\\\/\\\/rollentausch.eu\\\/\"},{\"@type\":\"ListItem\",\"position\":2,\"name\":\"8-r\u00e4drige Koffer\"}]},{\"@type\":\"WebSite\",\"@id\":\"https:\\\/\\\/rollentausch.eu\\\/#website\",\"url\":\"https:\\\/\\\/rollentausch.eu\\\/\",\"name\":\"Netzwerk Rollentausch\",\"description\":\"Eine Marke der KomponentenKontor Berlin GmbH\",\"publisher\":{\"@id\":\"https:\\\/\\\/rollentausch.eu\\\/#organization\"},\"potentialAction\":[{\"@type\":\"SearchAction\",\"target\":{\"@type\":\"EntryPoint\",\"urlTemplate\":\"https:\\\/\\\/rollentausch.eu\\\/?s={search_term_string}\"},\"query-input\":{\"@type\":\"PropertyValueSpecification\",\"valueRequired\":true,\"valueName\":\"search_term_string\"}}],\"inLanguage\":\"en-GB\"},{\"@type\":\"Organization\",\"@id\":\"https:\\\/\\\/rollentausch.eu\\\/#organization\",\"name\":\"Netzwerk Rollentausch\",\"url\":\"https:\\\/\\\/rollentausch.eu\\\/\",\"logo\":{\"@type\":\"ImageObject\",\"inLanguage\":\"en-GB\",\"@id\":\"https:\\\/\\\/rollentausch.eu\\\/#\\\/schema\\\/logo\\\/image\\\/\",\"url\":\"https:\\\/\\\/rollentausch.eu\\\/wp-content\\\/uploads\\\/2020\\\/05\\\/cropped-Rollentausch_200x145.png\",\"contentUrl\":\"https:\\\/\\\/rollentausch.eu\\\/wp-content\\\/uploads\\\/2020\\\/05\\\/cropped-Rollentausch_200x145.png\",\"width\":145,\"height\":200,\"caption\":\"Netzwerk Rollentausch\"},\"image\":{\"@id\":\"https:\\\/\\\/rollentausch.eu\\\/#\\\/schema\\\/logo\\\/image\\\/\"}}]}<\/script>\n<!-- \/ Yoast SEO plugin. -->","yoast_head_json":{"title":"8-r\u00e4drige Koffer - Netzwerk Rollentausch","description":"Koffer Rollen ersetzen, herstellerunabh\u00e4ngig. Hochwertige, kugelgelagerte Rollen, ab 22.- \u20ac, in 11 St\u00e4dten in DE und CH, und im Versand.","robots":{"index":"index","follow":"follow","max-snippet":"max-snippet:-1","max-image-preview":"max-image-preview:large","max-video-preview":"max-video-preview:-1"},"canonical":"https:\/\/rollentausch.eu\/en\/8-radrige-koffer\/","og_locale":"en_GB","og_type":"article","og_title":"8-r\u00e4drige Koffer - Netzwerk Rollentausch","og_description":"Koffer Rollen ersetzen, herstellerunabh\u00e4ngig. Hochwertige, kugelgelagerte Rollen, ab 22.- \u20ac, in 11 St\u00e4dten in DE und CH, und im Versand.","og_url":"https:\/\/rollentausch.eu\/en\/8-radrige-koffer\/","og_site_name":"Netzwerk Rollentausch","article_modified_time":"2024-10-25T11:21:29+00:00","og_image":[{"url":"https:\/\/rollentausch.eu\/wp-content\/uploads\/2024\/10\/vorher-nachher7-8R-Lero.png","type":"","width":"","height":""}],"twitter_card":"summary_large_image","twitter_misc":{"Estimated reading time":"1 minute"},"schema":{"@context":"https:\/\/schema.org","@graph":[{"@type":"WebPage","@id":"https:\/\/rollentausch.eu\/8-radrige-koffer\/","url":"https:\/\/rollentausch.eu\/8-radrige-koffer\/","name":"8-r\u00e4drige Koffer - Netzwerk Rollentausch","isPartOf":{"@id":"https:\/\/rollentausch.eu\/#website"},"primaryImageOfPage":{"@id":"https:\/\/rollentausch.eu\/8-radrige-koffer\/#primaryimage"},"image":{"@id":"https:\/\/rollentausch.eu\/8-radrige-koffer\/#primaryimage"},"thumbnailUrl":"https:\/\/rollentausch.eu\/wp-content\/uploads\/2024\/10\/vorher-nachher7-8R-Lero.png","datePublished":"2024-10-24T12:17:07+00:00","dateModified":"2024-10-25T11:21:29+00:00","description":"Koffer Rollen ersetzen, herstellerunabh\u00e4ngig. Hochwertige, kugelgelagerte Rollen, ab 22.- \u20ac, in 11 St\u00e4dten in DE und CH, und im Versand.","breadcrumb":{"@id":"https:\/\/rollentausch.eu\/8-radrige-koffer\/#breadcrumb"},"inLanguage":"en-GB","potentialAction":[{"@type":"ReadAction","target":["https:\/\/rollentausch.eu\/8-radrige-koffer\/"]}]},{"@type":"ImageObject","inLanguage":"en-GB","@id":"https:\/\/rollentausch.eu\/8-radrige-koffer\/#primaryimage","url":"https:\/\/rollentausch.eu\/wp-content\/uploads\/2024\/10\/vorher-nachher7-8R-Lero.png","contentUrl":"https:\/\/rollentausch.eu\/wp-content\/uploads\/2024\/10\/vorher-nachher7-8R-Lero.png"},{"@type":"BreadcrumbList","@id":"https:\/\/rollentausch.eu\/8-radrige-koffer\/#breadcrumb","itemListElement":[{"@type":"ListItem","position":1,"name":"Home","item":"https:\/\/rollentausch.eu\/"},{"@type":"ListItem","position":2,"name":"8-r\u00e4drige Koffer"}]},{"@type":"WebSite","@id":"https:\/\/rollentausch.eu\/#website","url":"https:\/\/rollentausch.eu\/","name":"Network for Wheels Replacement","description":"Eine Marke der KomponentenKontor Berlin GmbH","publisher":{"@id":"https:\/\/rollentausch.eu\/#organization"},"potentialAction":[{"@type":"SearchAction","target":{"@type":"EntryPoint","urlTemplate":"https:\/\/rollentausch.eu\/?s={search_term_string}"},"query-input":{"@type":"PropertyValueSpecification","valueRequired":true,"valueName":"search_term_string"}}],"inLanguage":"en-GB"},{"@type":"Organization","@id":"https:\/\/rollentausch.eu\/#organization","name":"Network for Wheels Replacement","url":"https:\/\/rollentausch.eu\/","logo":{"@type":"ImageObject","inLanguage":"en-GB","@id":"https:\/\/rollentausch.eu\/#\/schema\/logo\/image\/","url":"https:\/\/rollentausch.eu\/wp-content\/uploads\/2020\/05\/cropped-Rollentausch_200x145.png","contentUrl":"https:\/\/rollentausch.eu\/wp-content\/uploads\/2020\/05\/cropped-Rollentausch_200x145.png","width":145,"height":200,"caption":"Netzwerk Rollentausch"},"image":{"@id":"https:\/\/rollentausch.eu\/#\/schema\/logo\/image\/"}}]}},"_links":{"self":[{"href":"https:\/\/rollentausch.eu\/en\/wp-json\/wp\/v2\/pages\/2859","targetHints":{"allow":["GET"]}}],"collection":[{"href":"https:\/\/rollentausch.eu\/en\/wp-json\/wp\/v2\/pages"}],"about":[{"href":"https:\/\/rollentausch.eu\/en\/wp-json\/wp\/v2\/types\/page"}],"author":[{"embeddable":true,"href":"https:\/\/rollentausch.eu\/en\/wp-json\/wp\/v2\/users\/1"}],"replies":[{"embeddable":true,"href":"https:\/\/rollentausch.eu\/en\/wp-json\/wp\/v2\/comments?post=2859"}],"version-history":[{"count":0,"href":"https:\/\/rollentausch.eu\/en\/wp-json\/wp\/v2\/pages\/2859\/revisions"}],"wp:attachment":[{"href":"https:\/\/rollentausch.eu\/en\/wp-json\/wp\/v2\/media?parent=2859"}],"curies":[{"name":"wp","href":"https:\/\/api.w.org\/{rel}","templated":true}]}}