{"id":2860,"date":"2024-10-24T14:16:16","date_gmt":"2024-10-24T12:16:16","guid":{"rendered":"https:\/\/rollentausch.eu\/?page_id=2860"},"modified":"2025-09-16T13:36:17","modified_gmt":"2025-09-16T11:36:17","slug":"lenkrollen","status":"publish","type":"page","link":"https:\/\/rollentausch.eu\/en\/lenkrollen\/","title":{"rendered":"Swivel Castor"},"content":{"rendered":"<div data-elementor-type=\"wp-page\" data-elementor-id=\"2860\" class=\"elementor elementor-2860\">\n\t\t\t\t\t\t<section class=\"elementor-section elementor-top-section elementor-element elementor-element-d527a63 elementor-section-boxed elementor-section-height-default elementor-section-height-default\" data-id=\"d527a63\" data-element_type=\"section\" data-e-type=\"section\" data-settings=\"{&quot;background_background&quot;:&quot;classic&quot;}\">\n\t\t\t\t\t\t<div class=\"elementor-container elementor-column-gap-default\">\n\t\t\t\t\t<div class=\"elementor-column elementor-col-100 elementor-top-column elementor-element elementor-element-10d97d8\" data-id=\"10d97d8\" data-element_type=\"column\" data-e-type=\"column\">\n\t\t\t<div class=\"elementor-widget-wrap elementor-element-populated\">\n\t\t\t\t\t\t<section class=\"elementor-section elementor-inner-section elementor-element elementor-element-674fcb4 elementor-section-content-middle elementor-section-boxed elementor-section-height-default elementor-section-height-default\" data-id=\"674fcb4\" data-element_type=\"section\" data-e-type=\"section\" data-settings=\"{&quot;background_background&quot;:&quot;classic&quot;}\">\n\t\t\t\t\t\t<div class=\"elementor-container elementor-column-gap-default\">\n\t\t\t\t\t<div class=\"elementor-column elementor-col-100 elementor-inner-column elementor-element elementor-element-4fb2007\" data-id=\"4fb2007\" data-element_type=\"column\" data-e-type=\"column\">\n\t\t\t<div class=\"elementor-widget-wrap elementor-element-populated\">\n\t\t\t\t\t\t<div class=\"elementor-element elementor-element-327af63 elementor-widget elementor-widget-heading\" data-id=\"327af63\" data-element_type=\"widget\" data-e-type=\"widget\" data-widget_type=\"heading.default\">\n\t\t\t\t<div class=\"elementor-widget-container\">\n\t\t\t\t\t<h2 class=\"elementor-heading-title elementor-size-large\">Swivel Castor<\/h2>\t\t\t\t<\/div>\n\t\t\t\t<\/div>\n\t\t\t\t\t<\/div>\n\t\t<\/div>\n\t\t\t\t\t<\/div>\n\t\t<\/section>\n\t\t\t\t<section class=\"elementor-section elementor-inner-section elementor-element elementor-element-8961f30 elementor-section-boxed elementor-section-height-default elementor-section-height-default\" data-id=\"8961f30\" data-element_type=\"section\" data-e-type=\"section\" data-settings=\"{&quot;background_background&quot;:&quot;classic&quot;}\">\n\t\t\t\t\t\t<div class=\"elementor-container elementor-column-gap-default\">\n\t\t\t\t\t<div class=\"elementor-column elementor-col-100 elementor-inner-column elementor-element elementor-element-e0adf15\" data-id=\"e0adf15\" data-element_type=\"column\" data-e-type=\"column\" data-settings=\"{&quot;background_background&quot;:&quot;classic&quot;}\">\n\t\t\t<div class=\"elementor-widget-wrap elementor-element-populated\">\n\t\t\t\t\t\t<div class=\"elementor-element elementor-element-5c571fd elementor-widget elementor-widget-text-editor\" data-id=\"5c571fd\" data-element_type=\"widget\" data-e-type=\"widget\" data-widget_type=\"text-editor.default\">\n\t\t\t\t<div class=\"elementor-widget-container\">\n\t\t\t\t\t\t\t\t\t<p>We are using swivel castors if<\/p><ul><li>wheel gears of 4-wheel suitcases are destroyed completely,<\/li><li>we cannot replace wheels of 8 -wheels suitcases.<\/li><\/ul><p>Our swivel castors are equipped with a full metal head bearing. As a result, they rotate much better than many original parts, especially under load.<\/p><p>Hier gibt es zwei Alternativen:<\/p>\t\t\t\t\t\t\t\t<\/div>\n\t\t\t\t<\/div>\n\t\t\t\t\t<\/div>\n\t\t<\/div>\n\t\t\t\t\t<\/div>\n\t\t<\/section>\n\t\t\t\t<section class=\"elementor-section elementor-inner-section elementor-element elementor-element-ea9e852 elementor-section-boxed elementor-section-height-default elementor-section-height-default\" data-id=\"ea9e852\" data-element_type=\"section\" data-e-type=\"section\" data-settings=\"{&quot;background_background&quot;:&quot;classic&quot;}\">\n\t\t\t\t\t\t<div class=\"elementor-container elementor-column-gap-default\">\n\t\t\t\t\t<div class=\"elementor-column elementor-col-50 elementor-inner-column elementor-element elementor-element-cc2f259\" data-id=\"cc2f259\" data-element_type=\"column\" data-e-type=\"column\">\n\t\t\t<div class=\"elementor-widget-wrap elementor-element-populated\">\n\t\t\t\t\t\t<div class=\"elementor-element elementor-element-939bd0f elementor-widget elementor-widget-text-editor\" data-id=\"939bd0f\" data-element_type=\"widget\" data-e-type=\"widget\" data-widget_type=\"text-editor.default\">\n\t\t\t\t<div class=\"elementor-widget-container\">\n\t\t\t\t\t\t\t\t\t<h4>Lenkrolle aus Stahl<\/h4><p><strong>Haltbarkeit:<\/strong> unzerst\u00f6rbar (au\u00dfer mit einer Dampfwalze)<\/p><p><strong>Lenkeigenschaften:<\/strong> exzellent<\/p><p><strong>Laufeigenschaften:<\/strong> sehr gut<\/p><p><strong>Gewicht:<\/strong> ca. 170g \/ St\u00fcck, deutlich schwerer als das Originalteil<br \/><strong>Laufger\u00e4usch:<\/strong> leichtes &#8222;Klingeln&#8220; oder &#8222;Klirren&#8220; auf unebenen Wegen<br \/><strong>Optik:<\/strong> na ja\u2026<\/p>\t\t\t\t\t\t\t\t<\/div>\n\t\t\t\t<\/div>\n\t\t\t\t\t<\/div>\n\t\t<\/div>\n\t\t\t\t<div class=\"elementor-column elementor-col-50 elementor-inner-column elementor-element elementor-element-e5d23f8\" data-id=\"e5d23f8\" data-element_type=\"column\" data-e-type=\"column\">\n\t\t\t<div class=\"elementor-widget-wrap elementor-element-populated\">\n\t\t\t\t\t\t<div class=\"elementor-element elementor-element-9a53d94 elementor-widget elementor-widget-text-editor\" data-id=\"9a53d94\" data-element_type=\"widget\" data-e-type=\"widget\" data-widget_type=\"text-editor.default\">\n\t\t\t\t<div class=\"elementor-widget-container\">\n\t\t\t\t\t\t\t\t\t<h4>Lenkrolle aus Kunststoff<\/h4><p><strong>Haltbarkeit: ebenfalls extrem stabil<\/strong><\/p><p><strong>Lenkeigenschaften:<\/strong> exzellent<\/p><p><strong>Laufeigenschaften:<\/strong> sehr gut<\/p><p><strong>Gewicht:<\/strong> ca. 130g \/ St\u00fcck, nur wenig schwerer als das Originalteil<br \/><strong>Laufger\u00e4usch:<\/strong> sehr leise<br \/><strong>Optik:<\/strong> vom Original oft kaum zu unterscheiden<\/p><p>Unsere Kunststoff-Lenkrollen sind eine Spezialentwicklung, Sie erhalten diese nur bei uns.<\/p>\t\t\t\t\t\t\t\t<\/div>\n\t\t\t\t<\/div>\n\t\t\t\t\t<\/div>\n\t\t<\/div>\n\t\t\t\t\t<\/div>\n\t\t<\/section>\n\t\t\t\t<section class=\"elementor-section elementor-inner-section elementor-element elementor-element-45a50fd elementor-section-boxed elementor-section-height-default elementor-section-height-default\" data-id=\"45a50fd\" data-element_type=\"section\" data-e-type=\"section\" data-settings=\"{&quot;background_background&quot;:&quot;classic&quot;}\">\n\t\t\t\t\t\t<div class=\"elementor-container elementor-column-gap-default\">\n\t\t\t\t\t<div class=\"elementor-column elementor-col-50 elementor-inner-column elementor-element elementor-element-16321dc\" data-id=\"16321dc\" data-element_type=\"column\" data-e-type=\"column\">\n\t\t\t<div class=\"elementor-widget-wrap elementor-element-populated\">\n\t\t\t\t\t\t<div class=\"elementor-element elementor-element-ce10739 elementor-widget elementor-widget-image\" data-id=\"ce10739\" data-element_type=\"widget\" data-e-type=\"widget\" data-widget_type=\"image.default\">\n\t\t\t\t<div class=\"elementor-widget-container\">\n\t\t\t\t\t\t\t\t\t\t\t\t\t\t\t<img decoding=\"async\" src=\"https:\/\/rollentausch.eu\/wp-content\/uploads\/elementor\/thumbs\/SDC10027-scaled-rbu8elv69rj0ccpgzpqk4wflw7sc0bxjgvvjt8agw0.jpg\" title=\"SDC10027\" alt=\"SDC10027\" loading=\"lazy\" \/>\t\t\t\t\t\t\t\t\t\t\t\t\t\t\t<\/div>\n\t\t\t\t<\/div>\n\t\t\t\t\t<\/div>\n\t\t<\/div>\n\t\t\t\t<div class=\"elementor-column elementor-col-50 elementor-inner-column elementor-element elementor-element-46848f2\" data-id=\"46848f2\" data-element_type=\"column\" data-e-type=\"column\">\n\t\t\t<div class=\"elementor-widget-wrap elementor-element-populated\">\n\t\t\t\t\t\t<div class=\"elementor-element elementor-element-4582318 elementor-widget elementor-widget-image\" data-id=\"4582318\" data-element_type=\"widget\" data-e-type=\"widget\" data-widget_type=\"image.default\">\n\t\t\t\t<div class=\"elementor-widget-container\">\n\t\t\t\t\t\t\t\t\t\t\t\t\t\t\t<img decoding=\"async\" src=\"https:\/\/rollentausch.eu\/wp-content\/uploads\/elementor\/thumbs\/LeroK-schraegH-qw13pyou2asy7z6bz8ir1u2nvo1l0c9hw967ao97uo.jpg\" title=\"LeroK-schr\u00e4gH\" alt=\"LeroK-schr\u00e4gH\" loading=\"lazy\" \/>\t\t\t\t\t\t\t\t\t\t\t\t\t\t\t<\/div>\n\t\t\t\t<\/div>\n\t\t\t\t\t<\/div>\n\t\t<\/div>\n\t\t\t\t\t<\/div>\n\t\t<\/section>\n\t\t\t\t<section class=\"elementor-section elementor-inner-section elementor-element elementor-element-99145a8 elementor-section-boxed elementor-section-height-default elementor-section-height-default\" data-id=\"99145a8\" data-element_type=\"section\" data-e-type=\"section\" data-settings=\"{&quot;background_background&quot;:&quot;classic&quot;}\">\n\t\t\t\t\t\t<div class=\"elementor-container elementor-column-gap-default\">\n\t\t\t\t\t<div class=\"elementor-column elementor-col-50 elementor-inner-column elementor-element elementor-element-8427c56\" data-id=\"8427c56\" data-element_type=\"column\" data-e-type=\"column\">\n\t\t\t<div class=\"elementor-widget-wrap elementor-element-populated\">\n\t\t\t\t\t\t<div class=\"elementor-element elementor-element-2c2c2ab elementor-widget elementor-widget-image\" data-id=\"2c2c2ab\" data-element_type=\"widget\" data-e-type=\"widget\" data-widget_type=\"image.default\">\n\t\t\t\t<div class=\"elementor-widget-container\">\n\t\t\t\t\t\t\t\t\t\t\t\t\t\t\t<img decoding=\"async\" src=\"https:\/\/rollentausch.eu\/wp-content\/uploads\/elementor\/thumbs\/SDC10021-bearb-rbu8ej1np9f5ditkg6ioff584268d8mcghx3deeneo.jpg\" title=\"SDC10021-bearb\" alt=\"SDC10021-bearb\" loading=\"lazy\" \/>\t\t\t\t\t\t\t\t\t\t\t\t\t\t\t<\/div>\n\t\t\t\t<\/div>\n\t\t\t\t\t<\/div>\n\t\t<\/div>\n\t\t\t\t<div class=\"elementor-column elementor-col-50 elementor-inner-column elementor-element elementor-element-49c5143\" data-id=\"49c5143\" data-element_type=\"column\" data-e-type=\"column\">\n\t\t\t<div class=\"elementor-widget-wrap elementor-element-populated\">\n\t\t\t\t\t\t\t<\/div>\n\t\t<\/div>\n\t\t\t\t\t<\/div>\n\t\t<\/section>\n\t\t\t\t\t<\/div>\n\t\t<\/div>\n\t\t\t\t\t<\/div>\n\t\t<\/section>\n\t\t\t\t<\/div>","protected":false},"excerpt":{"rendered":"<p>Lenkrollen Lenkrollen setzen wir ein bei v\u00f6llig zerst\u00f6rten Radhaltern 4-r\u00e4driger Koffer bei 8-r\u00e4drigen Koffern, wenn wir die R\u00e4der nicht tauschen k\u00f6nnen. Unsere Lenkrollen sind mit einem Vollmetall-Kopflager ausgestattet. Dadurch rotieren sie, vor allem unter Belastung, ungleich besser als viele Originalteile. Hier gibt es zwei Alternativen: Lenkrolle aus Stahl Haltbarkeit: unzerst\u00f6rbar (au\u00dfer mit einer Dampfwalze) Lenkeigenschaften:&hellip;&nbsp;<a href=\"https:\/\/rollentausch.eu\/en\/lenkrollen\/\" class=\"\" rel=\"bookmark\">Read More &raquo;<span class=\"screen-reader-text\">Swivel Castor<\/span><\/a><\/p>","protected":false},"author":1,"featured_media":0,"parent":0,"menu_order":0,"comment_status":"closed","ping_status":"closed","template":"page-templates\/template-pagebuilder-full-width.php","meta":{"neve_meta_sidebar":"full-width","neve_meta_container":"","neve_meta_enable_content_width":"on","neve_meta_content_width":100,"neve_meta_title_alignment":"","neve_meta_author_avatar":"","neve_post_elements_order":"","neve_meta_disable_header":"","neve_meta_disable_footer":"","neve_meta_disable_title":"","footnotes":""},"class_list":["post-2860","page","type-page","status-publish","hentry"],"yoast_head":"<!-- This site is optimized with the Yoast SEO plugin v27.5 - https:\/\/yoast.com\/product\/yoast-seo-wordpress\/ -->\n<title>Lenkrollen - Netzwerk Rollentausch<\/title>\n<meta name=\"description\" content=\"Koffer Rollen ersetzen, herstellerunabh\u00e4ngig. Hochwertige, kugelgelagerte Rollen, ab 22.- \u20ac, in 11 St\u00e4dten in DE und CH, und im Versand.\" \/>\n<meta name=\"robots\" content=\"index, follow, max-snippet:-1, max-image-preview:large, max-video-preview:-1\" \/>\n<link rel=\"canonical\" href=\"https:\/\/rollentausch.eu\/en\/lenkrollen\/\" \/>\n<meta property=\"og:locale\" content=\"en_GB\" \/>\n<meta property=\"og:type\" content=\"article\" \/>\n<meta property=\"og:title\" content=\"Lenkrollen - Netzwerk Rollentausch\" \/>\n<meta property=\"og:description\" content=\"Koffer Rollen ersetzen, herstellerunabh\u00e4ngig. Hochwertige, kugelgelagerte Rollen, ab 22.- \u20ac, in 11 St\u00e4dten in DE und CH, und im Versand.\" \/>\n<meta property=\"og:url\" content=\"https:\/\/rollentausch.eu\/en\/lenkrollen\/\" \/>\n<meta property=\"og:site_name\" content=\"Netzwerk Rollentausch\" \/>\n<meta property=\"article:modified_time\" content=\"2025-09-16T11:36:17+00:00\" \/>\n<meta property=\"og:image\" content=\"https:\/\/rollentausch.eu\/wp-content\/uploads\/elementor\/thumbs\/SDC10027-scaled-rbu8elv69rj0ccpgzpqk4wflw7sc0bxjgvvjt8agw0.jpg\" \/>\n<meta name=\"twitter:card\" content=\"summary_large_image\" \/>\n<meta name=\"twitter:label1\" content=\"Estimated reading time\" \/>\n\t<meta name=\"twitter:data1\" content=\"2 minutes\" \/>\n<script type=\"application\/ld+json\" class=\"yoast-schema-graph\">{\"@context\":\"https:\\\/\\\/schema.org\",\"@graph\":[{\"@type\":\"WebPage\",\"@id\":\"https:\\\/\\\/rollentausch.eu\\\/lenkrollen\\\/\",\"url\":\"https:\\\/\\\/rollentausch.eu\\\/lenkrollen\\\/\",\"name\":\"Lenkrollen - Netzwerk Rollentausch\",\"isPartOf\":{\"@id\":\"https:\\\/\\\/rollentausch.eu\\\/#website\"},\"primaryImageOfPage\":{\"@id\":\"https:\\\/\\\/rollentausch.eu\\\/lenkrollen\\\/#primaryimage\"},\"image\":{\"@id\":\"https:\\\/\\\/rollentausch.eu\\\/lenkrollen\\\/#primaryimage\"},\"thumbnailUrl\":\"https:\\\/\\\/rollentausch.eu\\\/wp-content\\\/uploads\\\/elementor\\\/thumbs\\\/SDC10027-scaled-rbu8elv69rj0ccpgzpqk4wflw7sc0bxjgvvjt8agw0.jpg\",\"datePublished\":\"2024-10-24T12:16:16+00:00\",\"dateModified\":\"2025-09-16T11:36:17+00:00\",\"description\":\"Koffer Rollen ersetzen, herstellerunabh\u00e4ngig. Hochwertige, kugelgelagerte Rollen, ab 22.- \u20ac, in 11 St\u00e4dten in DE und CH, und im Versand.\",\"breadcrumb\":{\"@id\":\"https:\\\/\\\/rollentausch.eu\\\/lenkrollen\\\/#breadcrumb\"},\"inLanguage\":\"en-GB\",\"potentialAction\":[{\"@type\":\"ReadAction\",\"target\":[\"https:\\\/\\\/rollentausch.eu\\\/lenkrollen\\\/\"]}]},{\"@type\":\"ImageObject\",\"inLanguage\":\"en-GB\",\"@id\":\"https:\\\/\\\/rollentausch.eu\\\/lenkrollen\\\/#primaryimage\",\"url\":\"https:\\\/\\\/rollentausch.eu\\\/wp-content\\\/uploads\\\/elementor\\\/thumbs\\\/SDC10027-scaled-rbu8elv69rj0ccpgzpqk4wflw7sc0bxjgvvjt8agw0.jpg\",\"contentUrl\":\"https:\\\/\\\/rollentausch.eu\\\/wp-content\\\/uploads\\\/elementor\\\/thumbs\\\/SDC10027-scaled-rbu8elv69rj0ccpgzpqk4wflw7sc0bxjgvvjt8agw0.jpg\"},{\"@type\":\"BreadcrumbList\",\"@id\":\"https:\\\/\\\/rollentausch.eu\\\/lenkrollen\\\/#breadcrumb\",\"itemListElement\":[{\"@type\":\"ListItem\",\"position\":1,\"name\":\"Home\",\"item\":\"https:\\\/\\\/rollentausch.eu\\\/\"},{\"@type\":\"ListItem\",\"position\":2,\"name\":\"Lenkrollen\"}]},{\"@type\":\"WebSite\",\"@id\":\"https:\\\/\\\/rollentausch.eu\\\/#website\",\"url\":\"https:\\\/\\\/rollentausch.eu\\\/\",\"name\":\"Netzwerk Rollentausch\",\"description\":\"Eine Marke der KomponentenKontor Berlin GmbH\",\"publisher\":{\"@id\":\"https:\\\/\\\/rollentausch.eu\\\/#organization\"},\"potentialAction\":[{\"@type\":\"SearchAction\",\"target\":{\"@type\":\"EntryPoint\",\"urlTemplate\":\"https:\\\/\\\/rollentausch.eu\\\/?s={search_term_string}\"},\"query-input\":{\"@type\":\"PropertyValueSpecification\",\"valueRequired\":true,\"valueName\":\"search_term_string\"}}],\"inLanguage\":\"en-GB\"},{\"@type\":\"Organization\",\"@id\":\"https:\\\/\\\/rollentausch.eu\\\/#organization\",\"name\":\"Netzwerk Rollentausch\",\"url\":\"https:\\\/\\\/rollentausch.eu\\\/\",\"logo\":{\"@type\":\"ImageObject\",\"inLanguage\":\"en-GB\",\"@id\":\"https:\\\/\\\/rollentausch.eu\\\/#\\\/schema\\\/logo\\\/image\\\/\",\"url\":\"https:\\\/\\\/rollentausch.eu\\\/wp-content\\\/uploads\\\/2020\\\/05\\\/cropped-Rollentausch_200x145.png\",\"contentUrl\":\"https:\\\/\\\/rollentausch.eu\\\/wp-content\\\/uploads\\\/2020\\\/05\\\/cropped-Rollentausch_200x145.png\",\"width\":145,\"height\":200,\"caption\":\"Netzwerk Rollentausch\"},\"image\":{\"@id\":\"https:\\\/\\\/rollentausch.eu\\\/#\\\/schema\\\/logo\\\/image\\\/\"}}]}<\/script>\n<!-- \/ Yoast SEO plugin. -->","yoast_head_json":{"title":"Lenkrollen - Netzwerk Rollentausch","description":"Koffer Rollen ersetzen, herstellerunabh\u00e4ngig. Hochwertige, kugelgelagerte Rollen, ab 22.- \u20ac, in 11 St\u00e4dten in DE und CH, und im Versand.","robots":{"index":"index","follow":"follow","max-snippet":"max-snippet:-1","max-image-preview":"max-image-preview:large","max-video-preview":"max-video-preview:-1"},"canonical":"https:\/\/rollentausch.eu\/en\/lenkrollen\/","og_locale":"en_GB","og_type":"article","og_title":"Lenkrollen - Netzwerk Rollentausch","og_description":"Koffer Rollen ersetzen, herstellerunabh\u00e4ngig. Hochwertige, kugelgelagerte Rollen, ab 22.- \u20ac, in 11 St\u00e4dten in DE und CH, und im Versand.","og_url":"https:\/\/rollentausch.eu\/en\/lenkrollen\/","og_site_name":"Netzwerk Rollentausch","article_modified_time":"2025-09-16T11:36:17+00:00","og_image":[{"url":"https:\/\/rollentausch.eu\/wp-content\/uploads\/elementor\/thumbs\/SDC10027-scaled-rbu8elv69rj0ccpgzpqk4wflw7sc0bxjgvvjt8agw0.jpg","type":"","width":"","height":""}],"twitter_card":"summary_large_image","twitter_misc":{"Estimated reading time":"2 minutes"},"schema":{"@context":"https:\/\/schema.org","@graph":[{"@type":"WebPage","@id":"https:\/\/rollentausch.eu\/lenkrollen\/","url":"https:\/\/rollentausch.eu\/lenkrollen\/","name":"Lenkrollen - Netzwerk Rollentausch","isPartOf":{"@id":"https:\/\/rollentausch.eu\/#website"},"primaryImageOfPage":{"@id":"https:\/\/rollentausch.eu\/lenkrollen\/#primaryimage"},"image":{"@id":"https:\/\/rollentausch.eu\/lenkrollen\/#primaryimage"},"thumbnailUrl":"https:\/\/rollentausch.eu\/wp-content\/uploads\/elementor\/thumbs\/SDC10027-scaled-rbu8elv69rj0ccpgzpqk4wflw7sc0bxjgvvjt8agw0.jpg","datePublished":"2024-10-24T12:16:16+00:00","dateModified":"2025-09-16T11:36:17+00:00","description":"Koffer Rollen ersetzen, herstellerunabh\u00e4ngig. Hochwertige, kugelgelagerte Rollen, ab 22.- \u20ac, in 11 St\u00e4dten in DE und CH, und im Versand.","breadcrumb":{"@id":"https:\/\/rollentausch.eu\/lenkrollen\/#breadcrumb"},"inLanguage":"en-GB","potentialAction":[{"@type":"ReadAction","target":["https:\/\/rollentausch.eu\/lenkrollen\/"]}]},{"@type":"ImageObject","inLanguage":"en-GB","@id":"https:\/\/rollentausch.eu\/lenkrollen\/#primaryimage","url":"https:\/\/rollentausch.eu\/wp-content\/uploads\/elementor\/thumbs\/SDC10027-scaled-rbu8elv69rj0ccpgzpqk4wflw7sc0bxjgvvjt8agw0.jpg","contentUrl":"https:\/\/rollentausch.eu\/wp-content\/uploads\/elementor\/thumbs\/SDC10027-scaled-rbu8elv69rj0ccpgzpqk4wflw7sc0bxjgvvjt8agw0.jpg"},{"@type":"BreadcrumbList","@id":"https:\/\/rollentausch.eu\/lenkrollen\/#breadcrumb","itemListElement":[{"@type":"ListItem","position":1,"name":"Home","item":"https:\/\/rollentausch.eu\/"},{"@type":"ListItem","position":2,"name":"Lenkrollen"}]},{"@type":"WebSite","@id":"https:\/\/rollentausch.eu\/#website","url":"https:\/\/rollentausch.eu\/","name":"Network for Wheels Replacement","description":"Eine Marke der KomponentenKontor Berlin GmbH","publisher":{"@id":"https:\/\/rollentausch.eu\/#organization"},"potentialAction":[{"@type":"SearchAction","target":{"@type":"EntryPoint","urlTemplate":"https:\/\/rollentausch.eu\/?s={search_term_string}"},"query-input":{"@type":"PropertyValueSpecification","valueRequired":true,"valueName":"search_term_string"}}],"inLanguage":"en-GB"},{"@type":"Organization","@id":"https:\/\/rollentausch.eu\/#organization","name":"Network for Wheels Replacement","url":"https:\/\/rollentausch.eu\/","logo":{"@type":"ImageObject","inLanguage":"en-GB","@id":"https:\/\/rollentausch.eu\/#\/schema\/logo\/image\/","url":"https:\/\/rollentausch.eu\/wp-content\/uploads\/2020\/05\/cropped-Rollentausch_200x145.png","contentUrl":"https:\/\/rollentausch.eu\/wp-content\/uploads\/2020\/05\/cropped-Rollentausch_200x145.png","width":145,"height":200,"caption":"Netzwerk Rollentausch"},"image":{"@id":"https:\/\/rollentausch.eu\/#\/schema\/logo\/image\/"}}]}},"_links":{"self":[{"href":"https:\/\/rollentausch.eu\/en\/wp-json\/wp\/v2\/pages\/2860","targetHints":{"allow":["GET"]}}],"collection":[{"href":"https:\/\/rollentausch.eu\/en\/wp-json\/wp\/v2\/pages"}],"about":[{"href":"https:\/\/rollentausch.eu\/en\/wp-json\/wp\/v2\/types\/page"}],"author":[{"embeddable":true,"href":"https:\/\/rollentausch.eu\/en\/wp-json\/wp\/v2\/users\/1"}],"replies":[{"embeddable":true,"href":"https:\/\/rollentausch.eu\/en\/wp-json\/wp\/v2\/comments?post=2860"}],"version-history":[{"count":6,"href":"https:\/\/rollentausch.eu\/en\/wp-json\/wp\/v2\/pages\/2860\/revisions"}],"predecessor-version":[{"id":3488,"href":"https:\/\/rollentausch.eu\/en\/wp-json\/wp\/v2\/pages\/2860\/revisions\/3488"}],"wp:attachment":[{"href":"https:\/\/rollentausch.eu\/en\/wp-json\/wp\/v2\/media?parent=2860"}],"curies":[{"name":"wp","href":"https:\/\/api.w.org\/{rel}","templated":true}]}}