{"id":2937,"date":"2024-10-25T12:59:33","date_gmt":"2024-10-25T10:59:33","guid":{"rendered":"https:\/\/rollentausch.eu\/?page_id=2937"},"modified":"2024-12-18T11:32:23","modified_gmt":"2024-12-18T10:32:23","slug":"2-radrige-koffer","status":"publish","type":"page","link":"https:\/\/rollentausch.eu\/en\/2-radrige-koffer\/","title":{"rendered":"2 wheel suitcases"},"content":{"rendered":"<div data-elementor-type=\"wp-page\" data-elementor-id=\"2937\" class=\"elementor elementor-2937\">\n\t\t\t\t\t\t<section class=\"elementor-section elementor-top-section elementor-element elementor-element-d527a63 elementor-section-boxed elementor-section-height-default elementor-section-height-default\" data-id=\"d527a63\" data-element_type=\"section\" data-e-type=\"section\" data-settings=\"{&quot;background_background&quot;:&quot;classic&quot;}\">\n\t\t\t\t\t\t<div class=\"elementor-container elementor-column-gap-default\">\n\t\t\t\t\t<div class=\"elementor-column elementor-col-100 elementor-top-column elementor-element elementor-element-10d97d8\" data-id=\"10d97d8\" data-element_type=\"column\" data-e-type=\"column\">\n\t\t\t<div class=\"elementor-widget-wrap elementor-element-populated\">\n\t\t\t\t\t\t<section class=\"elementor-section elementor-inner-section elementor-element elementor-element-674fcb4 elementor-section-content-middle elementor-section-boxed elementor-section-height-default elementor-section-height-default\" data-id=\"674fcb4\" data-element_type=\"section\" data-e-type=\"section\" data-settings=\"{&quot;background_background&quot;:&quot;classic&quot;}\">\n\t\t\t\t\t\t<div class=\"elementor-container elementor-column-gap-default\">\n\t\t\t\t\t<div class=\"elementor-column elementor-col-100 elementor-inner-column elementor-element elementor-element-4fb2007\" data-id=\"4fb2007\" data-element_type=\"column\" data-e-type=\"column\">\n\t\t\t<div class=\"elementor-widget-wrap elementor-element-populated\">\n\t\t\t\t\t\t<div class=\"elementor-element elementor-element-327af63 elementor-widget elementor-widget-heading\" data-id=\"327af63\" data-element_type=\"widget\" data-e-type=\"widget\" data-widget_type=\"heading.default\">\n\t\t\t\t<div class=\"elementor-widget-container\">\n\t\t\t\t\t<h2 class=\"elementor-heading-title elementor-size-large\">2 wheel suitcases<\/h2>\t\t\t\t<\/div>\n\t\t\t\t<\/div>\n\t\t\t\t\t<\/div>\n\t\t<\/div>\n\t\t\t\t\t<\/div>\n\t\t<\/section>\n\t\t\t\t<section class=\"elementor-section elementor-inner-section elementor-element elementor-element-0fc12dc elementor-section-boxed elementor-section-height-default elementor-section-height-default\" data-id=\"0fc12dc\" data-element_type=\"section\" data-e-type=\"section\" data-settings=\"{&quot;background_background&quot;:&quot;classic&quot;}\">\n\t\t\t\t\t\t<div class=\"elementor-container elementor-column-gap-default\">\n\t\t\t\t\t<div class=\"elementor-column elementor-col-100 elementor-inner-column elementor-element elementor-element-025be6f\" data-id=\"025be6f\" data-element_type=\"column\" data-e-type=\"column\" data-settings=\"{&quot;background_background&quot;:&quot;classic&quot;}\">\n\t\t\t<div class=\"elementor-widget-wrap elementor-element-populated\">\n\t\t\t\t\t\t<div class=\"elementor-element elementor-element-058cf62 elementor-widget elementor-widget-text-editor\" data-id=\"058cf62\" data-element_type=\"widget\" data-e-type=\"widget\" data-widget_type=\"text-editor.default\">\n\t\t\t\t<div class=\"elementor-widget-container\">\n\t\t\t\t\t\t\t\t\t<p>From the technical point of view, we consider 2-wheeled suitcases to be the best, which is why we are particularly committed to preserving this type, which is unfortunately threatened with extinction.<\/p><p>We replace the manufacturer's plastic wheels with thin rubber tread and poor quality ball bearings with high-quality material: skate wheels with polyurethane tread and sealed ball bearings, type 2RS.<\/p>\t\t\t\t\t\t\t\t<\/div>\n\t\t\t\t<\/div>\n\t\t\t\t<div class=\"elementor-element elementor-element-a47143c elementor-widget elementor-widget-image\" data-id=\"a47143c\" data-element_type=\"widget\" data-e-type=\"widget\" data-widget_type=\"image.default\">\n\t\t\t\t<div class=\"elementor-widget-container\">\n\t\t\t\t\t\t\t\t\t\t\t\t\t\t\t<img fetchpriority=\"high\" decoding=\"async\" width=\"1148\" height=\"356\" src=\"https:\/\/rollentausch.eu\/wp-content\/uploads\/2020\/03\/koffer-rolle-ersetzt-vorher-nachher-2-r\u00e4drig-schm\u00e4ler-3.jpg\" class=\"attachment-full size-full wp-image-888\" alt=\"Koffer Rollen Reparatur, vorher-nachher, 2-r\u00e4driger Koffer\" srcset=\"https:\/\/rollentausch.eu\/wp-content\/uploads\/2020\/03\/koffer-rolle-ersetzt-vorher-nachher-2-r\u00e4drig-schm\u00e4ler-3.jpg 1148w, https:\/\/rollentausch.eu\/wp-content\/uploads\/2020\/03\/koffer-rolle-ersetzt-vorher-nachher-2-r\u00e4drig-schm\u00e4ler-3-300x93.jpg 300w, https:\/\/rollentausch.eu\/wp-content\/uploads\/2020\/03\/koffer-rolle-ersetzt-vorher-nachher-2-r\u00e4drig-schm\u00e4ler-3-1024x318.jpg 1024w, https:\/\/rollentausch.eu\/wp-content\/uploads\/2020\/03\/koffer-rolle-ersetzt-vorher-nachher-2-r\u00e4drig-schm\u00e4ler-3-768x238.jpg 768w\" sizes=\"(max-width: 1148px) 100vw, 1148px\" \/>\t\t\t\t\t\t\t\t\t\t\t\t\t\t\t<\/div>\n\t\t\t\t<\/div>\n\t\t\t\t\t<\/div>\n\t\t<\/div>\n\t\t\t\t\t<\/div>\n\t\t<\/section>\n\t\t\t\t<section class=\"elementor-section elementor-inner-section elementor-element elementor-element-61a7a52 elementor-section-boxed elementor-section-height-default elementor-section-height-default\" data-id=\"61a7a52\" data-element_type=\"section\" data-e-type=\"section\" data-settings=\"{&quot;background_background&quot;:&quot;classic&quot;}\">\n\t\t\t\t\t\t<div class=\"elementor-container elementor-column-gap-default\">\n\t\t\t\t\t<div class=\"elementor-column elementor-col-100 elementor-inner-column elementor-element elementor-element-8b10015\" data-id=\"8b10015\" data-element_type=\"column\" data-e-type=\"column\" data-settings=\"{&quot;background_background&quot;:&quot;classic&quot;}\">\n\t\t\t<div class=\"elementor-widget-wrap elementor-element-populated\">\n\t\t\t\t\t\t<div class=\"elementor-element elementor-element-7f7fc89 elementor-widget elementor-widget-text-editor\" data-id=\"7f7fc89\" data-element_type=\"widget\" data-e-type=\"widget\" data-widget_type=\"text-editor.default\">\n\t\t\t\t<div class=\"elementor-widget-container\">\n\t\t\t\t\t\t\t\t\t<p>You can send to <a href=\"https:\/\/rollentausch.eu\/en\/#Versanddienst\" target=\"_blank\" rel=\"noopener\">our shipment service<\/a> removed wheel arches, which will considerably reduce the shipping costs. However, we ask for your understanding that we cannot guarantee that you will succeed in reassembling the wheel arches. Our bolts are sometimes a little thicker than the manufacturer's rivets, so a little manual dexterity is required.<\/p><p>Sometimes the wheels are narrower than the regular 24mm. Unfortunately, there are practically no narrower wheels available on the world market that we know of; we therefore have to make the 24mm wheels narrower by hand. This is the explanation for the surcharge.<\/p><p>We always have skate wheels with diameters of 64, 72, 76, 80, 84, 90, 100, 110, 120 and 145mm in stock, others are available on request.\u00a0\u00a0 <\/p>\t\t\t\t\t\t\t\t<\/div>\n\t\t\t\t<\/div>\n\t\t\t\t\t<\/div>\n\t\t<\/div>\n\t\t\t\t\t<\/div>\n\t\t<\/section>\n\t\t\t\t\t<\/div>\n\t\t<\/div>\n\t\t\t\t\t<\/div>\n\t\t<\/section>\n\t\t\t\t<\/div>","protected":false},"excerpt":{"rendered":"<p>2-r\u00e4drige Koffer 2-r\u00e4drige Koffer halten wir aus technischer sich f\u00fcr die besten, daher geh\u00f6rt die Erhaltung dieser leider vom Aussterben bedrohten Bauart unser besonderes Engagement. Die herstellerseitigen Kunststoffr\u00e4der mit d\u00fcnner Gummilauffl\u00e4che und Kugellagern kl\u00e4glicher Qualit\u00e4t ersetzen wir durch hochwertiges Material: Skaterr\u00e4der mit Polyurethhan-Lauffl\u00e4che und gedichteten Kugellagern, Bauart 2RS. Sie k\u00f6nnen unserem Versanddienst auch ausgebaute Radh\u00e4user&hellip;&nbsp;<a href=\"https:\/\/rollentausch.eu\/en\/2-radrige-koffer\/\" class=\"\" rel=\"bookmark\">Read More &raquo;<span class=\"screen-reader-text\">2 wheel suitcases<\/span><\/a><\/p>","protected":false},"author":1,"featured_media":0,"parent":0,"menu_order":0,"comment_status":"closed","ping_status":"closed","template":"page-templates\/template-pagebuilder-full-width.php","meta":{"neve_meta_sidebar":"full-width","neve_meta_container":"","neve_meta_enable_content_width":"on","neve_meta_content_width":100,"neve_meta_title_alignment":"","neve_meta_author_avatar":"","neve_post_elements_order":"","neve_meta_disable_header":"","neve_meta_disable_footer":"","neve_meta_disable_title":"","footnotes":""},"class_list":["post-2937","page","type-page","status-publish","hentry"],"yoast_head":"<!-- This site is optimized with the Yoast SEO plugin v27.4 - https:\/\/yoast.com\/product\/yoast-seo-wordpress\/ -->\n<title>2-r\u00e4drige Koffer - Netzwerk Rollentausch<\/title>\n<meta name=\"description\" content=\"Koffer Rollen ersetzen, herstellerunabh\u00e4ngig. Hochwertige, kugelgelagerte Rollen, ab 22.- \u20ac, in 11 St\u00e4dten in DE und CH, und im Versand.\" \/>\n<meta name=\"robots\" content=\"index, follow, max-snippet:-1, max-image-preview:large, max-video-preview:-1\" \/>\n<link rel=\"canonical\" href=\"https:\/\/rollentausch.eu\/en\/2-radrige-koffer\/\" \/>\n<meta property=\"og:locale\" content=\"en_GB\" \/>\n<meta property=\"og:type\" content=\"article\" \/>\n<meta property=\"og:title\" content=\"2-r\u00e4drige Koffer - Netzwerk Rollentausch\" \/>\n<meta property=\"og:description\" content=\"Koffer Rollen ersetzen, herstellerunabh\u00e4ngig. Hochwertige, kugelgelagerte Rollen, ab 22.- \u20ac, in 11 St\u00e4dten in DE und CH, und im Versand.\" \/>\n<meta property=\"og:url\" content=\"https:\/\/rollentausch.eu\/en\/2-radrige-koffer\/\" \/>\n<meta property=\"og:site_name\" content=\"Netzwerk Rollentausch\" \/>\n<meta property=\"article:modified_time\" content=\"2024-12-18T10:32:23+00:00\" \/>\n<meta name=\"twitter:card\" content=\"summary_large_image\" \/>\n<meta name=\"twitter:label1\" content=\"Estimated reading time\" \/>\n\t<meta name=\"twitter:data1\" content=\"2 minutes\" \/>\n<script type=\"application\/ld+json\" class=\"yoast-schema-graph\">{\"@context\":\"https:\\\/\\\/schema.org\",\"@graph\":[{\"@type\":\"WebPage\",\"@id\":\"https:\\\/\\\/rollentausch.eu\\\/2-radrige-koffer\\\/\",\"url\":\"https:\\\/\\\/rollentausch.eu\\\/2-radrige-koffer\\\/\",\"name\":\"2-r\u00e4drige Koffer - Netzwerk Rollentausch\",\"isPartOf\":{\"@id\":\"https:\\\/\\\/rollentausch.eu\\\/#website\"},\"datePublished\":\"2024-10-25T10:59:33+00:00\",\"dateModified\":\"2024-12-18T10:32:23+00:00\",\"description\":\"Koffer Rollen ersetzen, herstellerunabh\u00e4ngig. Hochwertige, kugelgelagerte Rollen, ab 22.- \u20ac, in 11 St\u00e4dten in DE und CH, und im Versand.\",\"breadcrumb\":{\"@id\":\"https:\\\/\\\/rollentausch.eu\\\/2-radrige-koffer\\\/#breadcrumb\"},\"inLanguage\":\"en-GB\",\"potentialAction\":[{\"@type\":\"ReadAction\",\"target\":[\"https:\\\/\\\/rollentausch.eu\\\/2-radrige-koffer\\\/\"]}]},{\"@type\":\"BreadcrumbList\",\"@id\":\"https:\\\/\\\/rollentausch.eu\\\/2-radrige-koffer\\\/#breadcrumb\",\"itemListElement\":[{\"@type\":\"ListItem\",\"position\":1,\"name\":\"Home\",\"item\":\"https:\\\/\\\/rollentausch.eu\\\/\"},{\"@type\":\"ListItem\",\"position\":2,\"name\":\"2-r\u00e4drige Koffer\"}]},{\"@type\":\"WebSite\",\"@id\":\"https:\\\/\\\/rollentausch.eu\\\/#website\",\"url\":\"https:\\\/\\\/rollentausch.eu\\\/\",\"name\":\"Netzwerk Rollentausch\",\"description\":\"Eine Marke der KomponentenKontor Berlin GmbH\",\"publisher\":{\"@id\":\"https:\\\/\\\/rollentausch.eu\\\/#organization\"},\"potentialAction\":[{\"@type\":\"SearchAction\",\"target\":{\"@type\":\"EntryPoint\",\"urlTemplate\":\"https:\\\/\\\/rollentausch.eu\\\/?s={search_term_string}\"},\"query-input\":{\"@type\":\"PropertyValueSpecification\",\"valueRequired\":true,\"valueName\":\"search_term_string\"}}],\"inLanguage\":\"en-GB\"},{\"@type\":\"Organization\",\"@id\":\"https:\\\/\\\/rollentausch.eu\\\/#organization\",\"name\":\"Netzwerk Rollentausch\",\"url\":\"https:\\\/\\\/rollentausch.eu\\\/\",\"logo\":{\"@type\":\"ImageObject\",\"inLanguage\":\"en-GB\",\"@id\":\"https:\\\/\\\/rollentausch.eu\\\/#\\\/schema\\\/logo\\\/image\\\/\",\"url\":\"https:\\\/\\\/rollentausch.eu\\\/wp-content\\\/uploads\\\/2020\\\/05\\\/cropped-Rollentausch_200x145.png\",\"contentUrl\":\"https:\\\/\\\/rollentausch.eu\\\/wp-content\\\/uploads\\\/2020\\\/05\\\/cropped-Rollentausch_200x145.png\",\"width\":145,\"height\":200,\"caption\":\"Netzwerk Rollentausch\"},\"image\":{\"@id\":\"https:\\\/\\\/rollentausch.eu\\\/#\\\/schema\\\/logo\\\/image\\\/\"}}]}<\/script>\n<!-- \/ Yoast SEO plugin. -->","yoast_head_json":{"title":"2-r\u00e4drige Koffer - Netzwerk Rollentausch","description":"Koffer Rollen ersetzen, herstellerunabh\u00e4ngig. Hochwertige, kugelgelagerte Rollen, ab 22.- \u20ac, in 11 St\u00e4dten in DE und CH, und im Versand.","robots":{"index":"index","follow":"follow","max-snippet":"max-snippet:-1","max-image-preview":"max-image-preview:large","max-video-preview":"max-video-preview:-1"},"canonical":"https:\/\/rollentausch.eu\/en\/2-radrige-koffer\/","og_locale":"en_GB","og_type":"article","og_title":"2-r\u00e4drige Koffer - Netzwerk Rollentausch","og_description":"Koffer Rollen ersetzen, herstellerunabh\u00e4ngig. Hochwertige, kugelgelagerte Rollen, ab 22.- \u20ac, in 11 St\u00e4dten in DE und CH, und im Versand.","og_url":"https:\/\/rollentausch.eu\/en\/2-radrige-koffer\/","og_site_name":"Netzwerk Rollentausch","article_modified_time":"2024-12-18T10:32:23+00:00","twitter_card":"summary_large_image","twitter_misc":{"Estimated reading time":"2 minutes"},"schema":{"@context":"https:\/\/schema.org","@graph":[{"@type":"WebPage","@id":"https:\/\/rollentausch.eu\/2-radrige-koffer\/","url":"https:\/\/rollentausch.eu\/2-radrige-koffer\/","name":"2-r\u00e4drige Koffer - Netzwerk Rollentausch","isPartOf":{"@id":"https:\/\/rollentausch.eu\/#website"},"datePublished":"2024-10-25T10:59:33+00:00","dateModified":"2024-12-18T10:32:23+00:00","description":"Koffer Rollen ersetzen, herstellerunabh\u00e4ngig. Hochwertige, kugelgelagerte Rollen, ab 22.- \u20ac, in 11 St\u00e4dten in DE und CH, und im Versand.","breadcrumb":{"@id":"https:\/\/rollentausch.eu\/2-radrige-koffer\/#breadcrumb"},"inLanguage":"en-GB","potentialAction":[{"@type":"ReadAction","target":["https:\/\/rollentausch.eu\/2-radrige-koffer\/"]}]},{"@type":"BreadcrumbList","@id":"https:\/\/rollentausch.eu\/2-radrige-koffer\/#breadcrumb","itemListElement":[{"@type":"ListItem","position":1,"name":"Home","item":"https:\/\/rollentausch.eu\/"},{"@type":"ListItem","position":2,"name":"2-r\u00e4drige Koffer"}]},{"@type":"WebSite","@id":"https:\/\/rollentausch.eu\/#website","url":"https:\/\/rollentausch.eu\/","name":"Network for Wheels Replacement","description":"Eine Marke der KomponentenKontor Berlin GmbH","publisher":{"@id":"https:\/\/rollentausch.eu\/#organization"},"potentialAction":[{"@type":"SearchAction","target":{"@type":"EntryPoint","urlTemplate":"https:\/\/rollentausch.eu\/?s={search_term_string}"},"query-input":{"@type":"PropertyValueSpecification","valueRequired":true,"valueName":"search_term_string"}}],"inLanguage":"en-GB"},{"@type":"Organization","@id":"https:\/\/rollentausch.eu\/#organization","name":"Network for Wheels Replacement","url":"https:\/\/rollentausch.eu\/","logo":{"@type":"ImageObject","inLanguage":"en-GB","@id":"https:\/\/rollentausch.eu\/#\/schema\/logo\/image\/","url":"https:\/\/rollentausch.eu\/wp-content\/uploads\/2020\/05\/cropped-Rollentausch_200x145.png","contentUrl":"https:\/\/rollentausch.eu\/wp-content\/uploads\/2020\/05\/cropped-Rollentausch_200x145.png","width":145,"height":200,"caption":"Netzwerk Rollentausch"},"image":{"@id":"https:\/\/rollentausch.eu\/#\/schema\/logo\/image\/"}}]}},"_links":{"self":[{"href":"https:\/\/rollentausch.eu\/en\/wp-json\/wp\/v2\/pages\/2937","targetHints":{"allow":["GET"]}}],"collection":[{"href":"https:\/\/rollentausch.eu\/en\/wp-json\/wp\/v2\/pages"}],"about":[{"href":"https:\/\/rollentausch.eu\/en\/wp-json\/wp\/v2\/types\/page"}],"author":[{"embeddable":true,"href":"https:\/\/rollentausch.eu\/en\/wp-json\/wp\/v2\/users\/1"}],"replies":[{"embeddable":true,"href":"https:\/\/rollentausch.eu\/en\/wp-json\/wp\/v2\/comments?post=2937"}],"version-history":[{"count":0,"href":"https:\/\/rollentausch.eu\/en\/wp-json\/wp\/v2\/pages\/2937\/revisions"}],"wp:attachment":[{"href":"https:\/\/rollentausch.eu\/en\/wp-json\/wp\/v2\/media?parent=2937"}],"curies":[{"name":"wp","href":"https:\/\/api.w.org\/{rel}","templated":true}]}}