{"id":3024,"date":"2024-11-13T15:33:58","date_gmt":"2024-11-13T14:33:58","guid":{"rendered":"https:\/\/rollentausch.eu\/?page_id=3024"},"modified":"2024-11-13T16:00:08","modified_gmt":"2024-11-13T15:00:08","slug":"schadensgutachten","status":"publish","type":"page","link":"https:\/\/rollentausch.eu\/en\/schadensgutachten\/","title":{"rendered":"damage assessments"},"content":{"rendered":"<div data-elementor-type=\"wp-page\" data-elementor-id=\"3024\" class=\"elementor elementor-3024\">\n\t\t\t\t\t\t<section class=\"elementor-section elementor-top-section elementor-element elementor-element-d527a63 elementor-section-boxed elementor-section-height-default elementor-section-height-default\" data-id=\"d527a63\" data-element_type=\"section\" data-e-type=\"section\" data-settings=\"{&quot;background_background&quot;:&quot;classic&quot;}\">\n\t\t\t\t\t\t<div class=\"elementor-container elementor-column-gap-default\">\n\t\t\t\t\t<div class=\"elementor-column elementor-col-100 elementor-top-column elementor-element elementor-element-10d97d8\" data-id=\"10d97d8\" data-element_type=\"column\" data-e-type=\"column\">\n\t\t\t<div class=\"elementor-widget-wrap elementor-element-populated\">\n\t\t\t\t\t\t<section class=\"elementor-section elementor-inner-section elementor-element elementor-element-674fcb4 elementor-section-content-middle elementor-section-boxed elementor-section-height-default elementor-section-height-default\" data-id=\"674fcb4\" data-element_type=\"section\" data-e-type=\"section\" data-settings=\"{&quot;background_background&quot;:&quot;classic&quot;}\">\n\t\t\t\t\t\t<div class=\"elementor-container elementor-column-gap-default\">\n\t\t\t\t\t<div class=\"elementor-column elementor-col-100 elementor-inner-column elementor-element elementor-element-4fb2007\" data-id=\"4fb2007\" data-element_type=\"column\" data-e-type=\"column\">\n\t\t\t<div class=\"elementor-widget-wrap elementor-element-populated\">\n\t\t\t\t\t\t<div class=\"elementor-element elementor-element-327af63 elementor-widget elementor-widget-heading\" data-id=\"327af63\" data-element_type=\"widget\" data-e-type=\"widget\" data-widget_type=\"heading.default\">\n\t\t\t\t<div class=\"elementor-widget-container\">\n\t\t\t\t\t<h2 class=\"elementor-heading-title elementor-size-large\">damage assessments<\/h2>\t\t\t\t<\/div>\n\t\t\t\t<\/div>\n\t\t\t\t\t<\/div>\n\t\t<\/div>\n\t\t\t\t\t<\/div>\n\t\t<\/section>\n\t\t\t\t<section class=\"elementor-section elementor-inner-section elementor-element elementor-element-0fc12dc elementor-section-boxed elementor-section-height-default elementor-section-height-default\" data-id=\"0fc12dc\" data-element_type=\"section\" data-e-type=\"section\" data-settings=\"{&quot;background_background&quot;:&quot;classic&quot;}\">\n\t\t\t\t\t\t<div class=\"elementor-container elementor-column-gap-default\">\n\t\t\t\t\t<div class=\"elementor-column elementor-col-100 elementor-inner-column elementor-element elementor-element-025be6f\" data-id=\"025be6f\" data-element_type=\"column\" data-e-type=\"column\" data-settings=\"{&quot;background_background&quot;:&quot;classic&quot;}\">\n\t\t\t<div class=\"elementor-widget-wrap elementor-element-populated\">\n\t\t\t\t\t\t<div class=\"elementor-element elementor-element-058cf62 elementor-widget elementor-widget-text-editor\" data-id=\"058cf62\" data-element_type=\"widget\" data-e-type=\"widget\" data-widget_type=\"text-editor.default\">\n\t\t\t\t<div class=\"elementor-widget-container\">\n\t\t\t\t\t\t\t\t\t<p>We can do <strong>damage assessments <\/strong>in case of damage caused by airlines or other transporters on your luggage. The price for this is \u20ac 15.<\/p><p>Please send a rough description of damage including photos (taken from ~1m distance) to <a href=\"mailto:gutachten@rollentausch.eu?subject=Schadensgutachten\" target=\"_blank\" rel=\"noopener\">email damage assessment.<\/a> Execution is done by our network partner \u201eKatholischer M\u00e4nner-F\u00fcrsorgeverein M\u00fcnchen\u201c, they will reply.<\/p><p>Please take note:<\/p><ul><li>We stand for repair - please do not expect us to issue a certificate of non-repairability, if the suitcase still can reasonably be saved,<\/li><li>we do not trade in suitcases, so we do not know their new prices. We cannot provide information on the new or current value; if necessary, we will include your value details in the report.<\/li><\/ul>\t\t\t\t\t\t\t\t<\/div>\n\t\t\t\t<\/div>\n\t\t\t\t\t<\/div>\n\t\t<\/div>\n\t\t\t\t\t<\/div>\n\t\t<\/section>\n\t\t\t\t\t<\/div>\n\t\t<\/div>\n\t\t\t\t\t<\/div>\n\t\t<\/section>\n\t\t\t\t<\/div>","protected":false},"excerpt":{"rendered":"<p>Schadensgutachten Wir erstellen Schadensgutachten bei Sch\u00e4den, die Fluggesellschaften oder andere Transporteure an Ihrem Reisegep\u00e4ck angerichtet haben. Der Preis hierf\u00fcr betr\u00e4gt 15\u20ac. Bitte senden Sie eine grobe Schadensbeschreibung samt Photos (aufgenommen aus mindestens 0,5 -1m Abstand) an Email Schadensgutachten Die Ausf\u00fchrung \u00fcbernimmt unser Netzwerkpartner &#8222;Katholischer M\u00e4nner-F\u00fcrsorgeverein M\u00fcnchen&#8220;, Sie erhalten von dort Antwort. Bitte beachten Sie noch:&hellip;&nbsp;<a href=\"https:\/\/rollentausch.eu\/en\/schadensgutachten\/\" class=\"\" rel=\"bookmark\">Read More &raquo;<span class=\"screen-reader-text\">damage assessments<\/span><\/a><\/p>","protected":false},"author":1,"featured_media":0,"parent":0,"menu_order":0,"comment_status":"closed","ping_status":"closed","template":"page-templates\/template-pagebuilder-full-width.php","meta":{"neve_meta_sidebar":"full-width","neve_meta_container":"","neve_meta_enable_content_width":"on","neve_meta_content_width":100,"neve_meta_title_alignment":"","neve_meta_author_avatar":"","neve_post_elements_order":"","neve_meta_disable_header":"","neve_meta_disable_footer":"","neve_meta_disable_title":"","footnotes":""},"class_list":["post-3024","page","type-page","status-publish","hentry"],"yoast_head":"<!-- This site is optimized with the Yoast SEO plugin v27.5 - https:\/\/yoast.com\/product\/yoast-seo-wordpress\/ -->\n<title>Schadensgutachten - Netzwerk Rollentausch<\/title>\n<meta name=\"description\" content=\"Koffer Rollen ersetzen, herstellerunabh\u00e4ngig. Hochwertige, kugelgelagerte Rollen, ab 22.- \u20ac, in 11 St\u00e4dten in DE und CH, und im Versand.\" \/>\n<meta name=\"robots\" content=\"index, follow, max-snippet:-1, max-image-preview:large, max-video-preview:-1\" \/>\n<link rel=\"canonical\" href=\"https:\/\/rollentausch.eu\/en\/schadensgutachten\/\" \/>\n<meta property=\"og:locale\" content=\"en_GB\" \/>\n<meta property=\"og:type\" content=\"article\" \/>\n<meta property=\"og:title\" content=\"Schadensgutachten - Netzwerk Rollentausch\" \/>\n<meta property=\"og:description\" content=\"Koffer Rollen ersetzen, herstellerunabh\u00e4ngig. Hochwertige, kugelgelagerte Rollen, ab 22.- \u20ac, in 11 St\u00e4dten in DE und CH, und im Versand.\" \/>\n<meta property=\"og:url\" content=\"https:\/\/rollentausch.eu\/en\/schadensgutachten\/\" \/>\n<meta property=\"og:site_name\" content=\"Netzwerk Rollentausch\" \/>\n<meta property=\"article:modified_time\" content=\"2024-11-13T15:00:08+00:00\" \/>\n<meta name=\"twitter:card\" content=\"summary_large_image\" \/>\n<meta name=\"twitter:label1\" content=\"Estimated reading time\" \/>\n\t<meta name=\"twitter:data1\" content=\"1 minute\" \/>\n<script type=\"application\/ld+json\" class=\"yoast-schema-graph\">{\"@context\":\"https:\\\/\\\/schema.org\",\"@graph\":[{\"@type\":\"WebPage\",\"@id\":\"https:\\\/\\\/rollentausch.eu\\\/schadensgutachten\\\/\",\"url\":\"https:\\\/\\\/rollentausch.eu\\\/schadensgutachten\\\/\",\"name\":\"Schadensgutachten - Netzwerk Rollentausch\",\"isPartOf\":{\"@id\":\"https:\\\/\\\/rollentausch.eu\\\/#website\"},\"datePublished\":\"2024-11-13T14:33:58+00:00\",\"dateModified\":\"2024-11-13T15:00:08+00:00\",\"description\":\"Koffer Rollen ersetzen, herstellerunabh\u00e4ngig. Hochwertige, kugelgelagerte Rollen, ab 22.- \u20ac, in 11 St\u00e4dten in DE und CH, und im Versand.\",\"breadcrumb\":{\"@id\":\"https:\\\/\\\/rollentausch.eu\\\/schadensgutachten\\\/#breadcrumb\"},\"inLanguage\":\"en-GB\",\"potentialAction\":[{\"@type\":\"ReadAction\",\"target\":[\"https:\\\/\\\/rollentausch.eu\\\/schadensgutachten\\\/\"]}]},{\"@type\":\"BreadcrumbList\",\"@id\":\"https:\\\/\\\/rollentausch.eu\\\/schadensgutachten\\\/#breadcrumb\",\"itemListElement\":[{\"@type\":\"ListItem\",\"position\":1,\"name\":\"Home\",\"item\":\"https:\\\/\\\/rollentausch.eu\\\/\"},{\"@type\":\"ListItem\",\"position\":2,\"name\":\"Schadensgutachten\"}]},{\"@type\":\"WebSite\",\"@id\":\"https:\\\/\\\/rollentausch.eu\\\/#website\",\"url\":\"https:\\\/\\\/rollentausch.eu\\\/\",\"name\":\"Netzwerk Rollentausch\",\"description\":\"Eine Marke der KomponentenKontor Berlin GmbH\",\"publisher\":{\"@id\":\"https:\\\/\\\/rollentausch.eu\\\/#organization\"},\"potentialAction\":[{\"@type\":\"SearchAction\",\"target\":{\"@type\":\"EntryPoint\",\"urlTemplate\":\"https:\\\/\\\/rollentausch.eu\\\/?s={search_term_string}\"},\"query-input\":{\"@type\":\"PropertyValueSpecification\",\"valueRequired\":true,\"valueName\":\"search_term_string\"}}],\"inLanguage\":\"en-GB\"},{\"@type\":\"Organization\",\"@id\":\"https:\\\/\\\/rollentausch.eu\\\/#organization\",\"name\":\"Netzwerk Rollentausch\",\"url\":\"https:\\\/\\\/rollentausch.eu\\\/\",\"logo\":{\"@type\":\"ImageObject\",\"inLanguage\":\"en-GB\",\"@id\":\"https:\\\/\\\/rollentausch.eu\\\/#\\\/schema\\\/logo\\\/image\\\/\",\"url\":\"https:\\\/\\\/rollentausch.eu\\\/wp-content\\\/uploads\\\/2020\\\/05\\\/cropped-Rollentausch_200x145.png\",\"contentUrl\":\"https:\\\/\\\/rollentausch.eu\\\/wp-content\\\/uploads\\\/2020\\\/05\\\/cropped-Rollentausch_200x145.png\",\"width\":145,\"height\":200,\"caption\":\"Netzwerk Rollentausch\"},\"image\":{\"@id\":\"https:\\\/\\\/rollentausch.eu\\\/#\\\/schema\\\/logo\\\/image\\\/\"}}]}<\/script>\n<!-- \/ Yoast SEO plugin. -->","yoast_head_json":{"title":"Schadensgutachten - Netzwerk Rollentausch","description":"Koffer Rollen ersetzen, herstellerunabh\u00e4ngig. Hochwertige, kugelgelagerte Rollen, ab 22.- \u20ac, in 11 St\u00e4dten in DE und CH, und im Versand.","robots":{"index":"index","follow":"follow","max-snippet":"max-snippet:-1","max-image-preview":"max-image-preview:large","max-video-preview":"max-video-preview:-1"},"canonical":"https:\/\/rollentausch.eu\/en\/schadensgutachten\/","og_locale":"en_GB","og_type":"article","og_title":"Schadensgutachten - Netzwerk Rollentausch","og_description":"Koffer Rollen ersetzen, herstellerunabh\u00e4ngig. Hochwertige, kugelgelagerte Rollen, ab 22.- \u20ac, in 11 St\u00e4dten in DE und CH, und im Versand.","og_url":"https:\/\/rollentausch.eu\/en\/schadensgutachten\/","og_site_name":"Netzwerk Rollentausch","article_modified_time":"2024-11-13T15:00:08+00:00","twitter_card":"summary_large_image","twitter_misc":{"Estimated reading time":"1 minute"},"schema":{"@context":"https:\/\/schema.org","@graph":[{"@type":"WebPage","@id":"https:\/\/rollentausch.eu\/schadensgutachten\/","url":"https:\/\/rollentausch.eu\/schadensgutachten\/","name":"Schadensgutachten - Netzwerk Rollentausch","isPartOf":{"@id":"https:\/\/rollentausch.eu\/#website"},"datePublished":"2024-11-13T14:33:58+00:00","dateModified":"2024-11-13T15:00:08+00:00","description":"Koffer Rollen ersetzen, herstellerunabh\u00e4ngig. Hochwertige, kugelgelagerte Rollen, ab 22.- \u20ac, in 11 St\u00e4dten in DE und CH, und im Versand.","breadcrumb":{"@id":"https:\/\/rollentausch.eu\/schadensgutachten\/#breadcrumb"},"inLanguage":"en-GB","potentialAction":[{"@type":"ReadAction","target":["https:\/\/rollentausch.eu\/schadensgutachten\/"]}]},{"@type":"BreadcrumbList","@id":"https:\/\/rollentausch.eu\/schadensgutachten\/#breadcrumb","itemListElement":[{"@type":"ListItem","position":1,"name":"Home","item":"https:\/\/rollentausch.eu\/"},{"@type":"ListItem","position":2,"name":"Schadensgutachten"}]},{"@type":"WebSite","@id":"https:\/\/rollentausch.eu\/#website","url":"https:\/\/rollentausch.eu\/","name":"Network for Wheels Replacement","description":"Eine Marke der KomponentenKontor Berlin GmbH","publisher":{"@id":"https:\/\/rollentausch.eu\/#organization"},"potentialAction":[{"@type":"SearchAction","target":{"@type":"EntryPoint","urlTemplate":"https:\/\/rollentausch.eu\/?s={search_term_string}"},"query-input":{"@type":"PropertyValueSpecification","valueRequired":true,"valueName":"search_term_string"}}],"inLanguage":"en-GB"},{"@type":"Organization","@id":"https:\/\/rollentausch.eu\/#organization","name":"Network for Wheels Replacement","url":"https:\/\/rollentausch.eu\/","logo":{"@type":"ImageObject","inLanguage":"en-GB","@id":"https:\/\/rollentausch.eu\/#\/schema\/logo\/image\/","url":"https:\/\/rollentausch.eu\/wp-content\/uploads\/2020\/05\/cropped-Rollentausch_200x145.png","contentUrl":"https:\/\/rollentausch.eu\/wp-content\/uploads\/2020\/05\/cropped-Rollentausch_200x145.png","width":145,"height":200,"caption":"Netzwerk Rollentausch"},"image":{"@id":"https:\/\/rollentausch.eu\/#\/schema\/logo\/image\/"}}]}},"_links":{"self":[{"href":"https:\/\/rollentausch.eu\/en\/wp-json\/wp\/v2\/pages\/3024","targetHints":{"allow":["GET"]}}],"collection":[{"href":"https:\/\/rollentausch.eu\/en\/wp-json\/wp\/v2\/pages"}],"about":[{"href":"https:\/\/rollentausch.eu\/en\/wp-json\/wp\/v2\/types\/page"}],"author":[{"embeddable":true,"href":"https:\/\/rollentausch.eu\/en\/wp-json\/wp\/v2\/users\/1"}],"replies":[{"embeddable":true,"href":"https:\/\/rollentausch.eu\/en\/wp-json\/wp\/v2\/comments?post=3024"}],"version-history":[{"count":0,"href":"https:\/\/rollentausch.eu\/en\/wp-json\/wp\/v2\/pages\/3024\/revisions"}],"wp:attachment":[{"href":"https:\/\/rollentausch.eu\/en\/wp-json\/wp\/v2\/media?parent=3024"}],"curies":[{"name":"wp","href":"https:\/\/api.w.org\/{rel}","templated":true}]}}