{"id":3598,"date":"2026-04-11T14:28:13","date_gmt":"2026-04-11T12:28:13","guid":{"rendered":"https:\/\/rollentausch.eu\/?page_id=3598"},"modified":"2026-04-11T14:35:24","modified_gmt":"2026-04-11T12:35:24","slug":"marken","status":"publish","type":"page","link":"https:\/\/rollentausch.eu\/en\/marken\/","title":{"rendered":"Begriffe"},"content":{"rendered":"<div data-elementor-type=\"wp-page\" data-elementor-id=\"3598\" class=\"elementor elementor-3598\">\n\t\t\t\t\t\t<section class=\"elementor-section elementor-top-section elementor-element elementor-element-54e9a11 elementor-section-boxed elementor-section-height-default elementor-section-height-default\" data-id=\"54e9a11\" data-element_type=\"section\" data-e-type=\"section\">\n\t\t\t\t\t\t<div class=\"elementor-container elementor-column-gap-default\">\n\t\t\t\t\t<div class=\"elementor-column elementor-col-100 elementor-top-column elementor-element elementor-element-8bd169d\" data-id=\"8bd169d\" data-element_type=\"column\" data-e-type=\"column\">\n\t\t\t<div class=\"elementor-widget-wrap elementor-element-populated\">\n\t\t\t\t\t\t<div class=\"elementor-element elementor-element-c92e716 elementor-widget elementor-widget-heading\" data-id=\"c92e716\" data-element_type=\"widget\" data-e-type=\"widget\" data-widget_type=\"heading.default\">\n\t\t\t\t<div class=\"elementor-widget-container\">\n\t\t\t\t\t<h1 class=\"elementor-heading-title elementor-size-default\">Begriffe<\/h1>\t\t\t\t<\/div>\n\t\t\t\t<\/div>\n\t\t\t\t\t<\/div>\n\t\t<\/div>\n\t\t\t\t\t<\/div>\n\t\t<\/section>\n\t\t\t\t<section class=\"elementor-section elementor-top-section elementor-element elementor-element-20f4f2a elementor-section-boxed elementor-section-height-default elementor-section-height-default\" data-id=\"20f4f2a\" data-element_type=\"section\" data-e-type=\"section\">\n\t\t\t\t\t\t<div class=\"elementor-container elementor-column-gap-default\">\n\t\t\t\t\t<div class=\"elementor-column elementor-col-100 elementor-top-column elementor-element elementor-element-e02f75c\" data-id=\"e02f75c\" data-element_type=\"column\" data-e-type=\"column\">\n\t\t\t<div class=\"elementor-widget-wrap elementor-element-populated\">\n\t\t\t\t\t\t<div class=\"elementor-element elementor-element-e7c4046 elementor-widget elementor-widget-text-editor\" data-id=\"e7c4046\" data-element_type=\"widget\" data-e-type=\"widget\" data-widget_type=\"text-editor.default\">\n\t\t\t\t<div class=\"elementor-widget-container\">\n\t\t\t\t\t\t\t\t\t<p>Wenn Sie uns schreiben ist es n\u00fctzlich, wenn wir uns \u00fcber Begriffe einig sind. Leider gibt es keine einheitliche Terminologie f\u00fcr Kofferteile. Hier finden Sie die Begriffe, die wir verwenden.<\/p>\t\t\t\t\t\t\t\t<\/div>\n\t\t\t\t<\/div>\n\t\t\t\t\t<\/div>\n\t\t<\/div>\n\t\t\t\t\t<\/div>\n\t\t<\/section>\n\t\t\t\t<section class=\"elementor-section elementor-top-section elementor-element elementor-element-fbdb356 elementor-section-boxed elementor-section-height-default elementor-section-height-default\" data-id=\"fbdb356\" data-element_type=\"section\" data-e-type=\"section\">\n\t\t\t\t\t\t<div class=\"elementor-container elementor-column-gap-default\">\n\t\t\t\t\t<div class=\"elementor-column elementor-col-100 elementor-top-column elementor-element elementor-element-74fbf4a\" data-id=\"74fbf4a\" data-element_type=\"column\" data-e-type=\"column\">\n\t\t\t<div class=\"elementor-widget-wrap elementor-element-populated\">\n\t\t\t\t\t\t<div class=\"elementor-element elementor-element-27bae59 elementor-widget elementor-widget-spacer\" data-id=\"27bae59\" data-element_type=\"widget\" data-e-type=\"widget\" data-widget_type=\"spacer.default\">\n\t\t\t\t<div class=\"elementor-widget-container\">\n\t\t\t\t\t\t\t<div class=\"elementor-spacer\">\n\t\t\t<div class=\"elementor-spacer-inner\"><\/div>\n\t\t<\/div>\n\t\t\t\t\t\t<\/div>\n\t\t\t\t<\/div>\n\t\t\t\t\t<\/div>\n\t\t<\/div>\n\t\t\t\t\t<\/div>\n\t\t<\/section>\n\t\t\t\t<section class=\"elementor-section elementor-top-section elementor-element elementor-element-4779c7f elementor-section-boxed elementor-section-height-default elementor-section-height-default\" data-id=\"4779c7f\" data-element_type=\"section\" data-e-type=\"section\">\n\t\t\t\t\t\t<div class=\"elementor-container elementor-column-gap-default\">\n\t\t\t\t\t<div class=\"elementor-column elementor-col-100 elementor-top-column elementor-element elementor-element-14ff4df\" data-id=\"14ff4df\" data-element_type=\"column\" data-e-type=\"column\">\n\t\t\t<div class=\"elementor-widget-wrap elementor-element-populated\">\n\t\t\t\t\t\t<div class=\"elementor-element elementor-element-447a63f elementor-widget elementor-widget-heading\" data-id=\"447a63f\" data-element_type=\"widget\" data-e-type=\"widget\" data-widget_type=\"heading.default\">\n\t\t\t\t<div class=\"elementor-widget-container\">\n\t\t\t\t\t<h2 class=\"elementor-heading-title elementor-size-default\">Rads\u00e4tze, 4-r\u00e4driger Koffer:<\/h2>\t\t\t\t<\/div>\n\t\t\t\t<\/div>\n\t\t\t\t\t<\/div>\n\t\t<\/div>\n\t\t\t\t\t<\/div>\n\t\t<\/section>\n\t\t\t\t<section class=\"elementor-section elementor-top-section elementor-element elementor-element-fac76b0 elementor-section-boxed elementor-section-height-default elementor-section-height-default\" data-id=\"fac76b0\" data-element_type=\"section\" data-e-type=\"section\">\n\t\t\t\t\t\t<div class=\"elementor-container elementor-column-gap-default\">\n\t\t\t\t\t<div class=\"elementor-column elementor-col-100 elementor-top-column elementor-element elementor-element-d1908bd\" data-id=\"d1908bd\" data-element_type=\"column\" data-e-type=\"column\">\n\t\t\t<div class=\"elementor-widget-wrap elementor-element-populated\">\n\t\t\t\t\t\t<div class=\"elementor-element elementor-element-2d5d5f0 elementor-widget elementor-widget-image\" data-id=\"2d5d5f0\" data-element_type=\"widget\" data-e-type=\"widget\" data-widget_type=\"image.default\">\n\t\t\t\t<div class=\"elementor-widget-container\">\n\t\t\t\t\t\t\t\t\t\t\t\t\t\t\t<img fetchpriority=\"high\" decoding=\"async\" width=\"800\" height=\"788\" src=\"https:\/\/rollentausch.eu\/wp-content\/uploads\/2026\/04\/Nomenklatur-Radsatz-4r.png\" class=\"attachment-full size-full wp-image-3599\" alt=\"\" srcset=\"https:\/\/rollentausch.eu\/wp-content\/uploads\/2026\/04\/Nomenklatur-Radsatz-4r.png 800w, https:\/\/rollentausch.eu\/wp-content\/uploads\/2026\/04\/Nomenklatur-Radsatz-4r-200x197.png 200w, https:\/\/rollentausch.eu\/wp-content\/uploads\/2026\/04\/Nomenklatur-Radsatz-4r-300x296.png 300w, https:\/\/rollentausch.eu\/wp-content\/uploads\/2026\/04\/Nomenklatur-Radsatz-4r-100x100.png 100w, https:\/\/rollentausch.eu\/wp-content\/uploads\/2026\/04\/Nomenklatur-Radsatz-4r-768x756.png 768w, https:\/\/rollentausch.eu\/wp-content\/uploads\/2026\/04\/Nomenklatur-Radsatz-4r-12x12.png 12w\" sizes=\"(max-width: 800px) 100vw, 800px\" \/>\t\t\t\t\t\t\t\t\t\t\t\t\t\t\t<\/div>\n\t\t\t\t<\/div>\n\t\t\t\t\t<\/div>\n\t\t<\/div>\n\t\t\t\t\t<\/div>\n\t\t<\/section>\n\t\t\t\t<section class=\"elementor-section elementor-top-section elementor-element elementor-element-6f4a4c8 elementor-section-boxed elementor-section-height-default elementor-section-height-default\" data-id=\"6f4a4c8\" data-element_type=\"section\" data-e-type=\"section\">\n\t\t\t\t\t\t<div class=\"elementor-container elementor-column-gap-default\">\n\t\t\t\t\t<div class=\"elementor-column elementor-col-100 elementor-top-column elementor-element elementor-element-def4f96\" data-id=\"def4f96\" data-element_type=\"column\" data-e-type=\"column\">\n\t\t\t<div class=\"elementor-widget-wrap elementor-element-populated\">\n\t\t\t\t\t\t<div class=\"elementor-element elementor-element-b65b8be elementor-widget elementor-widget-spacer\" data-id=\"b65b8be\" data-element_type=\"widget\" data-e-type=\"widget\" data-widget_type=\"spacer.default\">\n\t\t\t\t<div class=\"elementor-widget-container\">\n\t\t\t\t\t\t\t<div class=\"elementor-spacer\">\n\t\t\t<div class=\"elementor-spacer-inner\"><\/div>\n\t\t<\/div>\n\t\t\t\t\t\t<\/div>\n\t\t\t\t<\/div>\n\t\t\t\t\t<\/div>\n\t\t<\/div>\n\t\t\t\t\t<\/div>\n\t\t<\/section>\n\t\t\t\t<section class=\"elementor-section elementor-top-section elementor-element elementor-element-b6f6030 elementor-section-boxed elementor-section-height-default elementor-section-height-default\" data-id=\"b6f6030\" data-element_type=\"section\" data-e-type=\"section\">\n\t\t\t\t\t\t<div class=\"elementor-container elementor-column-gap-default\">\n\t\t\t\t\t<div class=\"elementor-column elementor-col-100 elementor-top-column elementor-element elementor-element-c0636a7\" data-id=\"c0636a7\" data-element_type=\"column\" data-e-type=\"column\">\n\t\t\t<div class=\"elementor-widget-wrap elementor-element-populated\">\n\t\t\t\t\t\t<div class=\"elementor-element elementor-element-7b4c5a9 elementor-widget elementor-widget-heading\" data-id=\"7b4c5a9\" data-element_type=\"widget\" data-e-type=\"widget\" data-widget_type=\"heading.default\">\n\t\t\t\t<div class=\"elementor-widget-container\">\n\t\t\t\t\t<h2 class=\"elementor-heading-title elementor-size-default\">Teleskopgest\u00e4nge<\/h2>\t\t\t\t<\/div>\n\t\t\t\t<\/div>\n\t\t\t\t\t<\/div>\n\t\t<\/div>\n\t\t\t\t\t<\/div>\n\t\t<\/section>\n\t\t\t\t<section class=\"elementor-section elementor-top-section elementor-element elementor-element-9cf7bf6 elementor-section-boxed elementor-section-height-default elementor-section-height-default\" data-id=\"9cf7bf6\" data-element_type=\"section\" data-e-type=\"section\">\n\t\t\t\t\t\t<div class=\"elementor-container elementor-column-gap-default\">\n\t\t\t\t\t<div class=\"elementor-column elementor-col-100 elementor-top-column elementor-element elementor-element-8ebc9bb\" data-id=\"8ebc9bb\" data-element_type=\"column\" data-e-type=\"column\">\n\t\t\t<div class=\"elementor-widget-wrap\">\n\t\t\t\t\t\t\t<\/div>\n\t\t<\/div>\n\t\t\t\t\t<\/div>\n\t\t<\/section>\n\t\t\t\t<section class=\"elementor-section elementor-top-section elementor-element elementor-element-751f783 elementor-section-boxed elementor-section-height-default elementor-section-height-default\" data-id=\"751f783\" data-element_type=\"section\" data-e-type=\"section\">\n\t\t\t\t\t\t<div class=\"elementor-container elementor-column-gap-default\">\n\t\t\t\t\t<div class=\"elementor-column elementor-col-100 elementor-top-column elementor-element elementor-element-8028135\" data-id=\"8028135\" data-element_type=\"column\" data-e-type=\"column\">\n\t\t\t<div class=\"elementor-widget-wrap elementor-element-populated\">\n\t\t\t\t\t\t<div class=\"elementor-element elementor-element-2098879 elementor-widget elementor-widget-image\" data-id=\"2098879\" data-element_type=\"widget\" data-e-type=\"widget\" data-widget_type=\"image.default\">\n\t\t\t\t<div class=\"elementor-widget-container\">\n\t\t\t\t\t\t\t\t\t\t\t\t\t\t\t<img decoding=\"async\" width=\"800\" height=\"600\" src=\"https:\/\/rollentausch.eu\/wp-content\/uploads\/2026\/04\/Nomenklatur-Teleskopgestaenge.png\" class=\"attachment-full size-full wp-image-3601\" alt=\"\" srcset=\"https:\/\/rollentausch.eu\/wp-content\/uploads\/2026\/04\/Nomenklatur-Teleskopgestaenge.png 800w, https:\/\/rollentausch.eu\/wp-content\/uploads\/2026\/04\/Nomenklatur-Teleskopgestaenge-200x150.png 200w, https:\/\/rollentausch.eu\/wp-content\/uploads\/2026\/04\/Nomenklatur-Teleskopgestaenge-300x225.png 300w, https:\/\/rollentausch.eu\/wp-content\/uploads\/2026\/04\/Nomenklatur-Teleskopgestaenge-768x576.png 768w, https:\/\/rollentausch.eu\/wp-content\/uploads\/2026\/04\/Nomenklatur-Teleskopgestaenge-16x12.png 16w\" sizes=\"(max-width: 800px) 100vw, 800px\" \/>\t\t\t\t\t\t\t\t\t\t\t\t\t\t\t<\/div>\n\t\t\t\t<\/div>\n\t\t\t\t\t<\/div>\n\t\t<\/div>\n\t\t\t\t\t<\/div>\n\t\t<\/section>\n\t\t\t\t<section class=\"elementor-section elementor-top-section elementor-element elementor-element-2be8661 elementor-section-boxed elementor-section-height-default elementor-section-height-default\" data-id=\"2be8661\" data-element_type=\"section\" data-e-type=\"section\">\n\t\t\t\t\t\t<div class=\"elementor-container elementor-column-gap-default\">\n\t\t\t\t\t<div class=\"elementor-column elementor-col-100 elementor-top-column elementor-element elementor-element-a6d78d4\" data-id=\"a6d78d4\" data-element_type=\"column\" data-e-type=\"column\">\n\t\t\t<div class=\"elementor-widget-wrap elementor-element-populated\">\n\t\t\t\t\t\t<div class=\"elementor-element elementor-element-5def3dc elementor-widget elementor-widget-spacer\" data-id=\"5def3dc\" data-element_type=\"widget\" data-e-type=\"widget\" data-widget_type=\"spacer.default\">\n\t\t\t\t<div class=\"elementor-widget-container\">\n\t\t\t\t\t\t\t<div class=\"elementor-spacer\">\n\t\t\t<div class=\"elementor-spacer-inner\"><\/div>\n\t\t<\/div>\n\t\t\t\t\t\t<\/div>\n\t\t\t\t<\/div>\n\t\t\t\t\t<\/div>\n\t\t<\/div>\n\t\t\t\t\t<\/div>\n\t\t<\/section>\n\t\t\t\t<section class=\"elementor-section elementor-top-section elementor-element elementor-element-cd34282 elementor-section-boxed elementor-section-height-default elementor-section-height-default\" data-id=\"cd34282\" data-element_type=\"section\" data-e-type=\"section\">\n\t\t\t\t\t\t<div class=\"elementor-container elementor-column-gap-default\">\n\t\t\t\t\t<div class=\"elementor-column elementor-col-100 elementor-top-column elementor-element elementor-element-2f2a93e\" data-id=\"2f2a93e\" data-element_type=\"column\" data-e-type=\"column\">\n\t\t\t<div class=\"elementor-widget-wrap elementor-element-populated\">\n\t\t\t\t\t\t<div class=\"elementor-element elementor-element-d853c43 elementor-widget elementor-widget-heading\" data-id=\"d853c43\" data-element_type=\"widget\" data-e-type=\"widget\" data-widget_type=\"heading.default\">\n\t\t\t\t<div class=\"elementor-widget-container\">\n\t\t\t\t\t<h2 class=\"elementor-heading-title elementor-size-default\">Teleskopgest\u00e4nge, Sperrmechanismus:<\/h2>\t\t\t\t<\/div>\n\t\t\t\t<\/div>\n\t\t\t\t\t<\/div>\n\t\t<\/div>\n\t\t\t\t\t<\/div>\n\t\t<\/section>\n\t\t\t\t<section class=\"elementor-section elementor-top-section elementor-element elementor-element-e725c0a elementor-section-boxed elementor-section-height-default elementor-section-height-default\" data-id=\"e725c0a\" data-element_type=\"section\" data-e-type=\"section\">\n\t\t\t\t\t\t<div class=\"elementor-container elementor-column-gap-default\">\n\t\t\t\t\t<div class=\"elementor-column elementor-col-100 elementor-top-column elementor-element elementor-element-e542ed4\" data-id=\"e542ed4\" data-element_type=\"column\" data-e-type=\"column\">\n\t\t\t<div class=\"elementor-widget-wrap elementor-element-populated\">\n\t\t\t\t\t\t<div class=\"elementor-element elementor-element-515794a elementor-widget elementor-widget-image\" data-id=\"515794a\" data-element_type=\"widget\" data-e-type=\"widget\" data-widget_type=\"image.default\">\n\t\t\t\t<div class=\"elementor-widget-container\">\n\t\t\t\t\t\t\t\t\t\t\t\t\t\t\t<img decoding=\"async\" width=\"800\" height=\"527\" src=\"https:\/\/rollentausch.eu\/wp-content\/uploads\/2026\/04\/Nomenklatur-GleitstueckTeile.png\" class=\"attachment-full size-full wp-image-3600\" alt=\"\" srcset=\"https:\/\/rollentausch.eu\/wp-content\/uploads\/2026\/04\/Nomenklatur-GleitstueckTeile.png 800w, https:\/\/rollentausch.eu\/wp-content\/uploads\/2026\/04\/Nomenklatur-GleitstueckTeile-200x132.png 200w, https:\/\/rollentausch.eu\/wp-content\/uploads\/2026\/04\/Nomenklatur-GleitstueckTeile-300x198.png 300w, https:\/\/rollentausch.eu\/wp-content\/uploads\/2026\/04\/Nomenklatur-GleitstueckTeile-768x506.png 768w, https:\/\/rollentausch.eu\/wp-content\/uploads\/2026\/04\/Nomenklatur-GleitstueckTeile-18x12.png 18w\" sizes=\"(max-width: 800px) 100vw, 800px\" \/>\t\t\t\t\t\t\t\t\t\t\t\t\t\t\t<\/div>\n\t\t\t\t<\/div>\n\t\t\t\t\t<\/div>\n\t\t<\/div>\n\t\t\t\t\t<\/div>\n\t\t<\/section>\n\t\t\t\t<\/div>","protected":false},"excerpt":{"rendered":"<p>Begriffe Wenn Sie uns schreiben ist es n\u00fctzlich, wenn wir uns \u00fcber Begriffe einig sind. Leider gibt es keine einheitliche Terminologie f\u00fcr Kofferteile. Hier finden Sie die Begriffe, die wir verwenden. Rads\u00e4tze, 4-r\u00e4driger Koffer: Teleskopgest\u00e4nge Teleskopgest\u00e4nge, Sperrmechanismus:<\/p>","protected":false},"author":1,"featured_media":0,"parent":0,"menu_order":0,"comment_status":"closed","ping_status":"closed","template":"page-templates\/template-pagebuilder-full-width.php","meta":{"neve_meta_sidebar":"","neve_meta_container":"","neve_meta_enable_content_width":"off","neve_meta_content_width":0,"neve_meta_title_alignment":"","neve_meta_author_avatar":"","neve_post_elements_order":"","neve_meta_disable_header":"","neve_meta_disable_footer":"","neve_meta_disable_title":"","footnotes":""},"class_list":["post-3598","page","type-page","status-publish","hentry"],"yoast_head":"<!-- This site is optimized with the Yoast SEO plugin v27.4 - https:\/\/yoast.com\/product\/yoast-seo-wordpress\/ -->\n<title>Wir tauschen Rollen von Koffern aller Marken !<\/title>\n<meta name=\"description\" content=\"Samsonite, Titan, Stratic, Saxoline, Travelite, Premium Luggage, Delsey, Fabrizio, oder no name? Egal! Auch Koffer alter Serien sind uns willkommen.\" \/>\n<meta name=\"robots\" content=\"index, follow, max-snippet:-1, max-image-preview:large, max-video-preview:-1\" \/>\n<link rel=\"canonical\" href=\"https:\/\/rollentausch.eu\/en\/marken\/\" \/>\n<meta property=\"og:locale\" content=\"en_GB\" \/>\n<meta property=\"og:type\" content=\"article\" \/>\n<meta property=\"og:title\" content=\"Wir tauschen Rollen von Koffern aller Marken !\" \/>\n<meta property=\"og:description\" content=\"Samsonite, Titan, Stratic, Saxoline, Travelite, Premium Luggage, Delsey, Fabrizio, oder no name? Egal! Auch Koffer alter Serien sind uns willkommen.\" \/>\n<meta property=\"og:url\" content=\"https:\/\/rollentausch.eu\/en\/marken\/\" \/>\n<meta property=\"og:site_name\" content=\"Netzwerk Rollentausch\" \/>\n<meta property=\"article:modified_time\" content=\"2026-04-11T12:35:24+00:00\" \/>\n<meta property=\"og:image\" content=\"https:\/\/rollentausch.eu\/wp-content\/uploads\/2026\/04\/Nomenklatur-Radsatz-4r.png\" \/>\n<meta name=\"twitter:card\" content=\"summary_large_image\" \/>\n<meta name=\"twitter:label1\" content=\"Estimated reading time\" \/>\n\t<meta name=\"twitter:data1\" content=\"1 minute\" \/>\n<script type=\"application\/ld+json\" class=\"yoast-schema-graph\">{\"@context\":\"https:\\\/\\\/schema.org\",\"@graph\":[{\"@type\":\"WebPage\",\"@id\":\"https:\\\/\\\/rollentausch.eu\\\/marken\\\/\",\"url\":\"https:\\\/\\\/rollentausch.eu\\\/marken\\\/\",\"name\":\"Wir tauschen Rollen von Koffern aller Marken !\",\"isPartOf\":{\"@id\":\"https:\\\/\\\/rollentausch.eu\\\/#website\"},\"primaryImageOfPage\":{\"@id\":\"https:\\\/\\\/rollentausch.eu\\\/marken\\\/#primaryimage\"},\"image\":{\"@id\":\"https:\\\/\\\/rollentausch.eu\\\/marken\\\/#primaryimage\"},\"thumbnailUrl\":\"https:\\\/\\\/rollentausch.eu\\\/wp-content\\\/uploads\\\/2026\\\/04\\\/Nomenklatur-Radsatz-4r.png\",\"datePublished\":\"2026-04-11T12:28:13+00:00\",\"dateModified\":\"2026-04-11T12:35:24+00:00\",\"description\":\"Samsonite, Titan, Stratic, Saxoline, Travelite, Premium Luggage, Delsey, Fabrizio, oder no name? Egal! Auch Koffer alter Serien sind uns willkommen.\",\"breadcrumb\":{\"@id\":\"https:\\\/\\\/rollentausch.eu\\\/marken\\\/#breadcrumb\"},\"inLanguage\":\"en-GB\",\"potentialAction\":[{\"@type\":\"ReadAction\",\"target\":[\"https:\\\/\\\/rollentausch.eu\\\/marken\\\/\"]}]},{\"@type\":\"ImageObject\",\"inLanguage\":\"en-GB\",\"@id\":\"https:\\\/\\\/rollentausch.eu\\\/marken\\\/#primaryimage\",\"url\":\"https:\\\/\\\/rollentausch.eu\\\/wp-content\\\/uploads\\\/2026\\\/04\\\/Nomenklatur-Radsatz-4r.png\",\"contentUrl\":\"https:\\\/\\\/rollentausch.eu\\\/wp-content\\\/uploads\\\/2026\\\/04\\\/Nomenklatur-Radsatz-4r.png\"},{\"@type\":\"BreadcrumbList\",\"@id\":\"https:\\\/\\\/rollentausch.eu\\\/marken\\\/#breadcrumb\",\"itemListElement\":[{\"@type\":\"ListItem\",\"position\":1,\"name\":\"Home\",\"item\":\"https:\\\/\\\/rollentausch.eu\\\/\"},{\"@type\":\"ListItem\",\"position\":2,\"name\":\"Begriffe\"}]},{\"@type\":\"WebSite\",\"@id\":\"https:\\\/\\\/rollentausch.eu\\\/#website\",\"url\":\"https:\\\/\\\/rollentausch.eu\\\/\",\"name\":\"Netzwerk Rollentausch\",\"description\":\"Eine Marke der KomponentenKontor Berlin GmbH\",\"publisher\":{\"@id\":\"https:\\\/\\\/rollentausch.eu\\\/#organization\"},\"potentialAction\":[{\"@type\":\"SearchAction\",\"target\":{\"@type\":\"EntryPoint\",\"urlTemplate\":\"https:\\\/\\\/rollentausch.eu\\\/?s={search_term_string}\"},\"query-input\":{\"@type\":\"PropertyValueSpecification\",\"valueRequired\":true,\"valueName\":\"search_term_string\"}}],\"inLanguage\":\"en-GB\"},{\"@type\":\"Organization\",\"@id\":\"https:\\\/\\\/rollentausch.eu\\\/#organization\",\"name\":\"Netzwerk Rollentausch\",\"url\":\"https:\\\/\\\/rollentausch.eu\\\/\",\"logo\":{\"@type\":\"ImageObject\",\"inLanguage\":\"en-GB\",\"@id\":\"https:\\\/\\\/rollentausch.eu\\\/#\\\/schema\\\/logo\\\/image\\\/\",\"url\":\"https:\\\/\\\/rollentausch.eu\\\/wp-content\\\/uploads\\\/2020\\\/05\\\/cropped-Rollentausch_200x145.png\",\"contentUrl\":\"https:\\\/\\\/rollentausch.eu\\\/wp-content\\\/uploads\\\/2020\\\/05\\\/cropped-Rollentausch_200x145.png\",\"width\":145,\"height\":200,\"caption\":\"Netzwerk Rollentausch\"},\"image\":{\"@id\":\"https:\\\/\\\/rollentausch.eu\\\/#\\\/schema\\\/logo\\\/image\\\/\"}}]}<\/script>\n<!-- \/ Yoast SEO plugin. -->","yoast_head_json":{"title":"Wir tauschen Rollen von Koffern aller Marken !","description":"Samsonite, Titan, Stratic, Saxoline, Travelite, Premium Luggage, Delsey, Fabrizio, oder no name? Egal! Auch Koffer alter Serien sind uns willkommen.","robots":{"index":"index","follow":"follow","max-snippet":"max-snippet:-1","max-image-preview":"max-image-preview:large","max-video-preview":"max-video-preview:-1"},"canonical":"https:\/\/rollentausch.eu\/en\/marken\/","og_locale":"en_GB","og_type":"article","og_title":"Wir tauschen Rollen von Koffern aller Marken !","og_description":"Samsonite, Titan, Stratic, Saxoline, Travelite, Premium Luggage, Delsey, Fabrizio, oder no name? Egal! Auch Koffer alter Serien sind uns willkommen.","og_url":"https:\/\/rollentausch.eu\/en\/marken\/","og_site_name":"Netzwerk Rollentausch","article_modified_time":"2026-04-11T12:35:24+00:00","og_image":[{"url":"https:\/\/rollentausch.eu\/wp-content\/uploads\/2026\/04\/Nomenklatur-Radsatz-4r.png","type":"","width":"","height":""}],"twitter_card":"summary_large_image","twitter_misc":{"Estimated reading time":"1 minute"},"schema":{"@context":"https:\/\/schema.org","@graph":[{"@type":"WebPage","@id":"https:\/\/rollentausch.eu\/marken\/","url":"https:\/\/rollentausch.eu\/marken\/","name":"Wir tauschen Rollen von Koffern aller Marken !","isPartOf":{"@id":"https:\/\/rollentausch.eu\/#website"},"primaryImageOfPage":{"@id":"https:\/\/rollentausch.eu\/marken\/#primaryimage"},"image":{"@id":"https:\/\/rollentausch.eu\/marken\/#primaryimage"},"thumbnailUrl":"https:\/\/rollentausch.eu\/wp-content\/uploads\/2026\/04\/Nomenklatur-Radsatz-4r.png","datePublished":"2026-04-11T12:28:13+00:00","dateModified":"2026-04-11T12:35:24+00:00","description":"Samsonite, Titan, Stratic, Saxoline, Travelite, Premium Luggage, Delsey, Fabrizio, oder no name? Egal! Auch Koffer alter Serien sind uns willkommen.","breadcrumb":{"@id":"https:\/\/rollentausch.eu\/marken\/#breadcrumb"},"inLanguage":"en-GB","potentialAction":[{"@type":"ReadAction","target":["https:\/\/rollentausch.eu\/marken\/"]}]},{"@type":"ImageObject","inLanguage":"en-GB","@id":"https:\/\/rollentausch.eu\/marken\/#primaryimage","url":"https:\/\/rollentausch.eu\/wp-content\/uploads\/2026\/04\/Nomenklatur-Radsatz-4r.png","contentUrl":"https:\/\/rollentausch.eu\/wp-content\/uploads\/2026\/04\/Nomenklatur-Radsatz-4r.png"},{"@type":"BreadcrumbList","@id":"https:\/\/rollentausch.eu\/marken\/#breadcrumb","itemListElement":[{"@type":"ListItem","position":1,"name":"Home","item":"https:\/\/rollentausch.eu\/"},{"@type":"ListItem","position":2,"name":"Begriffe"}]},{"@type":"WebSite","@id":"https:\/\/rollentausch.eu\/#website","url":"https:\/\/rollentausch.eu\/","name":"Network for Wheels Replacement","description":"Eine Marke der KomponentenKontor Berlin GmbH","publisher":{"@id":"https:\/\/rollentausch.eu\/#organization"},"potentialAction":[{"@type":"SearchAction","target":{"@type":"EntryPoint","urlTemplate":"https:\/\/rollentausch.eu\/?s={search_term_string}"},"query-input":{"@type":"PropertyValueSpecification","valueRequired":true,"valueName":"search_term_string"}}],"inLanguage":"en-GB"},{"@type":"Organization","@id":"https:\/\/rollentausch.eu\/#organization","name":"Network for Wheels Replacement","url":"https:\/\/rollentausch.eu\/","logo":{"@type":"ImageObject","inLanguage":"en-GB","@id":"https:\/\/rollentausch.eu\/#\/schema\/logo\/image\/","url":"https:\/\/rollentausch.eu\/wp-content\/uploads\/2020\/05\/cropped-Rollentausch_200x145.png","contentUrl":"https:\/\/rollentausch.eu\/wp-content\/uploads\/2020\/05\/cropped-Rollentausch_200x145.png","width":145,"height":200,"caption":"Netzwerk Rollentausch"},"image":{"@id":"https:\/\/rollentausch.eu\/#\/schema\/logo\/image\/"}}]}},"_links":{"self":[{"href":"https:\/\/rollentausch.eu\/en\/wp-json\/wp\/v2\/pages\/3598","targetHints":{"allow":["GET"]}}],"collection":[{"href":"https:\/\/rollentausch.eu\/en\/wp-json\/wp\/v2\/pages"}],"about":[{"href":"https:\/\/rollentausch.eu\/en\/wp-json\/wp\/v2\/types\/page"}],"author":[{"embeddable":true,"href":"https:\/\/rollentausch.eu\/en\/wp-json\/wp\/v2\/users\/1"}],"replies":[{"embeddable":true,"href":"https:\/\/rollentausch.eu\/en\/wp-json\/wp\/v2\/comments?post=3598"}],"version-history":[{"count":13,"href":"https:\/\/rollentausch.eu\/en\/wp-json\/wp\/v2\/pages\/3598\/revisions"}],"predecessor-version":[{"id":3618,"href":"https:\/\/rollentausch.eu\/en\/wp-json\/wp\/v2\/pages\/3598\/revisions\/3618"}],"wp:attachment":[{"href":"https:\/\/rollentausch.eu\/en\/wp-json\/wp\/v2\/media?parent=3598"}],"curies":[{"name":"wp","href":"https:\/\/api.w.org\/{rel}","templated":true}]}}